{"id":40,"date":"2016-12-11T14:57:50","date_gmt":"2016-12-11T13:57:50","guid":{"rendered":"https:\/\/easytaxischiphol.nl\/?page_id=40"},"modified":"2017-11-07T21:06:44","modified_gmt":"2017-11-07T20:06:44","slug":"bedrijven","status":"publish","type":"page","link":"https:\/\/easytaxischiphol.nl\/zh\/bedrijven\/","title":{"rendered":"Bedrijven"},"content":{"rendered":"<p><\/p>\n<div class=\"col-md-5\" style=\"margin-top: -15px;\">\u00c2\u00a0[contact-form-7 id=&#8221;57&#8243; title=&#8221;Bedrijven contactformulier&#8221;]<\/div>\n<div class=\"col-md-7\">\n<p>EasyTaxiSchiphol\u00e5\u00b7\u00b2\u00e7\u00b6\u201c\u00e5\u00bb\u00ba\u00e7\u00ab\u2039\u00e4\u00ba\u2020\u00e8\u00a8\u00b1\u00e5\u00a4\u0161\u00e4\u00bc\u0081\u00e6\u00a5\u00ad\u00e7\u0161\u201e\u00e8\u2030\u00af\u00e5\u00a5\u00bd\u00e9\u2014\u0153\u00e4\u00bf\u201a\u00ef\u00bc\u0152\u00e4\u00b8\u00a6\u00e6\u00bc\u201d\u00e8\u00ae\u0160\u00e7\u201a\u00ba\u00e9\u00a6\u2013\u00e9\u0081\u00b8\u00e9\u0081\u2039\u00e8\u00bc\u00b8\u00e5\u2026\u00ac\u00e5\u008f\u00b8\u00e7\u0161\u201e\u00e8\u00a1\u0152\u00e7\u00a8\u2039\u00ef\u00bc\u0152\u00e4\u00b8\u00a6\u00e5\u00be\u017e\u00e6\u00a9\u0178\u00e5\u00a0\u00b4\u00e3\u20ac\u201a<\/p>\n<p>\u00e8\u00b2\u00b4\u00e5\u2026\u00ac\u00e5\u008f\u00b8\u00e5\u008f\u00af\u00e4\u00bb\u00a5\u00e4\u00be\u009d\u00e9\u009d\u00a0\u00e7\u203a\u00b8\u00e5\u0090\u0152\u00e7\u0161\u201e\u00e6\u0153\u008d\u00e5\u2039\u2122\u00e8\u00b3\u00aa\u00e9\u2021\u008f\u00ef\u00bc\u0152\u00e6\u02c6\u2018\u00e5\u20ac\u2018\u00e4\u00bd\u0153\u00e7\u201a\u00ba\u00e6\u00ad\u00a3\u00e5\u00b8\u00b8\u00e9\u0081\u2021\u00e5\u02c6\u00b0\u00e7\u0161\u201e\u00e5\u2022\u008f\u00e9\u00a1\u0152\u00e3\u20ac\u201a<\/p>\n<p>\u00e6\u02c6\u2018\u00e5\u20ac\u2018\u00e6\u008f\u0090\u00e4\u00be\u203aSchipholtaxi\u00e9\u0081\u2039\u00e8\u00bc\u00b8\u00e4\u00bb\u00a5\u00e4\u00be\u00bf\u00e5\u00ae\u0153\u00e7\u0161\u201e\u00e5\u203a\u00ba\u00e5\u00ae\u0161\u00e5\u0192\u00b9\u00e6\u00a0\u00bc\u00e6\u00af\u201d\u00e6\u00ad\u00a3\u00e8\u00a6\u008f\u00e5\u2021\u00ba\u00e7\u00a7\u0178\u00e8\u00bb\u0160\u00e4\u00bd\u017d50\u00ef\u00bc\u2026\u00e3\u20ac\u201a<\/p>\n<p>\u00e8\u00b2\u00b4\u00e5\u2026\u00ac\u00e5\u008f\u00b8\u00e5\u00b0\u2021\u00e6\u2030\u20ac\u00e6\u0153\u2030\u00e9\u00a9\u2026\u00e5\u2039\u2022\u00e7\u0161\u201e\u00e9\u0081\u0160\u00e6\u00a8\u201a\u00e8\u00a8\u00ad\u00e6\u2013\u00bd\u00e9\u20ac\u00b2\u00e8\u00a1\u0152\u00e6\u00af\u008f\u00e6\u0153\u02c6\u00e7\u00b5\u0090\u00e7\u00ae\u2014\u00e3\u20ac\u201a<br \/>\nEasyTaxiSchiphol\u00e6\u008f\u0090\u00e4\u00be\u203a\u00e5\u0090\u201e\u00e7\u00a8\u00ae\u00e9\u0081\u2039\u00e8\u00bc\u00b8\u00e5\u00bd\u00a2\u00e5\u00bc\u008f\u00e7\u0161\u201e\u00e6\u2013\u00af\u00e5\u00b8\u0152\u00e6\u2122\u00ae\u00e9\u0153\u008d\u00e7\u02c6\u00be\u00e3\u20ac\u201a\u00e6\u201a\u00a8\u00e5\u008f\u00af\u00e4\u00bb\u00a5\u00e5\u00be\u017e\u00e6\u00a8\u2122\u00e6\u00ba\u2013Schipholtaxi\u00e6\u02c6\u2013\u00e6\u2013\u00af\u00e5\u00b8\u0152\u00e6\u00b3\u00a2\u00e7\u02c6\u00be\u00e5\u2021\u00ba\u00e7\u00a7\u0178\u00e8\u00bb\u0160\u00e5\u2026\u00ac\u00e4\u00ba\u00a4\u00e8\u00bb\u0160\u00e5\u008f\u00af\u00e4\u00be\u203a\u00e9\u0081\u00b8\u00e6\u201c\u2021\u00e3\u20ac\u201a\u00e6\u02c6\u2018\u00e5\u20ac\u2018\u00e6\u0153\u2030\u00e5\u00b9\u00be\u00e5\u20ac\u2039\u00e5\u2021\u00ba\u00e7\u00a7\u0178\u00e8\u00bb\u0160\u00ef\u00bc\u0152\u00e9\u20ac\u2122\u00e6\u00a8\u00a3\u00e4\u00bd\u00a0\u00e5\u00b0\u00b1\u00e5\u008f\u00af\u00e4\u00bb\u00a5\u00e5\u008f\u00ab\u00e8\u00bc\u203a\u00e7\u0161\u201e\u00e5\u00a3\u00ab\u00e8\u00bb\u0160\u00e5\u017d\u00bb\u00e6\u00a9\u0178\u00e5\u00a0\u00b4\u00e8\u02c6\u2021\u00e4\u00b8\u20ac\u00e5\u20ac\u2039\u00e4\u00bb\u00a5\u00e4\u00b8\u0160\u00e7\u0161\u201e\u00e5\u20ac\u2039\u00e4\u00ba\u00ba\u00e5\u2019\u0152\/\u00e6\u02c6\u2013\u00e5\u00a4\u00a7\u00e9\u2021\u008f\u00e7\u0161\u201e\u00e8\u00a1\u0152\u00e6\u009d\u017d\u00e3\u20ac\u201a<\/p>\n<p>\u00e5\u00a6\u201a\u00e6\u017e\u0153\u00e4\u00bd\u00a0\u00e6\u0153\u2030\u00e8\u02c6\u02c6\u00e8\u00b6\u00a3\u00e9\u20ac\u00b2\u00e5\u2026\u00a5\u00e8\u02c6\u2021\u00e6\u02c6\u2018\u00e5\u20ac\u2018\u00e5\u00bb\u00ba\u00e7\u00ab\u2039\u00e9\u2022\u00b7\u00e6\u0153\u0178\u00e7\u0161\u201e\u00e5\u0090\u02c6\u00e4\u00bd\u0153\u00e9\u2014\u0153\u00e4\u00bf\u201a\u00ef\u00bc\u0152\u00e5\u008f\u00af\u00e4\u00bb\u00a5\u00e5\u0153\u00a8\u00e4\u00b8\u2039\u00e9\u009d\u00a2\u00e6\u008f\u0090\u00e4\u00ba\u00a4\u00e6\u201a\u00a8\u00e7\u0161\u201e\u00e6\u00a5\u00ad\u00e5\u2039\u2122\u00e3\u20ac\u201a<\/p>\n<\/div>\n<p><\/p>","protected":false},"excerpt":{"rendered":"<p>\u00c2\u00a0[contact-form-7 id=&#8221;57&#8243; title=&#8221;Bedr [&hellip;]<\/p>\n","protected":false},"author":1,"featured_media":0,"parent":0,"menu_order":0,"comment_status":"closed","ping_status":"closed","template":"","meta":{"footnotes":""},"class_list":["post-40","page","type-page","status-publish","hentry"],"acf":[],"yoast_head":"<!-- This site is optimized with the Yoast SEO plugin v27.4 - https:\/\/yoast.com\/product\/yoast-seo-wordpress\/ -->\n<title>Bedrijven - Easy Taxi<\/title>\n<meta name=\"robots\" content=\"index, follow, max-snippet:-1, max-image-preview:large, max-video-preview:-1\" \/>\n<link rel=\"canonical\" href=\"https:\/\/easytaxischiphol.nl\/bedrijven\/\" \/>\n<meta property=\"og:locale\" content=\"zh_CN\" \/>\n<meta property=\"og:type\" content=\"article\" \/>\n<meta property=\"og:title\" content=\"Bedrijven - Easy Taxi\" \/>\n<meta property=\"og:description\" content=\"\u00c2\u00a0[contact-form-7 id=&#8221;57&#8243; title=&#8221;Bedr [&hellip;]\" \/>\n<meta property=\"og:url\" content=\"https:\/\/easytaxischiphol.nl\/bedrijven\/\" \/>\n<meta property=\"og:site_name\" content=\"Easy Taxi\" \/>\n<meta property=\"article:modified_time\" content=\"2017-11-07T20:06:44+00:00\" \/>\n<meta name=\"twitter:card\" content=\"summary_large_image\" \/>\n<meta name=\"twitter:label1\" content=\"\u9884\u8ba1\u9605\u8bfb\u65f6\u95f4\" \/>\n\t<meta name=\"twitter:data1\" content=\"4 \u5206\" \/>\n<script type=\"application\/ld+json\" class=\"yoast-schema-graph\">{\"@context\":\"https:\\\/\\\/schema.org\",\"@graph\":[{\"@type\":\"WebPage\",\"@id\":\"https:\\\/\\\/easytaxischiphol.nl\\\/bedrijven\\\/\",\"url\":\"https:\\\/\\\/easytaxischiphol.nl\\\/bedrijven\\\/\",\"name\":\"Bedrijven - Easy Taxi\",\"isPartOf\":{\"@id\":\"https:\\\/\\\/easytaxischiphol.nl\\\/#website\"},\"datePublished\":\"2016-12-11T13:57:50+00:00\",\"dateModified\":\"2017-11-07T20:06:44+00:00\",\"inLanguage\":\"zh-Hans\",\"potentialAction\":[{\"@type\":\"ReadAction\",\"target\":[\"https:\\\/\\\/easytaxischiphol.nl\\\/bedrijven\\\/\"]}]},{\"@type\":\"WebSite\",\"@id\":\"https:\\\/\\\/easytaxischiphol.nl\\\/#website\",\"url\":\"https:\\\/\\\/easytaxischiphol.nl\\\/\",\"name\":\"Easy Taxi\",\"description\":\"En nog een WordPress site\",\"potentialAction\":[{\"@type\":\"SearchAction\",\"target\":{\"@type\":\"EntryPoint\",\"urlTemplate\":\"https:\\\/\\\/easytaxischiphol.nl\\\/?s={search_term_string}\"},\"query-input\":{\"@type\":\"PropertyValueSpecification\",\"valueRequired\":true,\"valueName\":\"search_term_string\"}}],\"inLanguage\":\"zh-Hans\"}]}<\/script>\n<!-- \/ Yoast SEO plugin. -->","yoast_head_json":{"title":"Bedrijven - Easy Taxi","robots":{"index":"index","follow":"follow","max-snippet":"max-snippet:-1","max-image-preview":"max-image-preview:large","max-video-preview":"max-video-preview:-1"},"canonical":"https:\/\/easytaxischiphol.nl\/bedrijven\/","og_locale":"zh_CN","og_type":"article","og_title":"Bedrijven - Easy Taxi","og_description":"\u00c2\u00a0[contact-form-7 id=&#8221;57&#8243; title=&#8221;Bedr [&hellip;]","og_url":"https:\/\/easytaxischiphol.nl\/bedrijven\/","og_site_name":"Easy Taxi","article_modified_time":"2017-11-07T20:06:44+00:00","twitter_card":"summary_large_image","twitter_misc":{"\u9884\u8ba1\u9605\u8bfb\u65f6\u95f4":"4 \u5206"},"schema":{"@context":"https:\/\/schema.org","@graph":[{"@type":"WebPage","@id":"https:\/\/easytaxischiphol.nl\/bedrijven\/","url":"https:\/\/easytaxischiphol.nl\/bedrijven\/","name":"Bedrijven - Easy Taxi","isPartOf":{"@id":"https:\/\/easytaxischiphol.nl\/#website"},"datePublished":"2016-12-11T13:57:50+00:00","dateModified":"2017-11-07T20:06:44+00:00","inLanguage":"zh-Hans","potentialAction":[{"@type":"ReadAction","target":["https:\/\/easytaxischiphol.nl\/bedrijven\/"]}]},{"@type":"WebSite","@id":"https:\/\/easytaxischiphol.nl\/#website","url":"https:\/\/easytaxischiphol.nl\/","name":"Easy Taxi","description":"En nog een WordPress site","potentialAction":[{"@type":"SearchAction","target":{"@type":"EntryPoint","urlTemplate":"https:\/\/easytaxischiphol.nl\/?s={search_term_string}"},"query-input":{"@type":"PropertyValueSpecification","valueRequired":true,"valueName":"search_term_string"}}],"inLanguage":"zh-Hans"}]}},"_links":{"self":[{"href":"https:\/\/easytaxischiphol.nl\/zh\/wp-json\/wp\/v2\/pages\/40","targetHints":{"allow":["GET"]}}],"collection":[{"href":"https:\/\/easytaxischiphol.nl\/zh\/wp-json\/wp\/v2\/pages"}],"about":[{"href":"https:\/\/easytaxischiphol.nl\/zh\/wp-json\/wp\/v2\/types\/page"}],"author":[{"embeddable":true,"href":"https:\/\/easytaxischiphol.nl\/zh\/wp-json\/wp\/v2\/users\/1"}],"replies":[{"embeddable":true,"href":"https:\/\/easytaxischiphol.nl\/zh\/wp-json\/wp\/v2\/comments?post=40"}],"version-history":[{"count":39,"href":"https:\/\/easytaxischiphol.nl\/zh\/wp-json\/wp\/v2\/pages\/40\/revisions"}],"predecessor-version":[{"id":672,"href":"https:\/\/easytaxischiphol.nl\/zh\/wp-json\/wp\/v2\/pages\/40\/revisions\/672"}],"wp:attachment":[{"href":"https:\/\/easytaxischiphol.nl\/zh\/wp-json\/wp\/v2\/media?parent=40"}],"curies":[{"name":"wp","href":"https:\/\/api.w.org\/{rel}","templated":true}]}}