{"id":36,"date":"2016-12-11T14:57:40","date_gmt":"2016-12-11T13:57:40","guid":{"rendered":"https:\/\/easytaxischiphol.nl\/?page_id=36"},"modified":"2025-03-04T03:42:40","modified_gmt":"2025-03-04T02:42:40","slug":"services","status":"publish","type":"page","link":"https:\/\/easytaxischiphol.nl\/zh\/services\/","title":{"rendered":"Services"},"content":{"rendered":"<p><\/p>\n<div class=\"row\" style=\"margin-bottom: 30px;\">\n<div class=\"col-xs-12 text-center\">\n<div class=\"flex max-w-full flex-col flex-grow\">\n<div class=\"min-h-8 text-message relative flex w-full flex-col items-end gap-2 whitespace-normal break-words text-start [.text-message+&amp;]:mt-5\" dir=\"auto\" data-message-author-role=\"assistant\" data-message-id=\"228f1e73-3684-4b2e-b92a-268b0a4ff1ec\" data-message-model-slug=\"gpt-4o\">\n<div class=\"flex w-full flex-col gap-1 empty:hidden first:pt-[3px]\">\n<div class=\"markdown prose w-full break-words dark:prose-invert light\">\n<p style=\"text-align: left;\" data-start=\"0\" data-end=\"29\"><strong data-start=\"0\" data-end=\"27\">\u53ef\u9760\u7684\u673a\u573a\u51fa\u79df\u8f66\u670d\u52a1 \u2014 \u76f4\u8fbe\u53f2\u57fa\u6d66\u53ca\u5176\u4ed6\u673a\u573a<\/strong><\/p>\n<p style=\"text-align: left;\" data-start=\"31\" data-end=\"134\">\u60a8\u662f\u5426\u60f3\u8981\u8f7b\u677e\u5f00\u542f\u60a8\u7684\u65c5\u884c\u6216\u5047\u671f\uff0c\u800c\u65e0\u9700\u62c5\u5fc3\u524d\u5f80\u673a\u573a\u7684\u4ea4\u901a\u95ee\u9898\uff1fEasyTaxiSchiphol \u968f\u65f6\u4e3a\u60a8\u670d\u52a1\uff01\u6211\u4eec\u63d0\u4f9b\u53ef\u9760\u3001\u8212\u9002\u7684\u51fa\u79df\u8f66\u63a5\u9001\u670d\u52a1\uff0c\u5f80\u8fd4\u4e8e\u53f2\u57fa\u6d66\u673a\u573a\u4ee5\u53ca\u8377\u5170\u3001\u6bd4\u5229\u65f6\u548c\u5fb7\u56fd\u7684\u6240\u6709\u5176\u4ed6\u673a\u573a\u3002<\/p>\n<h3 style=\"text-align: left;\" data-start=\"136\" data-end=\"165\">\u4e3a\u4ec0\u4e48\u9009\u62e9 EasyTaxiSchiphol\uff1f<\/h3>\n<p style=\"text-align: left;\" data-start=\"166\" data-end=\"282\">\u2714 <strong data-start=\"168\" data-end=\"182\">24\/7 \u5168\u5929\u5019\u670d\u52a1<\/strong> \u2013 \u65e0\u8bba\u767d\u5929\u8fd8\u662f\u591c\u665a\uff0c\u968f\u65f6\u53ef\u7528<br data-start=\"198\" data-end=\"201\" \/>\u2714 <strong data-start=\"203\" data-end=\"214\">\u56fa\u5b9a\u3001\u4f18\u60e0\u4ef7\u683c<\/strong> \u2013 \u65e0\u9690\u85cf\u8d39\u7528\uff0c\u907f\u514d\u610f\u5916\u652f\u51fa<br data-start=\"229\" data-end=\"232\" \/>\u2714 <strong data-start=\"234\" data-end=\"242\">\u4e13\u4e1a\u53f8\u673a<\/strong> \u2013 \u5b89\u5168\u3001\u8212\u9002\u7684\u4e58\u8f66\u4f53\u9a8c<br data-start=\"255\" data-end=\"258\" \/>\u2714 <strong data-start=\"260\" data-end=\"280\">\u65e0\u9700\u652f\u4ed8\u505c\u8f66\u8d39\uff0c\u4e0d\u7528\u8d39\u529b\u642c\u8fd0\u884c\u674e<\/strong><\/p>\n<p style=\"text-align: left;\" data-start=\"284\" data-end=\"367\">\u6211\u4eec\u7684\u670d\u52a1\u8986\u76d6\u6574\u4e2a\u5357\u8377\u5170\u7701\uff0c\u5305\u62ec\u9e7f\u7279\u4e39\u3001\u6d77\u7259\u3001\u83b1\u987f\u3001\u4ee3\u5c14\u592b\u7279\u3001\u591a\u5fb7\u96f7\u8d6b\u7279\u3001\u8c6a\u8fbe\u3001\u7956\u7279\u6885\u5c14\u3001\u65af\u6d3e\u514b\u5c3c\u745f\u3001\u65af\u5e0c\u4e39\u3001\u5f17\u62c9\u5c14\u4e01\u6069\u3001\u963f\u5c14\u82ac\u5b89\u767b\u8d56\u6069\u548c\u5361\u4f69\u52d2\u5b89\u767b\u4f0a\u585e\u5c14\u7b49\u57ce\u5e02\u3002<\/p>\n<h3 style=\"text-align: left;\" data-start=\"369\" data-end=\"384\">\u6211\u4eec\u63d0\u4f9b\u670d\u52a1\u7684\u673a\u573a<\/h3>\n<p style=\"text-align: left;\" data-start=\"385\" data-end=\"413\">\u9664\u4e86\u53f2\u57fa\u6d66\u673a\u573a\uff0c\u6211\u4eec\u8fd8\u63d0\u4f9b\u5f80\u8fd4\u4ee5\u4e0b\u673a\u573a\u7684\u51fa\u79df\u8f66\u670d\u52a1\uff1a<\/p>\n<ul style=\"text-align: left;\" data-start=\"415\" data-end=\"514\">\n<li data-start=\"415\" data-end=\"450\"><strong data-start=\"417\" data-end=\"423\">\u8377\u5170<\/strong>\uff1a\u9e7f\u7279\u4e39\u6d77\u7259\u673a\u573a\u3001\u57c3\u56e0\u970d\u6e29\u673a\u573a\u3001\u683c\u7f57\u5b81\u6839\u57c3\u5c14\u5fb7\u673a\u573a<\/li>\n<li data-start=\"451\" data-end=\"483\"><strong data-start=\"453\" data-end=\"460\">\u6bd4\u5229\u65f6<\/strong>\uff1a\u5e03\u9c81\u585e\u5c14\u673a\u573a\u3001\u6c99\u52d2\u7f57\u74e6\u673a\u573a\u3001\u5b89\u7279\u536b\u666e\u673a\u573a<\/li>\n<li data-start=\"484\" data-end=\"514\"><strong data-start=\"486\" data-end=\"492\">\u5fb7\u56fd<\/strong>\uff1a\u675c\u585e\u5c14\u591a\u592b\u673a\u573a\u3001\u5a01\u5179\u673a\u573a\u3001\u6cd5\u5170\u514b\u798f\u673a\u573a<\/li>\n<\/ul>\n<p style=\"text-align: left;\" data-start=\"516\" data-end=\"558\">\u60a8\u7684\u65c5\u7a0b\u4ece\u5bb6\u95e8\u53e3\u5f00\u59cb\uff01\u62b5\u8fbe\u673a\u573a\u65f6\uff0c\u60a8\u7684\u53f8\u673a\u5c06\u5728\u6307\u5b9a\u5730\u70b9\u7b49\u5019\uff0c\u76f4\u63a5\u9001\u60a8\u5230\u8fbe\u76ee\u7684\u5730\u3002<\/p>\n<p style=\"text-align: left;\" data-start=\"560\" data-end=\"608\" data-is-last-node=\"\" data-is-only-node=\"\">\n<\/div>\n<\/div>\n<\/div>\n<\/div>\n<div class=\"mb-2 flex gap-3 -ml-2\" tabindex=\"0\">\n<div class=\"items-center justify-start rounded-xl p-1 flex\">\n<div class=\"flex items-center\">\n<p>&nbsp;<\/p>\n<div class=\"flex\"><\/div>\n<p>&nbsp;<\/p>\n<div class=\"flex items-center pb-0\" style=\"text-align: right;\"><span class=\"overflow-hidden text-clip whitespace-nowrap text-sm\">4o<\/span><\/div>\n<\/div>\n<\/div>\n<\/div>\n<\/div>\n<\/div>\n<div class=\"row\">\n<div class=\"col-xs-12 col-lg-6\">\n<p><!--service--><\/p>\n<div class=\"row service\">\n<div class=\"col-xs-5 col-lg-4\">\n<div class=\"icon-service\"><img decoding=\"async\" class=\"photo\" src=\"\/wp-content\/themes\/easytaxi\/images\/phtot.png\" alt=\"photo\" \/><\/div>\n<\/div>\n<div class=\"col-xs-7 col-lg-8\">\n<h3 id=\"tw-target-text\" class=\"tw-data-text tw-ta tw-text-large\" dir=\"ltr\" data-placeholder=\"Vertaling\"><span lang=\"zh-TW\">\u00e4\u00bb\u02dc\u00e6\u00ac\u00be<\/span><\/h3>\n<p>\u00e4\u00bd\u00a0\u00e5\u00bf\u2026\u00e9\u00a0\u02c6\u00e4\u00bb\u00a5\u00e7\u008f\u00be\u00e9\u2021\u2018\u00e6\u201d\u00af\u00e4\u00bb\u02dc\u00e6\u00af\u008f\u00e8\u00b6\u0178\u00e7\u00b5\u00a6\u00e9\u00a7\u2022\u00e9\u00a7\u203a\u00e5\u201c\u00a1\u00e3\u20ac\u201a\u00e5\u2026\u00ac\u00e5\u008f\u00b8\u00e9\u0192\u00bd\u00e4\u00b8\u008d\u00e5\u008f\u00af\u00e8\u0192\u00bd\u00e9\u2013\u2039\u00e8\u00bb\u0160\u00e4\u00b8\u0160\u00e5\u00b8\u00b3\u00e6\u02c6\u00b6\u00e3\u20ac\u201a<\/p>\n<\/div>\n<\/div>\n<p><!--service--> <!--service--><\/p>\n<div class=\"row service\">\n<div class=\"col-xs-5 col-lg-4\">\n<div class=\"icon-service\"><img decoding=\"async\" src=\"\/wp-content\/themes\/easytaxi\/images\/bag-icon.png\" alt=\"bag\" \/><\/div>\n<\/div>\n<div class=\"col-xs-7 col-lg-8\">\n<h3 id=\"tw-target-text\" class=\"tw-data-text tw-ta tw-text-large\" dir=\"ltr\" data-placeholder=\"Vertaling\"><span lang=\"zh-TW\">\u00e8\u00a1\u0152\u00e6\u009d\u017d<\/span><\/h3>\n<p>\u00e6\u02c6\u2018\u00e5\u20ac\u2018\u00e6\u2030\u00bf\u00e8\u00aa\u008d\u00ef\u00bc\u0152\u00e4\u00b8\u20ac\u00e5\u20ac\u2039\u00e6\u2014\u2026\u00e8\u00a1\u0152\u00e7\u00ae\u00b1\u00e5\u2019\u0152\u00e4\u00b8\u20ac\u00e5\u20ac\u2039\u00e9\u0161\u00a8\u00e8\u00ba\u00ab\u00e6\u201d\u0153\u00e5\u00b8\u00b6\u00e7\u0161\u201e\u00e6\u00af\u008f\u00e5\u0090\u008d\u00e4\u00b9\u02dc\u00e5\u00ae\u00a2\u00e6\u0152\u0081\u00e7\u00ba\u0152\u00ef\u00bc\u0152\u00e5\u00ae\u0192\u00e6\u2021\u2030\u00e8\u00a9\u00b2\u00e6\u02dc\u00af\u00e6\u00af\u201d\u00e9\u20ac\u2122\u00e5\u00bf\u2026\u00e9\u00a0\u02c6\u00e6\u008f\u0090\u00e5\u2030\u008d\u00e9\u20ac\u0161\u00e7\u0178\u00a5\u00e4\u00ba\u2020\u00e3\u20ac\u201a\u00e8\u0192\u00bd\u00e5\u00b8\u00b6\u00e4\u00be\u2020\u00e9\u00a1\u008d\u00e5\u00a4\u2013\u00e7\u0161\u201e\u00e8\u00a1\u0152\u00e6\u009d\u017d\u00e5\u0153\u00a8\u00e6\u00ad\u00a3\u00e5\u00b8\u00b8\u00e6\u0192\u2026\u00e6\u00b3\u0081\u00e4\u00b8\u2039\u00ef\u00bc\u0152\u00e5\u2030\u2021\u00e6\u0153\u2030\u00e5\u0153\u00a8\u00e4\u00b8\u008d\u00e5\u00a2\u017e\u00e5\u0160\u00a0\u00e9\u00a1\u008d\u00e5\u00a4\u2013\u00e6\u02c6\u0090\u00e6\u0153\u00ac\u00e7\u0161\u201e\u00e9\u20ac\u00a3\u00e6\u017d\u00a5\u00e3\u20ac\u201a\u00e4\u00bd\u2020\u00e6\u02dc\u00af\u00ef\u00bc\u0152\u00e9\u20ac\u2122\u00e4\u00b8\u00a6\u00e4\u00b8\u008d\u00e6\u201e\u008f\u00e5\u2018\u00b3\u00e8\u2018\u2014\u00e5\u00ae\u0192\u00e7\u0161\u201e\u00e4\u00bb\u00bb\u00e4\u00bd\u2022\u00e6\u203a\u00b4\u00e5\u00a4\u0161\u00e7\u0161\u201e\u00e9\u2021\u008d\u00e9\u2021\u008f\u00e4\u00b9\u0178\u00e7\u201d\u00b1\u00e6\u201a\u00a8\u00e7\u0161\u201e\u00e8\u02c6\u00aa\u00e7\u00a9\u00ba\u00e5\u2026\u00ac\u00e5\u008f\u00b8\u00e6\u017d\u00a5\u00e5\u008f\u2014\u00e3\u20ac\u201a<\/p>\n<\/div>\n<\/div>\n<p><!--service--><\/p>\n<\/div>\n<div class=\"col-xs-12 col-lg-6\">\n<p><!--service--><\/p>\n<div class=\"row service\">\n<div class=\"col-xs-5 col-lg-4\">\n<div class=\"icon-service\"><img decoding=\"async\" src=\"\/wp-content\/themes\/easytaxi\/images\/hand.png\" alt=\"hand\" \/><\/div>\n<\/div>\n<div class=\"col-xs-7 col-lg-8\">\n<h3 id=\"tw-target-text\" class=\"tw-data-text tw-ta tw-text-large\" dir=\"ltr\" data-placeholder=\"Vertaling\"><span lang=\"zh-TW\">\u00e9\u0161\u00b1\u00e7\u00a7\u0081<\/span><\/h3>\n<p>\u00e6\u02dc\u201c\u00e5\u2021\u00ba\u00e7\u00a7\u0178\u00e8\u00bb\u0160\u00e5\u008f\u00b2\u00e5\u0178\u00ba\u00e6\u00b5\u00a6\u00e5\u00a0\u2026\u00e6\u0152\u0081\u00e9\u20ac\u0161\u00e9\u0081\u017d\u00e6\u2014\u00a8\u00e5\u0153\u00a8\u00e4\u00bf\u009d\u00e8\u00ad\u00b7\u00e5\u20ac\u2039\u00e4\u00ba\u00ba\u00e4\u00bf\u00a1\u00e6\u0081\u00af\u00e7\u0161\u201e\u00e6\u00b3\u2022\u00e5\u00be\u2039\u00e7\u00b4\u201e\u00e6\u009d\u0178\u00e3\u20ac\u201a\u00e5\u00be\u017e\u00e4\u00b8\u008d\u00e8\u00bc\u2022\u00e6\u02dc\u201c\u00e5\u2021\u00ba\u00e7\u00a7\u0178\u00e8\u00bb\u0160\u00e5\u008f\u00b2\u00e5\u0178\u00ba\u00e6\u00b5\u00a6\u00e6\u00a9\u0178\u00e5\u00a0\u00b4\u00e5\u00b0\u2021\u00e6\u201a\u00a8\u00e7\u0161\u201e\u00e4\u00bf\u00a1\u00e6\u0081\u00af\u00e9\u20ac\u008f\u00e9\u0153\u00b2\u00e7\u00b5\u00a6\u00e7\u00ac\u00ac\u00e4\u00b8\u2030\u00e6\u2013\u00b9\u00ef\u00bc\u0152\u00e5\u00be\u017e\u00e8\u20ac\u0152\u00e4\u00bf\u009d\u00e8\u00ad\u2030\u00e8\u00b6\u00b3\u00e5\u00a4\u00a0\u00e7\u0161\u201e\u00e4\u00bf\u009d\u00e8\u00ad\u00b7\u00e3\u20ac\u201a<\/p>\n<\/div>\n<\/div>\n<p><!--service--> <!--service--><\/p>\n<div class=\"row service\">\n<div class=\"col-xs-5 col-lg-4\">\n<div class=\"icon-service\"><img decoding=\"async\" class=\"clock\" src=\"\/wp-content\/themes\/easytaxi\/images\/clock-icon.png\" alt=\"clock\" \/><\/div>\n<\/div>\n<div class=\"col-xs-7 col-lg-8\">\n<h3 id=\"tw-target-text\" class=\"tw-data-text tw-ta tw-text-medium\" dir=\"ltr\" data-placeholder=\"Vertaling\"><span lang=\"zh-TW\">DELAY<\/span><\/h3>\n<p>\u00e6\u02c6\u2018\u00e5\u20ac\u2018\u00e5\u00b0\u2021\u00e5\u00a7\u2039\u00e7\u00b5\u201a\u00e7\u203a\u00a1\u00e4\u00b8\u20ac\u00e5\u02c6\u2021\u00e5\u008f\u00af\u00e8\u0192\u00bd\u00e9\u0081\u00bf\u00e5\u2026\u008d\u00e5\u00bb\u00b6\u00e8\u00aa\u00a4\u00e9\u20ac\u201d\u00e4\u00b8\u00ad\u00e3\u20ac\u201a\u00e6\u02dc\u201c\u00e5\u2021\u00ba\u00e7\u00a7\u0178\u00e8\u00bb\u0160\u00e5\u008f\u00b2\u00e5\u0178\u00ba\u00e6\u00b5\u00a6\u00e4\u00bd\u2020\u00e6\u02dc\u00af\u00ef\u00bc\u0152\u00e4\u00b8\u008d\u00e8\u0192\u00bd\u00e6\u2030\u00bf\u00e6\u201c\u201d\u00e8\u00b2\u00ac\u00e4\u00bb\u00bb\u00e5\u00b0\u017d\u00e8\u2021\u00b4\u00e4\u00b8\u0178\u00e5\u00a4\u00b1\u00e4\u00bd\u00a0\u00e7\u0161\u201e\u00e9\u00a3\u203a\u00e6\u00a9\u0178\u00e5\u00bb\u00b6\u00e8\u00aa\u00a4\u00e3\u20ac\u201a\u00e7\u201a\u00ba\u00e4\u00ba\u2020\u00e9\u20ac\u2122\u00e5\u20ac\u2039\u00e9\u201a\u201e\u00e7\u201d\u00a8\u00e4\u00b8\u20ac\u00e8\u02c6\u00ac\u00e6\u00a2\u009d\u00e6\u00ac\u00be\u00e5\u2019\u0152\u00e6\u00a2\u009d\u00e4\u00bb\u00b6Taxivervoer\u00e7\u00ae\u00a1\u00e8\u00bd\u201e\u00e3\u20ac\u201a<\/p>\n<\/div>\n<\/div>\n<p><!--service--><\/p>\n<\/div>\n<\/div>\n<div class=\"col-xs-12 text-center border-blue\">\n<h4>\u00e8\u00bf\u201d\u00e5\u203a\u017e\u00e6\u2013\u00af\u00e5\u00b8\u0152\u00e6\u2122\u00ae\u00e9\u0153\u008d\u00e7\u02c6\u00be<\/h4>\n<p>\u00e4\u00bd\u00a0\u00e6\u0153\u0192\u00e7\u2122\u00bc\u00e7\u008f\u00be\u00e5\u0153\u00a8\u00e5\u0152\u00af\u00e9\u00bb\u017e\u00e9\u00a0\u0090\u00e6\u0153\u0178\u00ef\u00bc\u02c6\u00e9\u00bb\u017e\u00e6\u201c\u0160\u00e6\u00ad\u00a4\u00e8\u2122\u2022\u00e6\u0178\u00a5\u00e7\u0153\u2039\u00e5\u0153\u00b0\u00e5\u0153\u2013\u00ef\u00bc\u2030\u00e5\u0153\u00a8\u00e5\u008f\u00b2\u00e5\u0178\u00ba\u00e6\u00b5\u00a6\u00e6\u00a9\u0178\u00e5\u00a0\u00b4\u00e7\u0161\u201e\u00e5\u02c6\u00b0\u00e9\u0081\u201d\u00e5\u00a4\u00a7\u00e5\u00bb\u00b3\u00e3\u20ac\u201a\u00e5\u0153\u00a8\u00e5\u00bb\u00b6\u00e8\u00aa\u00a4\u00e7\u0161\u201e\u00e6\u0192\u2026\u00e6\u00b3\u0081\u00e4\u00b8\u2039\u00ef\u00bc\u0152\u00e4\u00bd\u00a0\u00e5\u008f\u00af\u00e4\u00bb\u00a5\u00e6\u0152\u2021\u00e6\u0153\u203a\u00e6\u02c6\u2018\u00e5\u20ac\u2018\u00e5\u00af\u2020\u00e5\u02c6\u2021\u00e7\u2022\u2122\u00e6\u201e\u008f\u00e9\u20ac\u2122\u00e4\u00b8\u20ac\u00e9\u00bb\u017e\u00e3\u20ac\u201a\u00e6\u0160\u00b5\u00e9\u0081\u201d\u00e5\u00be\u0152\u00ef\u00bc\u0152\u00e5\u00bf\u2026\u00e9\u00a0\u02c6\u00e5\u0153\u00a8\u00e6\u00a9\u0178\u00e5\u00a0\u00b4\u00e6\u2030\u201c\u00e9\u2013\u2039\u00e6\u201a\u00a8\u00e7\u0161\u201e\u00e6\u2030\u2039\u00e6\u00a9\u0178\u00e4\u00b8\u0160\u00ef\u00bc\u0152\u00e4\u00bd\u00bf\u00e9\u00a7\u2022\u00e9\u00a7\u203a\u00e5\u201c\u00a1\u00e5\u008f\u00af\u00e4\u00bb\u00a5\u00e5\u00af\u00a6\u00e7\u008f\u00be\u00e3\u20ac\u201a<\/p>\n<\/div>\n<p><\/p>","protected":false},"excerpt":{"rendered":"<p>\u53ef\u9760\u7684\u673a\u573a\u51fa\u79df\u8f66\u670d\u52a1 \u2014 \u76f4\u8fbe\u53f2\u57fa\u6d66\u53ca\u5176\u4ed6\u673a\u573a \u60a8\u662f\u5426\u60f3\u8981\u8f7b\u677e\u5f00\u542f\u60a8\u7684\u65c5\u884c\u6216\u5047\u671f\uff0c\u800c\u65e0\u9700\u62c5\u5fc3\u524d\u5f80\u673a\u573a\u7684\u4ea4\u901a\u95ee\u9898 [&hellip;]<\/p>\n","protected":false},"author":1,"featured_media":0,"parent":0,"menu_order":0,"comment_status":"closed","ping_status":"closed","template":"","meta":{"footnotes":""},"class_list":["post-36","page","type-page","status-publish","hentry"],"acf":[],"yoast_head":"<!-- This site is optimized with the Yoast SEO plugin v27.4 - https:\/\/yoast.com\/product\/yoast-seo-wordpress\/ -->\n<title>Services - Easy Taxi<\/title>\n<meta name=\"robots\" content=\"index, follow, max-snippet:-1, max-image-preview:large, max-video-preview:-1\" \/>\n<link rel=\"canonical\" href=\"https:\/\/easytaxischiphol.nl\/es\/services\/\" \/>\n<meta property=\"og:locale\" content=\"zh_CN\" \/>\n<meta property=\"og:type\" content=\"article\" \/>\n<meta property=\"og:title\" content=\"Services - Easy Taxi\" \/>\n<meta property=\"og:description\" content=\"\u53ef\u9760\u7684\u673a\u573a\u51fa\u79df\u8f66\u670d\u52a1 \u2014 \u76f4\u8fbe\u53f2\u57fa\u6d66\u53ca\u5176\u4ed6\u673a\u573a \u60a8\u662f\u5426\u60f3\u8981\u8f7b\u677e\u5f00\u542f\u60a8\u7684\u65c5\u884c\u6216\u5047\u671f\uff0c\u800c\u65e0\u9700\u62c5\u5fc3\u524d\u5f80\u673a\u573a\u7684\u4ea4\u901a\u95ee\u9898 [&hellip;]\" \/>\n<meta property=\"og:url\" content=\"https:\/\/easytaxischiphol.nl\/es\/services\/\" \/>\n<meta property=\"og:site_name\" content=\"Easy Taxi\" \/>\n<meta property=\"article:modified_time\" content=\"2025-03-04T02:42:40+00:00\" \/>\n<meta property=\"og:image\" content=\"https:\/\/s.w.org\/images\/core\/emoji\/15.0.3\/svg\/2705.svg\" \/>\n<meta name=\"twitter:card\" content=\"summary_large_image\" \/>\n<meta name=\"twitter:label1\" content=\"\u9884\u8ba1\u9605\u8bfb\u65f6\u95f4\" \/>\n\t<meta name=\"twitter:data1\" content=\"3 \u5206\" \/>\n<script type=\"application\/ld+json\" class=\"yoast-schema-graph\">{\"@context\":\"https:\\\/\\\/schema.org\",\"@graph\":[{\"@type\":\"WebPage\",\"@id\":\"https:\\\/\\\/easytaxischiphol.nl\\\/es\\\/services\\\/\",\"url\":\"https:\\\/\\\/easytaxischiphol.nl\\\/es\\\/services\\\/\",\"name\":\"Services - Easy Taxi\",\"isPartOf\":{\"@id\":\"https:\\\/\\\/easytaxischiphol.nl\\\/#website\"},\"primaryImageOfPage\":{\"@id\":\"https:\\\/\\\/easytaxischiphol.nl\\\/es\\\/services\\\/#primaryimage\"},\"image\":{\"@id\":\"https:\\\/\\\/easytaxischiphol.nl\\\/es\\\/services\\\/#primaryimage\"},\"thumbnailUrl\":\"https:\\\/\\\/s.w.org\\\/images\\\/core\\\/emoji\\\/15.0.3\\\/svg\\\/2705.svg\",\"datePublished\":\"2016-12-11T13:57:40+00:00\",\"dateModified\":\"2025-03-04T02:42:40+00:00\",\"inLanguage\":\"zh-Hans\",\"potentialAction\":[{\"@type\":\"ReadAction\",\"target\":[\"https:\\\/\\\/easytaxischiphol.nl\\\/es\\\/services\\\/\"]}]},{\"@type\":\"ImageObject\",\"inLanguage\":\"zh-Hans\",\"@id\":\"https:\\\/\\\/easytaxischiphol.nl\\\/es\\\/services\\\/#primaryimage\",\"url\":\"https:\\\/\\\/s.w.org\\\/images\\\/core\\\/emoji\\\/15.0.3\\\/svg\\\/2705.svg\",\"contentUrl\":\"https:\\\/\\\/s.w.org\\\/images\\\/core\\\/emoji\\\/15.0.3\\\/svg\\\/2705.svg\"},{\"@type\":\"WebSite\",\"@id\":\"https:\\\/\\\/easytaxischiphol.nl\\\/#website\",\"url\":\"https:\\\/\\\/easytaxischiphol.nl\\\/\",\"name\":\"Easy Taxi\",\"description\":\"En nog een WordPress site\",\"potentialAction\":[{\"@type\":\"SearchAction\",\"target\":{\"@type\":\"EntryPoint\",\"urlTemplate\":\"https:\\\/\\\/easytaxischiphol.nl\\\/?s={search_term_string}\"},\"query-input\":{\"@type\":\"PropertyValueSpecification\",\"valueRequired\":true,\"valueName\":\"search_term_string\"}}],\"inLanguage\":\"zh-Hans\"}]}<\/script>\n<!-- \/ Yoast SEO plugin. -->","yoast_head_json":{"title":"Services - Easy Taxi","robots":{"index":"index","follow":"follow","max-snippet":"max-snippet:-1","max-image-preview":"max-image-preview:large","max-video-preview":"max-video-preview:-1"},"canonical":"https:\/\/easytaxischiphol.nl\/es\/services\/","og_locale":"zh_CN","og_type":"article","og_title":"Services - Easy Taxi","og_description":"\u53ef\u9760\u7684\u673a\u573a\u51fa\u79df\u8f66\u670d\u52a1 \u2014 \u76f4\u8fbe\u53f2\u57fa\u6d66\u53ca\u5176\u4ed6\u673a\u573a \u60a8\u662f\u5426\u60f3\u8981\u8f7b\u677e\u5f00\u542f\u60a8\u7684\u65c5\u884c\u6216\u5047\u671f\uff0c\u800c\u65e0\u9700\u62c5\u5fc3\u524d\u5f80\u673a\u573a\u7684\u4ea4\u901a\u95ee\u9898 [&hellip;]","og_url":"https:\/\/easytaxischiphol.nl\/es\/services\/","og_site_name":"Easy Taxi","article_modified_time":"2025-03-04T02:42:40+00:00","og_image":[{"url":"https:\/\/s.w.org\/images\/core\/emoji\/15.0.3\/svg\/2705.svg","type":"","width":"","height":""}],"twitter_card":"summary_large_image","twitter_misc":{"\u9884\u8ba1\u9605\u8bfb\u65f6\u95f4":"3 \u5206"},"schema":{"@context":"https:\/\/schema.org","@graph":[{"@type":"WebPage","@id":"https:\/\/easytaxischiphol.nl\/es\/services\/","url":"https:\/\/easytaxischiphol.nl\/es\/services\/","name":"Services - Easy Taxi","isPartOf":{"@id":"https:\/\/easytaxischiphol.nl\/#website"},"primaryImageOfPage":{"@id":"https:\/\/easytaxischiphol.nl\/es\/services\/#primaryimage"},"image":{"@id":"https:\/\/easytaxischiphol.nl\/es\/services\/#primaryimage"},"thumbnailUrl":"https:\/\/s.w.org\/images\/core\/emoji\/15.0.3\/svg\/2705.svg","datePublished":"2016-12-11T13:57:40+00:00","dateModified":"2025-03-04T02:42:40+00:00","inLanguage":"zh-Hans","potentialAction":[{"@type":"ReadAction","target":["https:\/\/easytaxischiphol.nl\/es\/services\/"]}]},{"@type":"ImageObject","inLanguage":"zh-Hans","@id":"https:\/\/easytaxischiphol.nl\/es\/services\/#primaryimage","url":"https:\/\/s.w.org\/images\/core\/emoji\/15.0.3\/svg\/2705.svg","contentUrl":"https:\/\/s.w.org\/images\/core\/emoji\/15.0.3\/svg\/2705.svg"},{"@type":"WebSite","@id":"https:\/\/easytaxischiphol.nl\/#website","url":"https:\/\/easytaxischiphol.nl\/","name":"Easy Taxi","description":"En nog een WordPress site","potentialAction":[{"@type":"SearchAction","target":{"@type":"EntryPoint","urlTemplate":"https:\/\/easytaxischiphol.nl\/?s={search_term_string}"},"query-input":{"@type":"PropertyValueSpecification","valueRequired":true,"valueName":"search_term_string"}}],"inLanguage":"zh-Hans"}]}},"_links":{"self":[{"href":"https:\/\/easytaxischiphol.nl\/zh\/wp-json\/wp\/v2\/pages\/36","targetHints":{"allow":["GET"]}}],"collection":[{"href":"https:\/\/easytaxischiphol.nl\/zh\/wp-json\/wp\/v2\/pages"}],"about":[{"href":"https:\/\/easytaxischiphol.nl\/zh\/wp-json\/wp\/v2\/types\/page"}],"author":[{"embeddable":true,"href":"https:\/\/easytaxischiphol.nl\/zh\/wp-json\/wp\/v2\/users\/1"}],"replies":[{"embeddable":true,"href":"https:\/\/easytaxischiphol.nl\/zh\/wp-json\/wp\/v2\/comments?post=36"}],"version-history":[{"count":26,"href":"https:\/\/easytaxischiphol.nl\/zh\/wp-json\/wp\/v2\/pages\/36\/revisions"}],"predecessor-version":[{"id":964,"href":"https:\/\/easytaxischiphol.nl\/zh\/wp-json\/wp\/v2\/pages\/36\/revisions\/964"}],"wp:attachment":[{"href":"https:\/\/easytaxischiphol.nl\/zh\/wp-json\/wp\/v2\/media?parent=36"}],"curies":[{"name":"wp","href":"https:\/\/api.w.org\/{rel}","templated":true}]}}