{"id":84,"date":"2017-02-03T19:03:48","date_gmt":"2017-02-03T18:03:48","guid":{"rendered":"https:\/\/easytaxischiphol.nl\/?page_id=84"},"modified":"2025-07-18T12:57:46","modified_gmt":"2025-07-18T10:57:46","slug":"home","status":"publish","type":"page","link":"https:\/\/easytaxischiphol.nl\/tr\/","title":{"rendered":"Home"},"content":{"rendered":"<p><\/p>\n<div class=\"row\">\n<div class=\"col-md-12 text-center\">\n<h2>Kolay taksi Schiphol ile Zaman\u00c4\u00b1nda<\/h2>\n<\/div>\n<\/div>\n<div id=\"services\" class=\"row\">\n<div class=\"col-sm-12\">\n<div class=\"col-md-4 text-center\">\n<div class=\"icon-blue\"><img decoding=\"async\" class=\"desktop\" src=\"https:\/\/easytaxischiphol.nl\/wp-content\/uploads\/2025\/03\/1.png\" alt=\"\" \/><\/div>\n<h3 id=\"tw-target-text\" class=\"tw-data-text tw-ta tw-text-medium\" dir=\"ltr\" data-placeholder=\"Vertaling\"><span lang=\"tr\">K\u00c4\u00b0TAP A TAXI<\/span><\/h3>\n<\/div>\n<div class=\"col-md-4 text-center\">\n<div class=\"icon-blue\"><img decoding=\"async\" class=\"desktop\" src=\"https:\/\/easytaxischiphol.nl\/wp-content\/uploads\/2025\/03\/2.png\" alt=\"\" \/><\/div>\n<h3 id=\"tw-target-text\" class=\"tw-data-text tw-ta tw-text-medium\" dir=\"ltr\" data-placeholder=\"Vertaling\"><span lang=\"tr\">ZAMAN TOPLANAN<\/span><\/h3>\n<\/div>\n<div class=\"col-md-4 text-center\">\n<div class=\"icon-blue\"><img decoding=\"async\" class=\"desktop\" src=\"https:\/\/easytaxischiphol.nl\/wp-content\/uploads\/2025\/03\/3.png\" alt=\"\" \/><\/div>\n<h3>ZAMAN GELD\u00c4\u00b0<\/h3>\n<\/div>\n<p><!--div class=\"col-md-3 text-center\">\n\n\n<div class=\"icon-blue\"><img decoding=\"async\" class=\"desktop\" src=\"\/wp-content\/themes\/easytaxi\/images\/cahs.png\" alt=\"\" \/><\/div>\n\n\n\n\n<h3>\u00c3\u2013DEME<\/h3>\n\n\n<\/div-->\n<\/div>\n<\/div>\n<div id=\"bottom-portion\" class=\"row\">\n<div class=\"col-md-12 text-center border-blue\">\n<h4>KOLAY TAXI Schiphol \u00c3\u0153ZER\u00c4\u00b0NE DAHA<\/h4>\n<\/div>\n<\/div>\n<p><!--div>\n\n\n<h2>Kolay Taksi Schiphol ile Zaman<\/h2>\n\n\n\n\n<div id=\"tw-target-text-container\" class=\"tw-nfl tw-ta-container\">\n\n\n<p id=\"tw-target-text\" class=\"tw-data-text tw-ta tw-text-small\" dir=\"ltr\" data-placeholder=\"Vertaling\"><span lang=\"tr\">Tabii ki zaman\u00c4\u00b1nda u\u00c3\u00a7ak gibi olsun istiyorum! Kolay Taksi Schiphol sayesinde de kesinlikle ba\u00c5\u0178ar\u00c4\u00b1l\u00c4\u00b1 oldu\u00c4\u0178unu! Bize bir\u00c3\u00a7ok faydalar g\u00c3\u00bcvenebilirsiniz. Yani do\u00c4\u0178rudan bir taksi kitap (veya \u00c3\u00a7a\u00c4\u0178r\u00c4\u00b1), zaman\u00c4\u00b1nda ald\u00c4\u00b1 ve bu nedenle zaman\u00c4\u00b1nda varmak \u00c3\u00bczere ilgili size sayabilir ve bizimle kolayca \u00c3\u00b6deyebilirsiniz yapabilirsiniz. E\u00c4\u0178er Oostvoorne, Berkel ve Hellevoetsluis Rodenrijs gelen olsun, taksi hizmeti zaman\u00c4\u00b1nda havaalan\u00c4\u00b1na g\u00c3\u00b6t\u00c3\u00bcrecek haz\u00c4\u00b1rd\u00c4\u00b1r. E\u00c4\u0178er faydalar\u00c4\u00b1n\u00c4\u00b1 ke\u00c5\u0178fedecek hizmetimizin ve \u00c3\u00b6z yararlanarak yaparken art\u00c4\u00b1k, u\u00c3\u00a7u\u00c5\u0178 \u00c3\u00b6zleyece\u00c4\u0178im.<\/span><\/p>\n\n\n\n<\/div>\n\n\n\n\n<h2 id=\"tw-target-text\" class=\"tw-data-text tw-ta tw-text-medium\" dir=\"ltr\" data-placeholder=\"Vertaling\"><span lang=\"tr\">hesaplama \u00c3\u00bccreti<\/span><\/h2>\n\n\n\n\n<div id=\"tw-target-text-container\" class=\"tw-nfl tw-ta-container\">\n\n\n<p id=\"tw-target-text\" class=\"tw-data-text tw-ta tw-text-small\" dir=\"ltr\" data-placeholder=\"Vertaling\"><span lang=\"tr\">\u00c3\u2021evrimi\u00c3\u00a7i Kolay Taksi Schiphol kolayca \u00c3\u00bccreti hesaplamak? Elbette yapabilirsin! Sen ayr\u00c4\u00b1lacak, adres, \u00c5\u0178ehir, cadde ve ev numaras\u00c4\u00b1ndan devam. E\u00c4\u0178er \u00c3\u00b6rnek Schiphol Havaalan\u00c4\u00b1 Amsterdam i\u00c3\u00a7in, gitmek istedi\u00c4\u0178iniz yere Sonra se\u00c3\u00a7in. \u00c3\u2013yleyse bunun ka\u00c3\u00a7 ki\u00c5\u0178i g\u00c3\u00b6sterir ve daha sonra b\u00c3\u00b6yle bir station wagon olarak, araba se\u00c3\u00a7ebilir. Daha sonra, fare, do\u00c4\u0178rudan hesaplanabilir. Yani hemen Kolay Taksi Schiphol, sen ho\u00c5\u0178 olmayan s\u00c3\u00bcrprizler gelmek art\u00c4\u00b1k endi\u00c5\u0178e ile nerede durdu\u00c4\u0178unuzu biliyorum! Ayr\u00c4\u00b1ca Schiphol Havaalan\u00c4\u00b1 taksi hizmeti kullanmak ve t\u00c3\u00bcm yarar Vlaardingen, Hoogvliet ve Hendrik-Ido-Ambacht g\u00c3\u00b6rebilirsiniz. Taksiyle do\u00c4\u0178rusu otob\u00c3\u00bcs ile? E\u00c4\u0178er faydalar\u00c4\u00b1 Easy Taksi Schiphol se\u00c3\u00a7erseniz neler \u00c3\u00b6\u00c4\u0178rendik. U\u00c3\u00a7u\u00c5\u0178 giderken Amsterdam havaalan\u00c4\u00b1 taksi \u00c5\u0178imdi sizin i\u00c3\u00a7in haz\u00c4\u00b1rd\u00c4\u00b1r?<\/span><\/p>\n\n\n\n<\/div>\n\n\n\n\n<h2>taksi Schiphol i\u00c3\u00a7in<\/h2>\n\n\n\n\n<div id=\"tw-target-text-container\" class=\"tw-nfl tw-ta-container\">\n\n\n<p id=\"tw-target-text\" class=\"tw-data-text tw-ta tw-text-small\" dir=\"ltr\" data-placeholder=\"Vertaling\"><span lang=\"tr\">Kolay taksi kolayca olamaz, Schiphol Havaalan\u00c4\u00b1'na binmek? Rotterdam, Krimpen aan den IJssel veya Bleiswijk dan Schiphol kitaplardan Bir taksi, bize do\u00c4\u0178ru olabilir. Ayr\u00c4\u00b1ca Dordrecht, Papendrecht, Dordrecht ve Alblasserdam dan taksi Schiphol yapt\u00c4\u00b1rabilirsiniz. Havaalan\u00c4\u00b1 Schiphol taksi Havaalan\u00c4\u00b1na zaman\u00c4\u00b1nda almak i\u00c3\u00a7in vard\u00c4\u00b1r. E\u00c4\u0178er uzun s\u00c3\u00bcre beklemek zorunda Merak etmeyin, Kolay Taksi Schiphol sizin ve di\u00c4\u0178er yolcular i\u00c3\u00a7in zaman\u00c4\u00b1. Sen di\u00c4\u0178erlerini beklemek ve di\u00c4\u0178erlerini taciz ya da sizi g\u00c3\u00b6t\u00c3\u00bcrmek istedi\u00c4\u0178iniz gerekmez. Bizim hizmet art\u00c4\u00b1k sizin i\u00c3\u00a7in haz\u00c4\u00b1rd\u00c4\u00b1r ve Bulnd\u00c4\u0178nz k\u00c4\u00b1vama bizi tan\u00c4\u00b1yorsunuz.<\/span><\/p>\n\n\n\n<\/div>\n\n\n\n\n<h2 id=\"tw-target-text\" class=\"tw-data-text tw-ta tw-text-medium\" dir=\"ltr\" data-placeholder=\"Vertaling\"><span lang=\"tr\">Schiphol Taksi rezervasyon<\/span><\/h2>\n\n\n\n\n<div id=\"tw-target-text-container\" class=\"tw-nfl tw-ta-container\">\n\n\n<p id=\"tw-target-text\" class=\"tw-data-text tw-ta tw-text-small\" dir=\"ltr\" data-placeholder=\"Vertaling\"><span lang=\"tr\">Schiphol taksi hatt\u00c4\u00b1 art\u00c4\u00b1k kolayca Kolay Taksi Schiphol ile yapabilirsiniz. Yoksa Krimpen aan den IJssel ya\u00c5\u0178ad\u00c4\u00b1\u00c4\u0178\u00c4\u00b1, Bergschenhoek veya Schiedam, biz sizin i\u00c3\u00a7in vard\u00c4\u00b1r ve havaalan\u00c4\u00b1na g\u00c3\u00b6t\u00c3\u00bcrecek. Kolay Taksi Schiphol tanzimi gibi Havaalan\u00c4\u00b1 Ula\u00c5\u0178\u00c4\u00b1m kadar kolay olmad\u00c4\u00b1. Havaalan\u00c4\u00b1na veya Spijkenisse Brielle gelen seyahat etmek nedenle h\u00c4\u00b1zla Schiphol taksi kullan\u00c4\u00b1n. Schiphol Havaalan\u00c4\u00b1 Taksi sizi bekliyor. kullan\u00c4\u00b1n, size se\u00c3\u00a7ebilir iyi havaliman\u00c4\u00b1 hizmettir!<\/span><\/p>\n\n\n\n\n\n<pre class=\"tw-data-text tw-ta tw-text-small\" lang=\"tr\"><\/pre>\n\n\n<\/div>\n\n\n<\/div-->\n<div class=\"text-left home-bottom\">\n<h2>Easy Taxi ile Schiphol&#8217;e Her Zaman Zaman\u0131nda Ula\u015f\u0131n!<\/h2>\n<p>U\u00e7u\u015funuzu ka\u00e7\u0131rma endi\u015fesi ta\u015f\u0131madan seyahat etmek ister misiniz? <strong>Easy Taxi Schiphol<\/strong> sizi g\u00fcvenli ve dakik bir \u015fekilde havaliman\u0131na ula\u015ft\u0131r\u0131r! Online olarak kolayca rezervasyon yap\u0131n ve g\u00fcvenilir hizmetimizin keyfini \u00e7\u0131kar\u0131n. <strong>Oostvoorne, Berkel en Rodenrijs, Hellevoetsluis veya Breda<\/strong>&#8216;da m\u0131 ya\u015f\u0131yorsunuz? Sizi konforlu ve stressiz bir \u015fekilde Schiphol&#8217;e g\u00f6t\u00fcrmeye haz\u0131r\u0131z. \u00d6deme i\u015flemi de basit ve sorunsuz.<\/p>\n<p style=\"font-weight: bold; font-size: 18px; margin-bottom: 35px;\">Art\u0131k u\u00e7u\u015f ka\u00e7\u0131rmak yok \u2013 \u015fimdi rezervasyon yap\u0131n ve Easy Taxi Schiphol kolayl\u0131\u011f\u0131n\u0131 ya\u015fay\u0131n!<\/p>\n<h2>Easy Taxi Schiphol ile Seyahat \u00dccretinizi Kolayca Hesaplay\u0131n!<\/h2>\n<p>Easy Taxi Schiphol ile seyahatinizin maliyetini hemen \u00f6\u011frenebilirsiniz. <strong>Kalk\u0131\u015f adresinizi, var\u0131\u015f noktan\u0131z\u0131<\/strong> (\u00f6rne\u011fin Schiphol Havaliman\u0131), <strong>yolcu say\u0131s\u0131n\u0131<\/strong> ve tercih etti\u011finiz arac\u0131, \u00f6rne\u011fin bir station wagon, girerek an\u0131nda seyahat \u00fccretinizi \u00f6\u011frenin. S\u00fcrpriz yok, yaln\u0131zca netlik!<\/p>\n<p><strong>Vlaardingen, Hoogvliet ve Hendrik-Ido-Ambacht<\/strong>&#8216;tan da Schiphol&#8217;e g\u00fcvenilir taksi hizmetimizden yararlanabilirsiniz. Taksi mi otob\u00fcs m\u00fc? Easy Taxi Schiphol fark\u0131n\u0131 kendiniz ke\u015ffedin.<\/p>\n<p style=\"font-weight: bold; font-size: 18px; margin-bottom: 35px;\">Taksiniz haz\u0131r!<\/p>\n<h2>H\u0131zl\u0131 ve Sorunsuz Bir \u015eekilde Havaliman\u0131na Taksi ile Ula\u015f\u0131n<\/h2>\n<p>Konforlu ve g\u00fcvenilir bir havaliman\u0131 taksisi mi ar\u0131yorsunuz? Easy Taxi Schiphol sizi sadece Schiphol&#8217;e de\u011fil, <strong>Hollanda, Bel\u00e7ika ve Almanya&#8217;daki<\/strong> t\u00fcm havalimanlar\u0131na ula\u015ft\u0131r\u0131r!<\/p>\n<p><strong>Rotterdam, Krimpen aan den IJssel, Bleiswijk, Dordrecht, Papendrecht, Zwijndrecht, Alblasserdam<\/strong> ve \u00e7evresinden hareket edin \u2013 sizi tam zaman\u0131nda var\u0131\u015f noktan\u0131za ula\u015ft\u0131r\u0131yoruz.<\/p>\n<ul>\n<li>\u2714 Bekleme s\u00fcresi yok<\/li>\n<li>\u2714 Park yeri derdi yok<\/li>\n<li>\u2714 Ba\u015fkalar\u0131na ba\u011f\u0131ml\u0131 kalmadan seyahat<\/li>\n<\/ul>\n<p style=\"font-weight: bold; font-size: 18px; margin-bottom: 35px;\">\u015eimdi rezervasyon yap\u0131n ve havaliman\u0131na stressiz bir yolculuk yap\u0131n!<\/p>\n<h2>Online Havaliman\u0131 Taksi Rezervasyonu? \u00c7ok Kolay!<\/h2>\n<p>Easy Taxi ile havaliman\u0131 taksinizi h\u0131zl\u0131 ve kolay bir \u015fekilde ay\u0131rt\u0131n. <strong>Krimpen aan den IJssel, Bergschenhoek, Zoetermeer, Delft, Schiedam, Spijkenisse veya Brielle<\/strong>&#8216;de mi ya\u015f\u0131yorsunuz? Sizi <strong>Hollanda, Bel\u00e7ika ve Almanya&#8217;daki<\/strong> herhangi bir havaliman\u0131na g\u00fcvenle ve zaman\u0131nda ula\u015ft\u0131r\u0131yoruz.<\/p>\n<ul>\n<li>\u2714 Kolay online rezervasyon<\/li>\n<li>\u2714 G\u00fcvenilir ve konforlu hizmet<\/li>\n<li>\u2714 Havaliman\u0131na her zaman zaman\u0131nda var\u0131\u015f<\/li>\n<\/ul>\n<p style=\"font-weight: bold; font-size: 18px;\">En iyi havaliman\u0131 servisi sizi bekliyor! \u015eimdi havaliman\u0131 taksinizi rezerve edin ve stressiz seyahat edin!<\/p>\n<\/div>\n<p><\/p>","protected":false},"excerpt":{"rendered":"<p>Kolay taksi Schiphol ile Zaman\u00c4\u00b1nda K\u00c4\u00b0TAP A TAXI ZAMAN TOPLANAN ZAMAN GELD\u00c4\u00b0 KOLAY TAXI Schiphol \u00c3\u0153ZER\u00c4\u00b0NE DAHA Easy Taxi ile Schiphol&#8217;e Her Zaman Zaman\u0131nda Ula\u015f\u0131n! U\u00e7u\u015funuzu ka\u00e7\u0131rma endi\u015fesi ta\u015f\u0131madan seyahat etmek ister misiniz? Easy Taxi Schiphol sizi g\u00fcvenli ve dakik bir \u015fekilde havaliman\u0131na ula\u015ft\u0131r\u0131r! Online olarak kolayca rezervasyon yap\u0131n ve g\u00fcvenilir hizmetimizin keyfini \u00e7\u0131kar\u0131n. Oostvoorne, [&hellip;]<\/p>\n","protected":false},"author":1,"featured_media":0,"parent":0,"menu_order":0,"comment_status":"closed","ping_status":"closed","template":"homepage-page.php","meta":{"footnotes":""},"class_list":["post-84","page","type-page","status-publish","hentry"],"acf":[],"yoast_head":"<!-- This site is optimized with the Yoast SEO plugin v27.4 - https:\/\/yoast.com\/product\/yoast-seo-wordpress\/ -->\n<title>Easytaxi is de Schipholtaxi met vast tarief van \u00e2\u201a\u00ac77,50<\/title>\n<meta name=\"description\" content=\"Schipholtaxi voor slechts 77,50 nergens goedkoper. Boek eenvoudig online bij EasyTaxiSchiphol.nl. 24\/7 service, altijd op tijd, gratis annuleren en betrouwbare\u00a0chauffeurs.\" \/>\n<meta name=\"robots\" content=\"index, follow, max-snippet:-1, max-image-preview:large, max-video-preview:-1\" \/>\n<link rel=\"canonical\" href=\"https:\/\/easytaxischiphol.nl\/\" \/>\n<meta property=\"og:locale\" content=\"tr_TR\" \/>\n<meta property=\"og:type\" content=\"article\" \/>\n<meta property=\"og:title\" content=\"Easytaxi is de Schipholtaxi met vast tarief van \u00e2\u201a\u00ac77,50\" \/>\n<meta property=\"og:description\" content=\"Schipholtaxi voor slechts 77,50 nergens goedkoper. Boek eenvoudig online bij EasyTaxiSchiphol.nl. 24\/7 service, altijd op tijd, gratis annuleren en betrouwbare\u00a0chauffeurs.\" \/>\n<meta property=\"og:url\" content=\"https:\/\/easytaxischiphol.nl\/\" \/>\n<meta property=\"og:site_name\" content=\"Easy Taxi\" \/>\n<meta property=\"article:modified_time\" content=\"2025-07-18T10:57:46+00:00\" \/>\n<meta property=\"og:image\" content=\"https:\/\/easytaxischiphol.nl\/wp-content\/uploads\/2025\/03\/1.png\" \/>\n<meta name=\"twitter:card\" content=\"summary_large_image\" \/>\n<meta name=\"twitter:label1\" content=\"Tahmini okuma s\u00fcresi\" \/>\n\t<meta name=\"twitter:data1\" content=\"27 dakika\" \/>\n<script type=\"application\/ld+json\" class=\"yoast-schema-graph\">{\"@context\":\"https:\\\/\\\/schema.org\",\"@graph\":[{\"@type\":\"WebPage\",\"@id\":\"https:\\\/\\\/easytaxischiphol.nl\\\/\",\"url\":\"https:\\\/\\\/easytaxischiphol.nl\\\/\",\"name\":\"Easytaxi is de Schipholtaxi met vast tarief van \u00e2\u201a\u00ac77,50\",\"isPartOf\":{\"@id\":\"https:\\\/\\\/easytaxischiphol.nl\\\/#website\"},\"primaryImageOfPage\":{\"@id\":\"https:\\\/\\\/easytaxischiphol.nl\\\/#primaryimage\"},\"image\":{\"@id\":\"https:\\\/\\\/easytaxischiphol.nl\\\/#primaryimage\"},\"thumbnailUrl\":\"https:\\\/\\\/easytaxischiphol.nl\\\/wp-content\\\/uploads\\\/2025\\\/03\\\/1.png\",\"datePublished\":\"2017-02-03T18:03:48+00:00\",\"dateModified\":\"2025-07-18T10:57:46+00:00\",\"description\":\"Schipholtaxi voor slechts 77,50 nergens goedkoper. Boek eenvoudig online bij EasyTaxiSchiphol.nl. 24\\\/7 service, altijd op tijd, gratis annuleren en betrouwbare\u00a0chauffeurs.\",\"inLanguage\":\"tr\",\"potentialAction\":[{\"@type\":\"ReadAction\",\"target\":[\"https:\\\/\\\/easytaxischiphol.nl\\\/\"]}]},{\"@type\":\"ImageObject\",\"inLanguage\":\"tr\",\"@id\":\"https:\\\/\\\/easytaxischiphol.nl\\\/#primaryimage\",\"url\":\"https:\\\/\\\/easytaxischiphol.nl\\\/wp-content\\\/uploads\\\/2025\\\/03\\\/1.png\",\"contentUrl\":\"https:\\\/\\\/easytaxischiphol.nl\\\/wp-content\\\/uploads\\\/2025\\\/03\\\/1.png\"},{\"@type\":\"WebSite\",\"@id\":\"https:\\\/\\\/easytaxischiphol.nl\\\/#website\",\"url\":\"https:\\\/\\\/easytaxischiphol.nl\\\/\",\"name\":\"Easy Taxi\",\"description\":\"En nog een WordPress site\",\"potentialAction\":[{\"@type\":\"SearchAction\",\"target\":{\"@type\":\"EntryPoint\",\"urlTemplate\":\"https:\\\/\\\/easytaxischiphol.nl\\\/?s={search_term_string}\"},\"query-input\":{\"@type\":\"PropertyValueSpecification\",\"valueRequired\":true,\"valueName\":\"search_term_string\"}}],\"inLanguage\":\"tr\"}]}<\/script>\n<!-- \/ Yoast SEO plugin. -->","yoast_head_json":{"title":"Easytaxi is de Schipholtaxi met vast tarief van \u00e2\u201a\u00ac77,50","description":"Schipholtaxi voor slechts 77,50 nergens goedkoper. Boek eenvoudig online bij EasyTaxiSchiphol.nl. 24\/7 service, altijd op tijd, gratis annuleren en betrouwbare\u00a0chauffeurs.","robots":{"index":"index","follow":"follow","max-snippet":"max-snippet:-1","max-image-preview":"max-image-preview:large","max-video-preview":"max-video-preview:-1"},"canonical":"https:\/\/easytaxischiphol.nl\/","og_locale":"tr_TR","og_type":"article","og_title":"Easytaxi is de Schipholtaxi met vast tarief van \u00e2\u201a\u00ac77,50","og_description":"Schipholtaxi voor slechts 77,50 nergens goedkoper. Boek eenvoudig online bij EasyTaxiSchiphol.nl. 24\/7 service, altijd op tijd, gratis annuleren en betrouwbare\u00a0chauffeurs.","og_url":"https:\/\/easytaxischiphol.nl\/","og_site_name":"Easy Taxi","article_modified_time":"2025-07-18T10:57:46+00:00","og_image":[{"url":"https:\/\/easytaxischiphol.nl\/wp-content\/uploads\/2025\/03\/1.png","type":"","width":"","height":""}],"twitter_card":"summary_large_image","twitter_misc":{"Tahmini okuma s\u00fcresi":"27 dakika"},"schema":{"@context":"https:\/\/schema.org","@graph":[{"@type":"WebPage","@id":"https:\/\/easytaxischiphol.nl\/","url":"https:\/\/easytaxischiphol.nl\/","name":"Easytaxi is de Schipholtaxi met vast tarief van \u00e2\u201a\u00ac77,50","isPartOf":{"@id":"https:\/\/easytaxischiphol.nl\/#website"},"primaryImageOfPage":{"@id":"https:\/\/easytaxischiphol.nl\/#primaryimage"},"image":{"@id":"https:\/\/easytaxischiphol.nl\/#primaryimage"},"thumbnailUrl":"https:\/\/easytaxischiphol.nl\/wp-content\/uploads\/2025\/03\/1.png","datePublished":"2017-02-03T18:03:48+00:00","dateModified":"2025-07-18T10:57:46+00:00","description":"Schipholtaxi voor slechts 77,50 nergens goedkoper. Boek eenvoudig online bij EasyTaxiSchiphol.nl. 24\/7 service, altijd op tijd, gratis annuleren en betrouwbare\u00a0chauffeurs.","inLanguage":"tr","potentialAction":[{"@type":"ReadAction","target":["https:\/\/easytaxischiphol.nl\/"]}]},{"@type":"ImageObject","inLanguage":"tr","@id":"https:\/\/easytaxischiphol.nl\/#primaryimage","url":"https:\/\/easytaxischiphol.nl\/wp-content\/uploads\/2025\/03\/1.png","contentUrl":"https:\/\/easytaxischiphol.nl\/wp-content\/uploads\/2025\/03\/1.png"},{"@type":"WebSite","@id":"https:\/\/easytaxischiphol.nl\/#website","url":"https:\/\/easytaxischiphol.nl\/","name":"Easy Taxi","description":"En nog een WordPress site","potentialAction":[{"@type":"SearchAction","target":{"@type":"EntryPoint","urlTemplate":"https:\/\/easytaxischiphol.nl\/?s={search_term_string}"},"query-input":{"@type":"PropertyValueSpecification","valueRequired":true,"valueName":"search_term_string"}}],"inLanguage":"tr"}]}},"_links":{"self":[{"href":"https:\/\/easytaxischiphol.nl\/tr\/wp-json\/wp\/v2\/pages\/84","targetHints":{"allow":["GET"]}}],"collection":[{"href":"https:\/\/easytaxischiphol.nl\/tr\/wp-json\/wp\/v2\/pages"}],"about":[{"href":"https:\/\/easytaxischiphol.nl\/tr\/wp-json\/wp\/v2\/types\/page"}],"author":[{"embeddable":true,"href":"https:\/\/easytaxischiphol.nl\/tr\/wp-json\/wp\/v2\/users\/1"}],"replies":[{"embeddable":true,"href":"https:\/\/easytaxischiphol.nl\/tr\/wp-json\/wp\/v2\/comments?post=84"}],"version-history":[{"count":72,"href":"https:\/\/easytaxischiphol.nl\/tr\/wp-json\/wp\/v2\/pages\/84\/revisions"}],"predecessor-version":[{"id":1243,"href":"https:\/\/easytaxischiphol.nl\/tr\/wp-json\/wp\/v2\/pages\/84\/revisions\/1243"}],"wp:attachment":[{"href":"https:\/\/easytaxischiphol.nl\/tr\/wp-json\/wp\/v2\/media?parent=84"}],"curies":[{"name":"wp","href":"https:\/\/api.w.org\/{rel}","templated":true}]}}