{"id":80,"date":"2017-01-09T02:04:08","date_gmt":"2017-01-09T01:04:08","guid":{"rendered":"https:\/\/easytaxischiphol.nl\/?page_id=80"},"modified":"2017-04-13T23:31:00","modified_gmt":"2017-04-13T21:31:00","slug":"success","status":"publish","type":"page","link":"https:\/\/easytaxischiphol.nl\/tr\/success\/","title":{"rendered":"Bedankt!"},"content":{"rendered":"<p>Rezervasyonunuz sadece ba\u00c5\u0178ar\u00c4\u00b1l\u00c4\u00b1 taraf\u00c4\u00b1m\u00c4\u00b1zdan al\u00c4\u00b1nm\u00c4\u00b1\u00c5\u0178t\u00c4\u00b1r!<\/p>\n<p>E-posta adresini girmi\u00c5\u0178 g\u00c3\u00b6nderilen bir e-posta var onaylamak i\u00c3\u00a7in.<\/p>","protected":false},"excerpt":{"rendered":"<p>Rezervasyonunuz sadece ba\u00c5\u0178ar\u00c4\u00b1l\u00c4\u00b1 taraf\u00c4\u00b1m\u00c4\u00b1zdan al\u00c4\u00b1nm\u00c4\u00b1\u00c5\u0178t\u00c4\u00b1r! E-posta adresini girmi\u00c5\u0178 g\u00c3\u00b6nderilen bir e-posta var onaylamak i\u00c3\u00a7in.<\/p>\n","protected":false},"author":1,"featured_media":0,"parent":0,"menu_order":0,"comment_status":"closed","ping_status":"closed","template":"","meta":{"footnotes":""},"class_list":["post-80","page","type-page","status-publish","hentry"],"acf":[],"yoast_head":"<!-- This site is optimized with the Yoast SEO plugin v27.1.1 - https:\/\/yoast.com\/product\/yoast-seo-wordpress\/ -->\n<title>Bedankt! - Easy Taxi<\/title>\n<meta name=\"robots\" content=\"index, follow, max-snippet:-1, max-image-preview:large, max-video-preview:-1\" \/>\n<link rel=\"canonical\" href=\"https:\/\/easytaxischiphol.nl\/success\/\" \/>\n<meta property=\"og:locale\" content=\"tr_TR\" \/>\n<meta property=\"og:type\" content=\"article\" \/>\n<meta property=\"og:title\" content=\"Bedankt! - Easy Taxi\" \/>\n<meta property=\"og:description\" content=\"Rezervasyonunuz sadece ba\u00c5\u0178ar\u00c4\u00b1l\u00c4\u00b1 taraf\u00c4\u00b1m\u00c4\u00b1zdan al\u00c4\u00b1nm\u00c4\u00b1\u00c5\u0178t\u00c4\u00b1r! E-posta adresini girmi\u00c5\u0178 g\u00c3\u00b6nderilen bir e-posta var onaylamak i\u00c3\u00a7in.\" \/>\n<meta property=\"og:url\" content=\"https:\/\/easytaxischiphol.nl\/success\/\" \/>\n<meta property=\"og:site_name\" content=\"Easy Taxi\" \/>\n<meta property=\"article:modified_time\" content=\"2017-04-13T21:31:00+00:00\" \/>\n<meta name=\"twitter:card\" content=\"summary_large_image\" \/>\n<meta name=\"twitter:label1\" content=\"Tahmini okuma s\u00fcresi\" \/>\n\t<meta name=\"twitter:data1\" content=\"1 dakika\" \/>\n<script type=\"application\/ld+json\" class=\"yoast-schema-graph\">{\"@context\":\"https:\/\/schema.org\",\"@graph\":[{\"@type\":\"WebPage\",\"@id\":\"https:\/\/easytaxischiphol.nl\/success\/\",\"url\":\"https:\/\/easytaxischiphol.nl\/success\/\",\"name\":\"Bedankt! - Easy Taxi\",\"isPartOf\":{\"@id\":\"https:\/\/easytaxischiphol.nl\/#website\"},\"datePublished\":\"2017-01-09T01:04:08+00:00\",\"dateModified\":\"2017-04-13T21:31:00+00:00\",\"inLanguage\":\"tr\",\"potentialAction\":[{\"@type\":\"ReadAction\",\"target\":[\"https:\/\/easytaxischiphol.nl\/success\/\"]}]},{\"@type\":\"WebSite\",\"@id\":\"https:\/\/easytaxischiphol.nl\/#website\",\"url\":\"https:\/\/easytaxischiphol.nl\/\",\"name\":\"Easy Taxi\",\"description\":\"En nog een WordPress site\",\"potentialAction\":[{\"@type\":\"SearchAction\",\"target\":{\"@type\":\"EntryPoint\",\"urlTemplate\":\"https:\/\/easytaxischiphol.nl\/?s={search_term_string}\"},\"query-input\":{\"@type\":\"PropertyValueSpecification\",\"valueRequired\":true,\"valueName\":\"search_term_string\"}}],\"inLanguage\":\"tr\"}]}<\/script>\n<!-- \/ Yoast SEO plugin. -->","yoast_head_json":{"title":"Bedankt! - Easy Taxi","robots":{"index":"index","follow":"follow","max-snippet":"max-snippet:-1","max-image-preview":"max-image-preview:large","max-video-preview":"max-video-preview:-1"},"canonical":"https:\/\/easytaxischiphol.nl\/success\/","og_locale":"tr_TR","og_type":"article","og_title":"Bedankt! - Easy Taxi","og_description":"Rezervasyonunuz sadece ba\u00c5\u0178ar\u00c4\u00b1l\u00c4\u00b1 taraf\u00c4\u00b1m\u00c4\u00b1zdan al\u00c4\u00b1nm\u00c4\u00b1\u00c5\u0178t\u00c4\u00b1r! E-posta adresini girmi\u00c5\u0178 g\u00c3\u00b6nderilen bir e-posta var onaylamak i\u00c3\u00a7in.","og_url":"https:\/\/easytaxischiphol.nl\/success\/","og_site_name":"Easy Taxi","article_modified_time":"2017-04-13T21:31:00+00:00","twitter_card":"summary_large_image","twitter_misc":{"Tahmini okuma s\u00fcresi":"1 dakika"},"schema":{"@context":"https:\/\/schema.org","@graph":[{"@type":"WebPage","@id":"https:\/\/easytaxischiphol.nl\/success\/","url":"https:\/\/easytaxischiphol.nl\/success\/","name":"Bedankt! - Easy Taxi","isPartOf":{"@id":"https:\/\/easytaxischiphol.nl\/#website"},"datePublished":"2017-01-09T01:04:08+00:00","dateModified":"2017-04-13T21:31:00+00:00","inLanguage":"tr","potentialAction":[{"@type":"ReadAction","target":["https:\/\/easytaxischiphol.nl\/success\/"]}]},{"@type":"WebSite","@id":"https:\/\/easytaxischiphol.nl\/#website","url":"https:\/\/easytaxischiphol.nl\/","name":"Easy Taxi","description":"En nog een WordPress site","potentialAction":[{"@type":"SearchAction","target":{"@type":"EntryPoint","urlTemplate":"https:\/\/easytaxischiphol.nl\/?s={search_term_string}"},"query-input":{"@type":"PropertyValueSpecification","valueRequired":true,"valueName":"search_term_string"}}],"inLanguage":"tr"}]}},"_links":{"self":[{"href":"https:\/\/easytaxischiphol.nl\/tr\/wp-json\/wp\/v2\/pages\/80","targetHints":{"allow":["GET"]}}],"collection":[{"href":"https:\/\/easytaxischiphol.nl\/tr\/wp-json\/wp\/v2\/pages"}],"about":[{"href":"https:\/\/easytaxischiphol.nl\/tr\/wp-json\/wp\/v2\/types\/page"}],"author":[{"embeddable":true,"href":"https:\/\/easytaxischiphol.nl\/tr\/wp-json\/wp\/v2\/users\/1"}],"replies":[{"embeddable":true,"href":"https:\/\/easytaxischiphol.nl\/tr\/wp-json\/wp\/v2\/comments?post=80"}],"version-history":[{"count":5,"href":"https:\/\/easytaxischiphol.nl\/tr\/wp-json\/wp\/v2\/pages\/80\/revisions"}],"predecessor-version":[{"id":199,"href":"https:\/\/easytaxischiphol.nl\/tr\/wp-json\/wp\/v2\/pages\/80\/revisions\/199"}],"wp:attachment":[{"href":"https:\/\/easytaxischiphol.nl\/tr\/wp-json\/wp\/v2\/media?parent=80"}],"curies":[{"name":"wp","href":"https:\/\/api.w.org\/{rel}","templated":true}]}}