{"id":84,"date":"2017-02-03T19:03:48","date_gmt":"2017-02-03T18:03:48","guid":{"rendered":"https:\/\/easytaxischiphol.nl\/?page_id=84"},"modified":"2025-07-18T12:57:46","modified_gmt":"2025-07-18T10:57:46","slug":"home","status":"publish","type":"page","link":"https:\/\/easytaxischiphol.nl\/pt\/","title":{"rendered":"Home"},"content":{"rendered":"<p><\/p>\n<div class=\"row\">\n<div class=\"col-md-12 text-center\">\n<h2>No tempo, com f\u00c3\u00a1cil Schiphol t\u00c3\u00a1xi<\/h2>\n<\/div>\n<\/div>\n<div id=\"services\" class=\"row\">\n<div class=\"col-sm-12\">\n<div class=\"col-md-4 text-center\">\n<div class=\"icon-blue\"><img decoding=\"async\" class=\"desktop\" src=\"https:\/\/easytaxischiphol.nl\/wp-content\/uploads\/2025\/03\/1.png\" alt=\"\" \/><\/div>\n<h3 id=\"tw-target-text\" class=\"tw-data-text tw-ta tw-text-medium\" dir=\"ltr\" data-placeholder=\"Vertaling\"><span lang=\"pt\">Reservar um t\u00c3\u00a1xi<\/span><\/h3>\n<\/div>\n<div class=\"col-md-4 text-center\">\n<div class=\"icon-blue\"><img decoding=\"async\" class=\"desktop\" src=\"https:\/\/easytaxischiphol.nl\/wp-content\/uploads\/2025\/03\/2.png\" alt=\"\" \/><\/div>\n<h3>TEMPO RECOLHIDOS<\/h3>\n<\/div>\n<div class=\"col-md-4 text-center\">\n<div class=\"icon-blue\"><img decoding=\"async\" class=\"desktop\" src=\"https:\/\/easytaxischiphol.nl\/wp-content\/uploads\/2025\/03\/3.png\" alt=\"\" \/><\/div>\n<h3 id=\"tw-target-text\" class=\"tw-data-text tw-ta tw-text-medium\" dir=\"ltr\" data-placeholder=\"Vertaling\"><span lang=\"pt\">HORA CHEGOU<\/span><\/h3>\n<\/div>\n<p><!--div class=\"col-md-3 text-center\">\n\n\n<div class=\"icon-blue\"><img decoding=\"async\" class=\"desktop\" src=\"\/wp-content\/themes\/easytaxi\/images\/cahs.png\" alt=\"\" \/><\/div>\n\n\n\n\n<h3>COMPRAR<\/h3>\n\n\n<\/div-->\n<\/div>\n<\/div>\n<div id=\"bottom-portion\" class=\"row\">\n<div class=\"col-md-12 text-center border-blue\">\n<h2 id=\"tw-target-text\" class=\"tw-data-text tw-ta tw-text-medium\" dir=\"ltr\" data-placeholder=\"Vertaling\"><span lang=\"pt\">MAIS SOBRE SCHIPHOL TAXI EASY<\/span><\/h2>\n<\/div>\n<\/div>\n<p>&nbsp;<br \/>\n<!--div>\n\n\n<h2>Op tijd met Easy Taxi Schiphol<\/h2>\n\n\nNatuurlijk wil je graag op tijd je vliegtuig halen! Dankzij Easy Taxi Schiphol gaat dat ook zeker lukken! Je kunt bij ons rekenen op veel voordelen. Zo kun je direct online een taxi boeken (of bellen), je kunt er op rekenen dat je op tijd wordt opgehaald en daardoor ook op tijd aankomt en bij ons kun je gemakkelijk afrekenen. Of dat je nu uit <a href=\"https:\/\/easytaxischiphol.nl\/schiphol-taxi-oostvoorne\/\">Oostvoorne<\/a> komt, <a href=\"https:\/\/easytaxischiphol.nl\/schiphol-taxi-berkel-en-rodenrijs\/\">Berkel en Rodenrijs<\/a> of <a href=\"https:\/\/easytaxischiphol.nl\/schiphol-taxi-hellevoetsluis\/\">Hellevoetsluis<\/a>, de taxiservice staat voor jou klaar om je op tijd naar het vliegveld te brengen. Je gaat geen enkele vlucht meer missen, wanneer je nu van onze service gebruik maakt en zelf alle voordelen gaat ontdekken.\n\n\n<h2>Ritprijs berekenen<\/h2>\n\n\nOnline via Easy Taxi Schiphol eenvoudig je ritprijs berekenen? Natuurlijk kan dat! Je voert in vanaf waar je gaat vertrekken, het adres, de plaats, de straat en het huisnummer. Dan geef je aan waar je naar toe wilt, bijvoorbeeld luchthaven Schiphol Airport Amsterdam. Dan geef je aan voor hoeveel personen het is en dan kun je de auto selecteren, bijvoorbeeld een stationwagen. Vervolgens kan de ritprijs direct berekend worden. Je weet dus direct waar je aan toe bent bij Easy Taxi Schiphol, geen zorgen meer dat je voor vervelende verrassingen komt te staan! Je kunt vanuit <a href=\"https:\/\/easytaxischiphol.nl\/schiphol-taxi-vlaardingen\/\">Vlaardingen<\/a>, <a href=\"https:\/\/easytaxischiphol.nl\/schiphol-taxi-hoogvliet\/\">Hoogvliet<\/a> en <a href=\"https:\/\/easytaxischiphol.nl\/schiphol-taxi-hendrik-ido-ambacht\/\">Hendrik-Ido-Ambacht<\/a> ook gebruik maken van de Schiphol Airport taxiservice en van alle voordelen profiteren. Met de taxi of toch liever met de bus? Je komt er achter wat jouw voordelen zijn als je nu voor Easy Taxi Schiphol kiest. De vliegveld Amsterdam taxi staat nu voor je klaar, wanneer gaat jouw vlucht?\n\n\n<h2>Met de taxi naar Schiphol<\/h2>\n\n\nEenvoudig met de taxi van en naar Schiphol, gemakkelijker kan het toch niet? Een taxi naar Schiphol boeken vanuit <a href=\"https:\/\/easytaxischiphol.nl\/schipholtaxi-rotterdam\/\">Rotterdam<\/a>, <a href=\"https:\/\/easytaxischiphol.nl\/schiphol-taxi-krimpen-aan-ijssel\/\">Krimpen aan den IJssel<\/a> of <a href=\"https:\/\/easytaxischiphol.nl\/schiphol-taxi-bleiswijk\/\">Bleiswijk<\/a>, het kan bij ons allemaal. Ook vanuit <a href=\"https:\/\/easytaxischiphol.nl\/schiphol-taxi-dordrecht\/\">Dordrecht<\/a>, <a href=\"https:\/\/easytaxischiphol.nl\/schiphol-taxi-papendrecht\/\">Papendrecht<\/a>, <a href=\"https:\/\/easytaxischiphol.nl\/schipholtaxi-zwijndrecht\/\">Zwijndrecht<\/a> en <a href=\"https:\/\/easytaxischiphol.nl\/schiphol-taxi-alblasserdam\/\">Alblasserdam<\/a> kun je een taxi Schiphol boeken. De vliegveld Schiphol taxi is er om jou op tijd naar het vliegveld te brengen. Geen zorgen dat je lang moet wachten, Easy Taxi Schiphol is er op tijd voor jou en je medereizigers. Je hoeft niet op anderen te wachten en anderen lastig te vallen of dat zij je weg willen brengen. Onze service staat nu voor je klaar en je weet bij ons direct waar dat je aan toe bent.\n\n\n<h2>Taxi Schiphol online reserveren<\/h2>\n\n\nEen schipholtaxi regel je nu eenvoudig bij Easy Taxi Schiphol. Of dat je nu in <a href=\"https:\/\/easytaxischiphol.nl\/schiphol-taxi-krimpen-aan-ijssel\/\">Krimpen aan den IJssel<\/a> woont, in <a href=\"https:\/\/easytaxischiphol.nl\/schiphol-taxi-bergschenhoek\/\">Bergschenhoek<\/a> of <a href=\"https:\/\/easytaxischiphol.nl\/schiphol-taxi-schiedam\/\">Schiedam<\/a>, wij staan voor je klaar en brengen je naar het vliegveld. Luchthavenvervoer is nog nooit zo gemakkelijk geregeld als bij Easy Taxi Schiphol. Gebruik daarom ook snel onze Schiphol taxi om vanuit <a href=\"https:\/\/easytaxischiphol.nl\/schiphol-taxi-spijkenisse\/\">Spijkenisse<\/a> of <a href=\"https:\/\/easytaxischiphol.nl\/schiphol-taxi-brielle\/\">Brielle<\/a> naar het vliegveld te reizen. De Schiphol airport taxi staat voor je klaar. Maak er gebruik van, het is de beste airportservice die je kunt kiezen!\n<\/div-->\n<div class=\"text-left home-bottom\">\n<h2>Chegue sempre a tempo ao Schiphol com a Easy Taxi!<\/h2>\n<p>Quer chegar ao seu voo sem preocupa\u00e7\u00f5es? <strong>Easy Taxi Schiphol<\/strong> leva voc\u00ea ao aeroporto com seguran\u00e7a e pontualidade. Reserve facilmente online e aproveite nosso servi\u00e7o confi\u00e1vel. Se voc\u00ea mora em <strong>Oostvoorne, Berkel en Rodenrijs, Hellevoetsluis ou Breda<\/strong>, estamos prontos para lev\u00e1-lo confortavelmente e sem estresse ao Schiphol. Pague de forma simples e sem complica\u00e7\u00f5es.<\/p>\n<p style=\"font-weight: bold; font-size: 18px; margin-bottom: 35px;\">Nunca mais perca um voo &#8211; reserve agora e experimente a comodidade da Easy Taxi Schiphol!<\/p>\n<h2>Calcule facilmente o pre\u00e7o da sua viagem com a Easy Taxi Schiphol!<\/h2>\n<p>Com a Easy Taxi Schiphol, voc\u00ea sabe imediatamente quanto custar\u00e1 sua viagem. Insira seu <strong>endere\u00e7o de partida, destino<\/strong> (por exemplo, o Aeroporto de Schiphol), <strong>n\u00famero de passageiros<\/strong> e o ve\u00edculo desejado, como uma perua, e obtenha o pre\u00e7o da sua viagem na hora. Sem surpresas, apenas clareza!<\/p>\n<p>Mesmo de <strong>Vlaardingen, Hoogvliet e Hendrik-Ido-Ambacht<\/strong>, voc\u00ea pode aproveitar nosso servi\u00e7o de t\u00e1xi confi\u00e1vel para Schiphol. T\u00e1xi ou \u00f4nibus? Descubra por si mesmo as vantagens da Easy Taxi Schiphol.<\/p>\n<p style=\"font-weight: bold; font-size: 18px; margin-bottom: 35px;\">Seu t\u00e1xi est\u00e1 pronto!<\/p>\n<h2>Viaje r\u00e1pido e sem preocupa\u00e7\u00f5es para qualquer aeroporto<\/h2>\n<p>Est\u00e1 procurando um t\u00e1xi confort\u00e1vel e confi\u00e1vel para o aeroporto? A Easy Taxi Schiphol leva voc\u00ea n\u00e3o apenas para Schiphol, mas tamb\u00e9m para todos os aeroportos na <strong>Holanda, B\u00e9lgica e Alemanha<\/strong>.<\/p>\n<p>Parta de <strong>Roterd\u00e3, Krimpen aan den IJssel, Bleiswijk, Dordrecht, Papendrecht, Zwijndrecht, Alblasserdam<\/strong> e arredores &#8211; garantimos que voc\u00ea chegar\u00e1 pontualmente.<\/p>\n<ul>\n<li>\u2714 Sem tempos de espera<\/li>\n<li>\u2714 Sem problemas com estacionamento<\/li>\n<li>\u2714 Sem depend\u00eancia de terceiros<\/li>\n<\/ul>\n<p style=\"font-weight: bold; font-size: 18px; margin-bottom: 35px;\">Reserve agora e viaje sem preocupa\u00e7\u00f5es para o seu aeroporto!<\/p>\n<h2>Reservar um t\u00e1xi para o aeroporto online? Muito f\u00e1cil!<\/h2>\n<p>Reserve rapidamente e facilmente seu t\u00e1xi para o aeroporto com a Easy Taxi. Se voc\u00ea mora em <strong>Krimpen aan den IJssel, Bergschenhoek, Zoetermeer, Delft, Schiedam, Spijkenisse ou Brielle<\/strong>, n\u00f3s o levamos com seguran\u00e7a e pontualidade a qualquer aeroporto na <strong>Holanda, B\u00e9lgica e Alemanha<\/strong>.<\/p>\n<ul>\n<li>\u2714 Reserva f\u00e1cil online<\/li>\n<li>\u2714 Servi\u00e7o confi\u00e1vel e confort\u00e1vel<\/li>\n<li>\u2714 Sempre pontual no aeroporto<\/li>\n<\/ul>\n<p style=\"font-weight: bold; font-size: 18px;\">O melhor servi\u00e7o de aeroporto est\u00e1 pronto para voc\u00ea! Reserve agora seu t\u00e1xi para o aeroporto e viaje sem estresse.<\/p>\n<\/div>\n<p><\/p>","protected":false},"excerpt":{"rendered":"<p>No tempo, com f\u00c3\u00a1cil Schiphol t\u00c3\u00a1xi Reservar um t\u00c3\u00a1xi TEMPO RECOLHIDOS HORA CHEGOU MAIS SOBRE SCHIPHOL TAXI EASY &nbsp; Chegue sempre a tempo ao Schiphol com a Easy Taxi! Quer chegar ao seu voo sem preocupa\u00e7\u00f5es? Easy Taxi Schiphol leva voc\u00ea ao aeroporto com seguran\u00e7a e pontualidade. Reserve facilmente online e aproveite nosso servi\u00e7o confi\u00e1vel. [&hellip;]<\/p>\n","protected":false},"author":1,"featured_media":0,"parent":0,"menu_order":0,"comment_status":"closed","ping_status":"closed","template":"homepage-page.php","meta":{"footnotes":""},"class_list":["post-84","page","type-page","status-publish","hentry"],"acf":[],"yoast_head":"<!-- This site is optimized with the Yoast SEO plugin v27.4 - https:\/\/yoast.com\/product\/yoast-seo-wordpress\/ -->\n<title>Easytaxi is de Schipholtaxi met vast tarief van \u00e2\u201a\u00ac77,50<\/title>\n<meta name=\"description\" content=\"Schipholtaxi voor slechts 77,50 nergens goedkoper. Boek eenvoudig online bij EasyTaxiSchiphol.nl. 24\/7 service, altijd op tijd, gratis annuleren en betrouwbare\u00a0chauffeurs.\" \/>\n<meta name=\"robots\" content=\"index, follow, max-snippet:-1, max-image-preview:large, max-video-preview:-1\" \/>\n<link rel=\"canonical\" href=\"https:\/\/easytaxischiphol.nl\/\" \/>\n<meta property=\"og:locale\" content=\"pt_PT\" \/>\n<meta property=\"og:type\" content=\"article\" \/>\n<meta property=\"og:title\" content=\"Easytaxi is de Schipholtaxi met vast tarief van \u00e2\u201a\u00ac77,50\" \/>\n<meta property=\"og:description\" content=\"Schipholtaxi voor slechts 77,50 nergens goedkoper. Boek eenvoudig online bij EasyTaxiSchiphol.nl. 24\/7 service, altijd op tijd, gratis annuleren en betrouwbare\u00a0chauffeurs.\" \/>\n<meta property=\"og:url\" content=\"https:\/\/easytaxischiphol.nl\/\" \/>\n<meta property=\"og:site_name\" content=\"Easy Taxi\" \/>\n<meta property=\"article:modified_time\" content=\"2025-07-18T10:57:46+00:00\" \/>\n<meta property=\"og:image\" content=\"https:\/\/easytaxischiphol.nl\/wp-content\/uploads\/2025\/03\/1.png\" \/>\n<meta name=\"twitter:card\" content=\"summary_large_image\" \/>\n<meta name=\"twitter:label1\" content=\"Tempo estimado de leitura\" \/>\n\t<meta name=\"twitter:data1\" content=\"27 minutos\" \/>\n<script type=\"application\/ld+json\" class=\"yoast-schema-graph\">{\"@context\":\"https:\\\/\\\/schema.org\",\"@graph\":[{\"@type\":\"WebPage\",\"@id\":\"https:\\\/\\\/easytaxischiphol.nl\\\/\",\"url\":\"https:\\\/\\\/easytaxischiphol.nl\\\/\",\"name\":\"Easytaxi is de Schipholtaxi met vast tarief van \u00e2\u201a\u00ac77,50\",\"isPartOf\":{\"@id\":\"https:\\\/\\\/easytaxischiphol.nl\\\/#website\"},\"primaryImageOfPage\":{\"@id\":\"https:\\\/\\\/easytaxischiphol.nl\\\/#primaryimage\"},\"image\":{\"@id\":\"https:\\\/\\\/easytaxischiphol.nl\\\/#primaryimage\"},\"thumbnailUrl\":\"https:\\\/\\\/easytaxischiphol.nl\\\/wp-content\\\/uploads\\\/2025\\\/03\\\/1.png\",\"datePublished\":\"2017-02-03T18:03:48+00:00\",\"dateModified\":\"2025-07-18T10:57:46+00:00\",\"description\":\"Schipholtaxi voor slechts 77,50 nergens goedkoper. Boek eenvoudig online bij EasyTaxiSchiphol.nl. 24\\\/7 service, altijd op tijd, gratis annuleren en betrouwbare\u00a0chauffeurs.\",\"inLanguage\":\"pt-PT\",\"potentialAction\":[{\"@type\":\"ReadAction\",\"target\":[\"https:\\\/\\\/easytaxischiphol.nl\\\/\"]}]},{\"@type\":\"ImageObject\",\"inLanguage\":\"pt-PT\",\"@id\":\"https:\\\/\\\/easytaxischiphol.nl\\\/#primaryimage\",\"url\":\"https:\\\/\\\/easytaxischiphol.nl\\\/wp-content\\\/uploads\\\/2025\\\/03\\\/1.png\",\"contentUrl\":\"https:\\\/\\\/easytaxischiphol.nl\\\/wp-content\\\/uploads\\\/2025\\\/03\\\/1.png\"},{\"@type\":\"WebSite\",\"@id\":\"https:\\\/\\\/easytaxischiphol.nl\\\/#website\",\"url\":\"https:\\\/\\\/easytaxischiphol.nl\\\/\",\"name\":\"Easy Taxi\",\"description\":\"En nog een WordPress site\",\"potentialAction\":[{\"@type\":\"SearchAction\",\"target\":{\"@type\":\"EntryPoint\",\"urlTemplate\":\"https:\\\/\\\/easytaxischiphol.nl\\\/?s={search_term_string}\"},\"query-input\":{\"@type\":\"PropertyValueSpecification\",\"valueRequired\":true,\"valueName\":\"search_term_string\"}}],\"inLanguage\":\"pt-PT\"}]}<\/script>\n<!-- \/ Yoast SEO plugin. -->","yoast_head_json":{"title":"Easytaxi is de Schipholtaxi met vast tarief van \u00e2\u201a\u00ac77,50","description":"Schipholtaxi voor slechts 77,50 nergens goedkoper. Boek eenvoudig online bij EasyTaxiSchiphol.nl. 24\/7 service, altijd op tijd, gratis annuleren en betrouwbare\u00a0chauffeurs.","robots":{"index":"index","follow":"follow","max-snippet":"max-snippet:-1","max-image-preview":"max-image-preview:large","max-video-preview":"max-video-preview:-1"},"canonical":"https:\/\/easytaxischiphol.nl\/","og_locale":"pt_PT","og_type":"article","og_title":"Easytaxi is de Schipholtaxi met vast tarief van \u00e2\u201a\u00ac77,50","og_description":"Schipholtaxi voor slechts 77,50 nergens goedkoper. Boek eenvoudig online bij EasyTaxiSchiphol.nl. 24\/7 service, altijd op tijd, gratis annuleren en betrouwbare\u00a0chauffeurs.","og_url":"https:\/\/easytaxischiphol.nl\/","og_site_name":"Easy Taxi","article_modified_time":"2025-07-18T10:57:46+00:00","og_image":[{"url":"https:\/\/easytaxischiphol.nl\/wp-content\/uploads\/2025\/03\/1.png","type":"","width":"","height":""}],"twitter_card":"summary_large_image","twitter_misc":{"Tempo estimado de leitura":"27 minutos"},"schema":{"@context":"https:\/\/schema.org","@graph":[{"@type":"WebPage","@id":"https:\/\/easytaxischiphol.nl\/","url":"https:\/\/easytaxischiphol.nl\/","name":"Easytaxi is de Schipholtaxi met vast tarief van \u00e2\u201a\u00ac77,50","isPartOf":{"@id":"https:\/\/easytaxischiphol.nl\/#website"},"primaryImageOfPage":{"@id":"https:\/\/easytaxischiphol.nl\/#primaryimage"},"image":{"@id":"https:\/\/easytaxischiphol.nl\/#primaryimage"},"thumbnailUrl":"https:\/\/easytaxischiphol.nl\/wp-content\/uploads\/2025\/03\/1.png","datePublished":"2017-02-03T18:03:48+00:00","dateModified":"2025-07-18T10:57:46+00:00","description":"Schipholtaxi voor slechts 77,50 nergens goedkoper. Boek eenvoudig online bij EasyTaxiSchiphol.nl. 24\/7 service, altijd op tijd, gratis annuleren en betrouwbare\u00a0chauffeurs.","inLanguage":"pt-PT","potentialAction":[{"@type":"ReadAction","target":["https:\/\/easytaxischiphol.nl\/"]}]},{"@type":"ImageObject","inLanguage":"pt-PT","@id":"https:\/\/easytaxischiphol.nl\/#primaryimage","url":"https:\/\/easytaxischiphol.nl\/wp-content\/uploads\/2025\/03\/1.png","contentUrl":"https:\/\/easytaxischiphol.nl\/wp-content\/uploads\/2025\/03\/1.png"},{"@type":"WebSite","@id":"https:\/\/easytaxischiphol.nl\/#website","url":"https:\/\/easytaxischiphol.nl\/","name":"Easy Taxi","description":"En nog een WordPress site","potentialAction":[{"@type":"SearchAction","target":{"@type":"EntryPoint","urlTemplate":"https:\/\/easytaxischiphol.nl\/?s={search_term_string}"},"query-input":{"@type":"PropertyValueSpecification","valueRequired":true,"valueName":"search_term_string"}}],"inLanguage":"pt-PT"}]}},"_links":{"self":[{"href":"https:\/\/easytaxischiphol.nl\/pt\/wp-json\/wp\/v2\/pages\/84","targetHints":{"allow":["GET"]}}],"collection":[{"href":"https:\/\/easytaxischiphol.nl\/pt\/wp-json\/wp\/v2\/pages"}],"about":[{"href":"https:\/\/easytaxischiphol.nl\/pt\/wp-json\/wp\/v2\/types\/page"}],"author":[{"embeddable":true,"href":"https:\/\/easytaxischiphol.nl\/pt\/wp-json\/wp\/v2\/users\/1"}],"replies":[{"embeddable":true,"href":"https:\/\/easytaxischiphol.nl\/pt\/wp-json\/wp\/v2\/comments?post=84"}],"version-history":[{"count":72,"href":"https:\/\/easytaxischiphol.nl\/pt\/wp-json\/wp\/v2\/pages\/84\/revisions"}],"predecessor-version":[{"id":1243,"href":"https:\/\/easytaxischiphol.nl\/pt\/wp-json\/wp\/v2\/pages\/84\/revisions\/1243"}],"wp:attachment":[{"href":"https:\/\/easytaxischiphol.nl\/pt\/wp-json\/wp\/v2\/media?parent=84"}],"curies":[{"name":"wp","href":"https:\/\/api.w.org\/{rel}","templated":true}]}}