{"id":84,"date":"2017-02-03T19:03:48","date_gmt":"2017-02-03T18:03:48","guid":{"rendered":"https:\/\/easytaxischiphol.nl\/new\/?page_id=84"},"modified":"2025-07-18T12:57:46","modified_gmt":"2025-07-18T10:57:46","slug":"home","status":"publish","type":"page","link":"https:\/\/easytaxischiphol.nl\/new\/zh\/","title":{"rendered":"Home"},"content":{"rendered":"<p><\/p>\n<div class=\"row\">\n<div class=\"col-md-12 text-center\">\n<h2 id=\"slogan\">\u00e5\u0153\u00a8\u00e6\u2122\u201a\u00e9\u2013\u201c\u00e6\u2013\u00b9\u00e4\u00be\u00bf\u00e5\u2021\u00ba\u00e7\u00a7\u0178\u00e8\u00bb\u0160\u00e5\u008f\u00b2\u00e5\u0178\u00ba\u00e6\u00b5\u00a6<\/h2>\n<\/div>\n<\/div>\n<div id=\"services\" class=\"row\">\n<div class=\"col-sm-12\">\n<div class=\"col-md-4 text-center\">\n<div class=\"icon-blue\"><img decoding=\"async\" class=\"desktop\" src=\"https:\/\/easytaxischiphol.nl\/new\/wp-content\/uploads\/2025\/03\/1.png\" alt=\"\" \/><\/div>\n<h3>\u00e9\u00a0\u0090\u00e5\u00ae\u0161\u00e5\u2021\u00ba\u00e7\u00a7\u0178\u00e8\u00bb\u0160<\/h3>\n<\/div>\n<div class=\"col-md-4 text-center\">\n<div class=\"icon-blue\"><img decoding=\"async\" class=\"desktop\" src=\"https:\/\/easytaxischiphol.nl\/new\/wp-content\/uploads\/2025\/03\/2.png\" alt=\"\" \/><\/div>\n<h3>\u00e6\u2122\u201a\u00e6\u201d\u00b6\u00e9\u203a\u2020<\/h3>\n<\/div>\n<div class=\"col-md-4 text-center\">\n<div class=\"icon-blue\"><img decoding=\"async\" class=\"desktop\" src=\"https:\/\/easytaxischiphol.nl\/new\/wp-content\/uploads\/2025\/03\/3.png\" alt=\"\" \/><\/div>\n<h3>\u00e6\u2122\u201a\u00e9\u2013\u201c\u00e5\u02c6\u00b0<\/h3>\n<\/div>\n<p><!--div class=\"col-md-3 text-center\">\n\n\n<div class=\"icon-blue\"><img decoding=\"async\" class=\"desktop\" src=\"\/wp-content\/themes\/easytaxi\/images\/cahs.png\" alt=\"\" \/><\/div>\n\n\n\n\n<h3>\u00e7\u00b5\u0090\u00e5\u00b8\u00b3<\/h3>\n\n\n<\/div-->\n<\/div>\n<\/div>\n<div id=\"bottom-portion\" class=\"row\">\n<div class=\"col-md-12 text-center border-blue\">\n<h4>\u00e6\u203a\u00b4\u00e5\u00a4\u0161\u00e9\u2014\u0153\u00e6\u2013\u00bc EASY TAXI SCHIPHOL<\/h4>\n<\/div>\n<\/div>\n<p><!--div>\n&nbsp;\n\n\n<h2 id=\"tw-target-text\" class=\"tw-data-text tw-ta tw-text-medium\" dir=\"ltr\" data-placeholder=\"Vertaling\"><span lang=\"zh-TW\">\u00e6\u2122\u201a\u00e9\u2013\u201c\u00e8\u02c6\u2021Easy Taxi Schiphol<\/span><\/h2>\n\n\n\u00e7\u2022\u00b6\u00e7\u201e\u00b6\u00ef\u00bc\u0152\u00e4\u00bd\u00a0\u00e6\u0192\u00b3\u00e5\u00be\u2014\u00e5\u02c6\u00b0\u00e9\u20ac\u2122\u00e6\u00a8\u00a3\u00e4\u00bd\u00a0\u00e7\u0161\u201e\u00e9\u00a3\u203a\u00e6\u00a9\u0178\u00e4\u00b8\u0160\u00e7\u0161\u201e\u00e6\u2122\u201a\u00e9\u2013\u201c\u00ef\u00bc\u0081\u00e7\u201d\u00b1\u00e6\u2013\u00bc\u00e6\u02dc\u201c\u00e5\u2021\u00ba\u00e7\u00a7\u0178\u00e8\u00bb\u0160\u00e5\u008f\u00b2\u00e5\u0178\u00ba\u00e6\u00b5\u00a6\u00e6\u00a9\u0178\u00e5\u00a0\u00b4\u00e4\u00b9\u0178\u00e4\u00b8\u20ac\u00e5\u00ae\u0161\u00e6\u0153\u0192\u00e6\u02c6\u0090\u00e5\u0160\u0178\u00ef\u00bc\u0081\u00e4\u00bd\u00a0\u00e5\u008f\u00af\u00e4\u00bb\u00a5\u00e6\u0152\u2021\u00e6\u0153\u203a\u00e6\u02c6\u2018\u00e5\u20ac\u2018\u00e5\u00be\u02c6\u00e5\u00a4\u0161\u00e5\u00a5\u00bd\u00e8\u2122\u2022\u00e3\u20ac\u201a\u00e6\u2030\u20ac\u00e4\u00bb\u00a5\u00ef\u00bc\u0152\u00e4\u00bd\u00a0\u00e5\u008f\u00af\u00e4\u00bb\u00a5\u00e7\u203a\u00b4\u00e6\u017d\u00a5\u00e9\u00a0\u0090\u00e8\u00a8\u201a\u00e5\u2021\u00ba\u00e7\u00a7\u0178\u00e8\u00bb\u0160\u00ef\u00bc\u02c6\u00e6\u02c6\u2013\u00e7\u00a8\u00b1\u00ef\u00bc\u2030\u00ef\u00bc\u0152\u00e4\u00bd\u00a0\u00e5\u008f\u00af\u00e4\u00bb\u00a5\u00e4\u00be\u009d\u00e9\u009d\u00a0\u00e4\u00bd\u00a0\u00e7\u0161\u201e\u00e6\u2122\u201a\u00e9\u2013\u201c\u00e8\u00a2\u00ab\u00e6\u2039\u00be\u00e8\u00b5\u00b7\u00ef\u00bc\u0152\u00e5\u203a\u00a0\u00e6\u00ad\u00a4\u00e5\u0153\u00a8\u00e6\u2122\u201a\u00e9\u2013\u201c\u00e5\u02c6\u00b0\u00e9\u0081\u201d\u00ef\u00bc\u0152\u00e6\u02c6\u2018\u00e5\u20ac\u2018\u00e5\u00b0\u00b1\u00e5\u008f\u00af\u00e4\u00bb\u00a5\u00e8\u00bc\u2022\u00e9\u00ac\u2020\u00e6\u201d\u00af\u00e4\u00bb\u02dc\u00e3\u20ac\u201a\u00e7\u201e\u00a1\u00e8\u00ab\u2013\u00e6\u201a\u00a8\u00e6\u02dc\u00af\u00e5\u00be\u017e\u00e6\u009d\u00b1\u00e7\u00a6\u008f\u00e7\u02c6\u00be\u00e8\u00a8\u00a5\u00ef\u00bc\u0152\u00e4\u00bc\u00af\u00e5\u2026\u2039\u00e7\u02c6\u00be\u00e5\u2019\u0152\u00e8\u00b5\u00ab\u00e5\u2039\u2019\u00e5\u00af\u0152\u00e8\u0152\u00a8\u00e5\u2039\u017e\u00e6\u2013\u00af\u00e7\u0161\u201eRodenrijs\u00e5\u02c6\u00b0\u00e4\u00be\u2020\u00ef\u00bc\u0152\u00e5\u2021\u00ba\u00e7\u00a7\u0178\u00e8\u00bb\u0160\u00e6\u0153\u008d\u00e5\u2039\u2122\u00e9\u0161\u00a8\u00e6\u2122\u201a\u00e7\u201a\u00ba\u00e6\u201a\u00a8\u00e5\u00b8\u00b6\u00e4\u00bd\u00a0\u00e5\u02c6\u00b0\u00e6\u00a9\u0178\u00e5\u00a0\u00b4\u00e7\u0161\u201e\u00e6\u2122\u201a\u00e9\u2013\u201c\u00e3\u20ac\u201a\u00e6\u201a\u00a8\u00e5\u00b0\u2021\u00e4\u00b8\u008d\u00e5\u2020\u008d\u00e9\u0152\u00af\u00e9\u0081\u017d\u00e8\u02c6\u00aa\u00e7\u008f\u00ad\u00ef\u00bc\u0152\u00e7\u2022\u00b6\u00e4\u00bd\u00a0\u00e5\u02c6\u00a9\u00e7\u201d\u00a8\u00e6\u02c6\u2018\u00e5\u20ac\u2018\u00e7\u0161\u201e\u00e6\u0153\u008d\u00e5\u2039\u2122\u00e5\u2019\u0152\u00e8\u2021\u00aa\u00e6\u02c6\u2018\u00e5\u00b0\u00b1\u00e6\u0153\u0192\u00e7\u2122\u00bc\u00e7\u008f\u00be\u00e5\u00a5\u00bd\u00e8\u2122\u2022\u00e3\u20ac\u201a\n\n\n<h2 id=\"tw-target-text\" class=\"tw-data-text tw-ta tw-text-medium\" dir=\"ltr\" data-placeholder=\"Vertaling\"><span lang=\"zh-TW\">\u00e7\u00a5\u00a8\u00e5\u0192\u00b9\u00e8\u00a8\u02c6\u00e7\u00ae\u2014<\/span><\/h2>\n\n\n\u00e5\u0153\u00a8\u00e7\u00b6\u00b2\u00e4\u00b8\u0160\u00e8\u00bc\u2022\u00e9\u00ac\u2020\u00e5\u008f\u00b2\u00e5\u0178\u00ba\u00e6\u00b5\u00a6\u00e6\u00a9\u0178\u00e5\u00a0\u00b4\u00e7\u0161\u201e\u00e5\u2021\u00ba\u00e7\u00a7\u0178\u00e8\u00bb\u0160\u00e5\u00be\u02c6\u00e5\u00ae\u00b9\u00e6\u02dc\u201c\u00e8\u00a8\u02c6\u00e7\u00ae\u2014\u00e5\u2021\u00ba\u00e6\u201a\u00a8\u00e7\u0161\u201e\u00e7\u00a5\u00a8\u00e5\u0192\u00b9\u00e6\u02dc\u00af\u00e5\u00a4\u0161\u00e5\u00b0\u2018\u00ef\u00bc\u0178\u00e7\u2022\u00b6\u00e7\u201e\u00b6\u00e5\u008f\u00af\u00e4\u00bb\u00a5\u00ef\u00bc\u0081\u00e4\u00bd\u00a0\u00e5\u00be\u017e\u00e4\u00bd\u00a0\u00e5\u0153\u00a8\u00e5\u201c\u00aa\u00e8\u00a3\u00a1\u00e5\u2021\u00ba\u00e7\u2122\u00bc\u00ef\u00bc\u0152\u00e5\u0153\u00b0\u00e5\u009d\u20ac\u00ef\u00bc\u0152\u00e5\u0178\u017d\u00e5\u00b8\u201a\u00ef\u00bc\u0152\u00e8\u00a1\u2014\u00e9\u0081\u201c\u00e5\u2019\u0152\u00e9\u2013\u20ac\u00e7\u2030\u0152\u00e8\u2122\u0178\u00e7\u00a2\u00bc\u00e7\u0178\u00a3\u00e3\u20ac\u201a\u00e7\u201e\u00b6\u00e5\u00be\u0152\u00e9\u0081\u00b8\u00e6\u201c\u2021\u00e4\u00bd\u00a0\u00e6\u0192\u00b3\u00e5\u017d\u00bb\u00e7\u0161\u201e\u00e5\u0153\u00b0\u00e6\u2013\u00b9\u00ef\u00bc\u0152\u00e4\u00be\u2039\u00e5\u00a6\u201a\u00e5\u008f\u00b2\u00e5\u0178\u00ba\u00e6\u00b5\u00a6\u00e6\u00a9\u0178\u00e5\u00a0\u00b4\u00e9\u02dc\u00bf\u00e5\u00a7\u2020\u00e6\u2013\u00af\u00e7\u2030\u00b9\u00e4\u00b8\u00b9\u00e3\u20ac\u201a\u00e7\u201e\u00b6\u00e5\u00be\u0152\u00e4\u00bd\u00a0\u00e8\u00a1\u00a8\u00e6\u02dc\u017d\u00e5\u00ae\u0192\u00e6\u02dc\u00af\u00e6\u0153\u2030\u00e5\u00a4\u0161\u00e5\u00b0\u2018\u00e4\u00ba\u00ba\u00ef\u00bc\u0152\u00e7\u201e\u00b6\u00e5\u00be\u0152\u00e4\u00bd\u00a0\u00e5\u008f\u00af\u00e4\u00bb\u00a5\u00e9\u0081\u00b8\u00e6\u201c\u2021\u00e6\u00b1\u00bd\u00e8\u00bb\u0160\u00ef\u00bc\u0152\u00e5\u00a6\u201a\u00e6\u2014\u2026\u00e8\u00a1\u0152\u00e8\u00bb\u0160\u00e3\u20ac\u201a\u00e9\u0161\u00a8\u00e5\u00be\u0152\u00ef\u00bc\u0152\u00e5\u00b0\u2021\u00e7\u00a5\u00a8\u00e5\u0192\u00b9\u00e5\u008f\u00af\u00e4\u00bb\u00a5\u00e7\u203a\u00b4\u00e6\u017d\u00a5\u00e8\u00a8\u02c6\u00e7\u00ae\u2014\u00e3\u20ac\u201a\u00e6\u2030\u20ac\u00e4\u00bb\u00a5\u00ef\u00bc\u0152\u00e4\u00bd\u00a0\u00e9\u00a6\u00ac\u00e4\u00b8\u0160\u00e7\u0178\u00a5\u00e9\u0081\u201c\u00e4\u00bd\u00a0\u00e7\u0161\u201e\u00e7\u00ab\u2039\u00e5\u00a0\u00b4\u00e8\u02c6\u2021Easy\u00e5\u2021\u00ba\u00e7\u00a7\u0178\u00e8\u00bb\u0160\u00e5\u008f\u00b2\u00e5\u0178\u00ba\u00e6\u00b5\u00a6\u00e6\u00a9\u0178\u00e5\u00a0\u00b4\u00ef\u00bc\u0152\u00e6\u00b2\u2019\u00e6\u0153\u2030\u00e6\u203a\u00b4\u00e5\u00a4\u0161\u00e7\u0161\u201e\u00e5\u00be\u0152\u00e9\u00a1\u00a7\u00e4\u00b9\u2039\u00e6\u2020\u201a\u00e4\u00bd\u00a0\u00e4\u00be\u2020\u00e4\u00b8\u008d\u00e6\u201e\u2030\u00e5\u00bf\u00ab\u00e7\u0161\u201e\u00e6\u201e\u008f\u00e5\u00a4\u2013\u00ef\u00bc\u0081\u00e6\u201a\u00a8\u00e5\u008f\u00af\u00e4\u00bb\u00a5\u00e5\u00be\u017e\u00e7\u00ac\u00a6\u00e6\u2039\u2030\u00e7\u02c6\u00be\u00e4\u00b8\u0081\u00e6\u00a0\u00b9\u00ef\u00bc\u0152Hoogvliet\u00e5\u2019\u0152\u00e4\u00ba\u00a8\u00e5\u00be\u00b7\u00e9\u2021\u0152\u00e5\u2026\u2039 - \u00e4\u00bc\u0160\u00e5\u00a4\u0161 - \u00e9\u02dc\u00bf\u00e5\u00a7\u2020\u00e5\u00b7\u00b4\u00e8\u00b5\u00ab\u00e7\u2030\u00b9\u00e5\u008f\u02c6\u00e8\u00a6\u2039\u00e4\u00bd\u00bf\u00e7\u201d\u00a8\u00e5\u008f\u00b2\u00e5\u0178\u00ba\u00e6\u00b5\u00a6\u00e6\u00a9\u0178\u00e5\u00a0\u00b4\u00e5\u2021\u00ba\u00e7\u00a7\u0178\u00e8\u00bb\u0160\u00e6\u0153\u008d\u00e5\u2039\u2122\u00ef\u00bc\u0152\u00e4\u00b8\u00a6\u00e7\u008d\u00b2\u00e5\u00be\u2014\u00e6\u2030\u20ac\u00e6\u0153\u2030\u00e5\u00a5\u00bd\u00e8\u2122\u2022\u00e3\u20ac\u201a\u00e5\u2021\u00ba\u00e7\u00a7\u0178\u00e8\u00bb\u0160\u00e6\u02c6\u2013\u00e8\u20ac\u2026\u00e6\u203a\u00b4\u00e7\u00a2\u00ba\u00e5\u02c6\u2021\u00e5\u0153\u00b0\u00e8\u00aa\u00aa\u00ef\u00bc\u0152\u00e8\u02c6\u2021\u00e5\u2026\u00ac\u00e4\u00ba\u00a4\u00e8\u00bb\u0160\u00ef\u00bc\u0178\u00e4\u00bd\u00a0\u00e7\u2122\u00bc\u00e7\u008f\u00be\u00e4\u00ba\u2020\u00e4\u00bd\u00a0\u00e7\u0161\u201e\u00e5\u00a5\u00bd\u00e8\u2122\u2022\u00ef\u00bc\u0152\u00e5\u00a6\u201a\u00e6\u017e\u0153\u00e4\u00bd\u00a0\u00e9\u0081\u00b8\u00e6\u201c\u2021\u00e4\u00bb\u20ac\u00e9\u00ba\u00bc\u00e6\u00a8\u00a3\u00e7\u0161\u201e\u00e7\u00b0\u00a1\u00e6\u02dc\u201c\u00e5\u2021\u00ba\u00e7\u00a7\u0178\u00e8\u00bb\u0160\u00e5\u008f\u00b2\u00e5\u0178\u00ba\u00e6\u00b5\u00a6\u00e6\u00a9\u0178\u00e5\u00a0\u00b4\u00e3\u20ac\u201a\u00e9\u02dc\u00bf\u00e5\u00a7\u2020\u00e6\u2013\u00af\u00e7\u2030\u00b9\u00e4\u00b8\u00b9\u00e6\u00a9\u0178\u00e5\u00a0\u00b4\u00e7\u0161\u201e\u00e5\u2021\u00ba\u00e7\u00a7\u0178\u00e8\u00bb\u0160\u00e7\u008f\u00be\u00e5\u0153\u00a8\u00e6\u02dc\u00af\u00e7\u201a\u00ba\u00e4\u00bd\u00a0\u00e6\u00ba\u2013\u00e5\u201a\u2122\u00e5\u00a5\u00bd\u00ef\u00bc\u0152\u00e7\u2022\u00b6\u00e6\u201a\u00a8\u00e7\u0161\u201e\u00e8\u02c6\u00aa\u00e7\u008f\u00ad\u00e6\u02dc\u00af\u00e6\u20ac\u017d\u00e9\u00ba\u00bc\u00e5\u203a\u017e\u00e4\u00ba\u2039\u00ef\u00bc\u0178\n\n\n<h2>\u00e5\u2021\u00ba\u00e7\u00a7\u0178\u00e8\u00bb\u0160\u00e6\u2013\u00af\u00e5\u00b8\u0152\u00e6\u2122\u00ae\u00e9\u0153\u008d\u00e7\u02c6\u00be<\/h2>\n\n\n\u00e5\u00ae\u00b9\u00e6\u02dc\u201c\u00e4\u00b9\u02dc\u00e5\u009d\u0090\u00e5\u2021\u00ba\u00e7\u00a7\u0178\u00e8\u00bb\u0160\u00e5\u00be\u20ac\u00e8\u00bf\u201d\u00e5\u008f\u00b2\u00e5\u0178\u00ba\u00e6\u00b5\u00a6\u00e6\u00a9\u0178\u00e5\u00a0\u00b4\u00ef\u00bc\u0152\u00e5\u00be\u02c6\u00e5\u00ae\u00b9\u00e6\u02dc\u201c\u00e5\u008f\u00af\u00e4\u00bb\u00a5\u00e4\u00b8\u008d\u00ef\u00bc\u0178\u00e5\u00be\u017eSchiphol\u00e6\u203a\u00b8\u00e7\u00b1\u008d\u00e5\u2021\u00ba\u00e7\u00a7\u0178\u00e8\u00bb\u0160\u00e5\u00be\u017e\u00e9\u00b9\u00bf\u00e7\u2030\u00b9\u00e4\u00b8\u00b9\u00ef\u00bc\u0152\u00e8\u2030\u00be\u00e7\u2018\u0178\u00e7\u02c6\u00be\u00e6\u00b2\u00b3\u00e7\u2022\u201d\u00e5\u2026\u2039\u00e6\u017e\u2014\u00e5\u00bd\u00ad\u00e6\u02c6\u2013Bleiswijk\u00ef\u00bc\u0152\u00e5\u00ae\u0192\u00e5\u008f\u00af\u00e4\u00bb\u00a5\u00e5\u0153\u00a8\u00e6\u02c6\u2018\u00e5\u20ac\u2018\u00e3\u20ac\u201a\u00e6\u00ad\u00a4\u00e5\u00a4\u2013\u00ef\u00bc\u0152\u00e5\u00be\u017e\u00e5\u00a4\u0161\u00e5\u00be\u00b7\u00e9\u203a\u00b7\u00e8\u00b5\u00ab\u00e7\u2030\u00b9\u00ef\u00bc\u0152\u00e5\u00be\u00b7\u00e7\u2018\u017e\u00e5\u00b8\u0152\u00e7\u2030\u00b9\u00ef\u00bc\u0152\u00e5\u00a4\u0161\u00e5\u00be\u00b7\u00e9\u203a\u00b7\u00e8\u00b5\u00ab\u00e7\u2030\u00b9\u00e5\u2019\u0152\u00e9\u02dc\u00bf\u00e7\u02c6\u00be\u00e5\u00b8\u0192\u00e6\u2039\u2030\u00e7\u2018\u0178\u00e4\u00b8\u00b9\u00ef\u00bc\u0152\u00e6\u201a\u00a8\u00e5\u008f\u00af\u00e4\u00bb\u00a5\u00e9\u00a0\u0090\u00e8\u00a8\u201a\u00e5\u2021\u00ba\u00e7\u00a7\u0178\u00e8\u00bb\u0160\u00e5\u008f\u00b2\u00e5\u0178\u00ba\u00e6\u00b5\u00a6\u00e6\u00a9\u0178\u00e5\u00a0\u00b4\u00e3\u20ac\u201a\u00e5\u008f\u00b2\u00e5\u0178\u00ba\u00e6\u00b5\u00a6\u00e6\u00a9\u0178\u00e5\u00a0\u00b4\u00e7\u0161\u201e\u00e5\u2021\u00ba\u00e7\u00a7\u0178\u00e8\u00bb\u0160\u00e6\u0153\u2030\u00e6\u00b2\u2019\u00e6\u0153\u2030\u00e8\u00ae\u201c\u00e4\u00bd\u00a0\u00e6\u00ba\u2013\u00e6\u2122\u201a\u00e5\u02c6\u00b0\u00e6\u00a9\u0178\u00e5\u00a0\u00b4\u00e3\u20ac\u201a\u00e5\u02c6\u00a5\u00e6\u201c\u201d\u00e5\u00bf\u0192\u00ef\u00bc\u0152\u00e4\u00bd\u00a0\u00e5\u00bf\u2026\u00e9\u00a0\u02c6\u00e7\u00ad\u2030\u00e5\u00be\u2026\u00e9\u2022\u00b7\u00ef\u00bc\u0152\u00e6\u02dc\u201c\u00e5\u2021\u00ba\u00e7\u00a7\u0178\u00e8\u00bb\u0160\u00e5\u008f\u00b2\u00e5\u0178\u00ba\u00e6\u00b5\u00a6\u00e6\u00a9\u0178\u00e5\u00a0\u00b4\u00e6\u02dc\u00af\u00e6\u2122\u201a\u00e5\u20ac\u2122\u00e8\u00ae\u201c\u00e4\u00bd\u00a0\u00e5\u2019\u0152\u00e4\u00bd\u00a0\u00e7\u0161\u201e\u00e5\u0090\u0152\u00e8\u00b7\u00af\u00e4\u00ba\u00ba\u00e3\u20ac\u201a\u00e4\u00bd\u00a0\u00e4\u00b8\u008d\u00e5\u00bf\u2026\u00e7\u00ad\u2030\u00e5\u00be\u2026\u00e4\u00bb\u2013\u00e4\u00ba\u00ba\u00ef\u00bc\u0152\u00e9\u00a8\u00b7\u00e6\u201c\u00be\u00e4\u00bb\u2013\u00e4\u00ba\u00ba\u00e6\u02c6\u2013\u00e4\u00bb\u2013\u00e5\u20ac\u2018\u00e8\u00a6\u0081\u00e5\u00b8\u00b6\u00e4\u00bd\u00a0\u00e8\u00b5\u00b0\u00e3\u20ac\u201a\u00e6\u02c6\u2018\u00e5\u20ac\u2018\u00e7\u0161\u201e\u00e6\u0153\u008d\u00e5\u2039\u2122\u00e6\u02dc\u00af\u00e7\u008f\u00be\u00e5\u0153\u00a8\u00e7\u201a\u00ba\u00e4\u00bd\u00a0\u00e6\u00ba\u2013\u00e5\u201a\u2122\u00e5\u00a5\u00bd\u00ef\u00bc\u0152\u00e4\u00bd\u00a0\u00e7\u0178\u00a5\u00e9\u0081\u201c\u00e6\u02c6\u2018\u00e5\u20ac\u2018\u00e6\u02dc\u00af\u00e6\u00ad\u00a3\u00e7\u00a2\u00ba\u00e7\u0161\u201e\u00e4\u00bd\u00a0\u00e5\u0153\u00a8\u00e5\u201c\u00aa\u00e8\u00a3\u00a1\u00e3\u20ac\u201a\n\n\n<h2>\u00e5\u008f\u00b2\u00e5\u0178\u00ba\u00e6\u00b5\u00a6\u00e6\u00a9\u0178\u00e5\u00a0\u00b4\u00e5\u2021\u00ba\u00e7\u00a7\u0178\u00e8\u00bb\u0160\u00e9\u00a0\u0090\u00e8\u00a8\u201a<\/h2>\n\n\n\u00e5\u008f\u00b2\u00e5\u0178\u00ba\u00e6\u00b5\u00a6\u00e6\u00a9\u0178\u00e5\u00a0\u00b4\u00e5\u2021\u00ba\u00e7\u00a7\u0178\u00e8\u00bb\u0160\u00e8\u00a1\u0152\u00e7\u008f\u00be\u00e5\u0153\u00a8\u00e5\u008f\u00af\u00e4\u00bb\u00a5\u00e8\u00bc\u2022\u00e9\u00ac\u2020\u00e7\u0161\u201e\u00e4\u00bd\u00bf\u00e7\u201d\u00a8Easy\u00e5\u2021\u00ba\u00e7\u00a7\u0178\u00e8\u00bb\u0160\u00e5\u008f\u00b2\u00e5\u0178\u00ba\u00e6\u00b5\u00a6\u00e6\u00a9\u0178\u00e5\u00a0\u00b4\u00e3\u20ac\u201a\u00e6\u02c6\u2013\u00e8\u20ac\u2026\u00e8\u00aa\u00aa\u00ef\u00bc\u0152\u00e4\u00bd\u00a0\u00e4\u00bd\u008f\u00e5\u0153\u00a8\u00e8\u2030\u00be\u00e7\u2018\u0178\u00e7\u02c6\u00be\u00e6\u00b2\u00b3\u00e7\u2022\u201d\u00e5\u2026\u2039\u00e6\u017e\u2014\u00e5\u00bd\u00ad\u00ef\u00bc\u0152\u00e5\u0153\u00a8Bergschenhoek\u00e6\u02c6\u2013\u00e6\u2013\u00af\u00e5\u00b8\u0152\u00e4\u00b8\u00b9\u00ef\u00bc\u0152\u00e6\u02c6\u2018\u00e5\u20ac\u2018\u00e5\u0153\u00a8\u00e9\u201a\u00a3\u00e8\u00a3\u00a1\u00e7\u201a\u00ba\u00e4\u00bd\u00a0\u00ef\u00bc\u0152\u00e5\u00b8\u00b6\u00e4\u00bd\u00a0\u00e5\u02c6\u00b0\u00e6\u00a9\u0178\u00e5\u00a0\u00b4\u00e3\u20ac\u201a\u00e5\u00a6\u201a\u00e8\u00a8\u00ad\u00e7\u00bd\u00ae\u00e5\u0153\u00a8\u00e6\u2013\u00b9\u00e4\u00be\u00bf\u00e5\u2021\u00ba\u00e7\u00a7\u0178\u00e8\u00bb\u0160Schiphol\u00e6\u00a9\u0178\u00e5\u00a0\u00b4\u00e4\u00ba\u00a4\u00e9\u20ac\u0161\u00e5\u00be\u017e\u00e4\u00be\u2020\u00e6\u00b2\u2019\u00e6\u0153\u2030\u00e9\u201a\u00a3\u00e9\u00ba\u00bc\u00e5\u00ae\u00b9\u00e6\u02dc\u201c\u00e3\u20ac\u201a\u00e5\u203a\u00a0\u00e6\u00ad\u00a4\u00ef\u00bc\u0152\u00e4\u00bd\u00bf\u00e7\u201d\u00a8\u00e6\u02c6\u2018\u00e5\u20ac\u2018\u00e7\u0161\u201e\u00e5\u00bf\u00ab\u00e9\u20ac\u0178\u00e5\u008f\u00b2\u00e5\u0178\u00ba\u00e6\u00b5\u00a6\u00e5\u2021\u00ba\u00e7\u00a7\u0178\u00e8\u00bb\u0160\u00e5\u2030\u008d\u00e5\u00be\u20ac\u00e6\u00a9\u0178\u00e5\u00a0\u00b4\u00e6\u02c6\u2013\u00e8\u20ac\u2026\u00e5\u00be\u017eSpijkenisse\u00e7\u0161\u201e\u00e5\u00b8\u0192\u00e9\u2021\u0152\u00e5\u0178\u0192\u00e7\u02c6\u00be\u00e3\u20ac\u201a\u00e5\u008f\u00b2\u00e5\u0178\u00ba\u00e6\u00b5\u00a6\u00e6\u00a9\u0178\u00e5\u00a0\u00b4\u00e7\u0161\u201e\u00e5\u2021\u00ba\u00e7\u00a7\u0178\u00e8\u00bb\u0160\u00e6\u00ad\u00a3\u00e7\u00ad\u2030\u00e8\u2018\u2014\u00e4\u00bd\u00a0\u00e3\u20ac\u201a\u00e4\u00bd\u00bf\u00e7\u201d\u00a8\u00e5\u00ae\u0192\u00ef\u00bc\u0152\u00e5\u00ae\u0192\u00e6\u02dc\u00af\u00e6\u0153\u20ac\u00e5\u00a5\u00bd\u00e7\u0161\u201e\u00e6\u00a9\u0178\u00e5\u00a0\u00b4\u00e6\u0153\u008d\u00e5\u2039\u2122\u00ef\u00bc\u0152\u00e4\u00bd\u00a0\u00e5\u008f\u00af\u00e4\u00bb\u00a5\u00e9\u0081\u00b8\u00e6\u201c\u2021\u00ef\u00bc\u0081\n<\/div-->\n<div class=\"text-left home-bottom\">\n<h2>\u4e58\u5750 Easy Taxi\uff0c\u51c6\u65f6\u62b5\u8fbe\u53f2\u57fa\u6d66\u673a\u573a\uff01<\/h2>\n<p>\u60f3\u8981\u65e0\u5fe7\u8d76\u4e0a\u60a8\u7684\u822a\u73ed\uff1f<strong>Easy Taxi Schiphol<\/strong> \u5b89\u5168\u51c6\u65f6\u5730\u5c06\u60a8\u9001\u5f80\u673a\u573a\uff01\u5728\u7ebf\u8f7b\u677e\u9884\u8ba2\uff0c\u4eab\u53d7\u6211\u4eec\u53ef\u9760\u7684\u670d\u52a1\u3002\u65e0\u8bba\u60a8\u4f4f\u5728 <strong>Oostvoorne\u3001Berkel en Rodenrijs\u3001Hellevoetsluis \u6216 Breda<\/strong>\uff0c\u6211\u4eec\u90fd\u80fd\u8212\u9002\u65e0\u5fe7\u5730\u5c06\u60a8\u9001\u5f80\u53f2\u57fa\u6d66\u673a\u573a\u3002\u652f\u4ed8\u7b80\u5355\u65e0\u70e6\u607c\u3002<\/p>\n<p style=\"font-weight: bold; font-size: 18px; margin-bottom: 35px;\">\u518d\u4e5f\u4e0d\u4f1a\u9519\u8fc7\u822a\u73ed \u2013 \u7acb\u5373\u9884\u8ba2\uff0c\u4f53\u9a8c Easy Taxi Schiphol \u7684\u4fbf\u5229\uff01<\/p>\n<h2>\u8f7b\u677e\u8ba1\u7b97\u60a8\u7684\u4e58\u8f66\u8d39\u7528<\/h2>\n<p>\u4f7f\u7528 Easy Taxi Schiphol\uff0c\u60a8\u53ef\u4ee5\u76f4\u63a5\u77e5\u9053\u60a8\u7684\u884c\u7a0b\u8d39\u7528\u3002\u8f93\u5165\u60a8\u7684<strong>\u51fa\u53d1\u5730\u5740\u3001\u76ee\u7684\u5730<\/strong>\uff08\u4f8b\u5982\u53f2\u57fa\u6d66\u673a\u573a\uff09\u3001<strong>\u4e58\u5ba2\u4eba\u6570<\/strong>\u548c\u6240\u9700\u8f66\u578b\uff08\u5982\u65c5\u884c\u8f66\uff09\uff0c\u5373\u53ef\u7acb\u5373\u83b7\u5f97\u60a8\u7684\u4e58\u8f66\u4ef7\u683c\u3002\u900f\u660e\u5b9a\u4ef7\uff0c\u65e0\u4efb\u4f55\u9690\u85cf\u8d39\u7528\uff01<\/p>\n<p>\u5373\u4f7f\u60a8\u4ece <strong>Vlaardingen\u3001Hoogvliet \u6216 Hendrik-Ido-Ambacht<\/strong> \u51fa\u53d1\uff0c\u4e5f\u53ef\u4ee5\u4eab\u53d7\u6211\u4eec\u53ef\u9760\u7684\u673a\u573a\u51fa\u79df\u8f66\u670d\u52a1\u3002\u51fa\u79df\u8f66\u8fd8\u662f\u5927\u5df4\uff1f\u9009\u62e9 Easy Taxi Schiphol\uff0c\u8ba9\u60a8\u7684\u65c5\u7a0b\u66f4\u8f7b\u677e\uff01<\/p>\n<p style=\"font-weight: bold; font-size: 18px; margin-bottom: 35px;\">\u60a8\u7684\u51fa\u79df\u8f66\u5df2\u5c31\u4f4d\u3002<\/p>\n<h2>\u5feb\u901f\u3001\u65e0\u5fe7\u5730\u524d\u5f80\u4efb\u4f55\u673a\u573a<\/h2>\n<p>\u60f3\u627e\u4e00\u8f86\u8212\u9002\u53ef\u9760\u7684\u673a\u573a\u51fa\u79df\u8f66\uff1fEasy Taxi Schiphol \u4e0d\u4ec5\u53ef\u4ee5\u9001\u60a8\u5230\u53f2\u57fa\u6d66\u673a\u573a\uff0c\u8fd8\u53ef\u4ee5\u524d\u5f80 <strong>\u8377\u5170\u3001\u6bd4\u5229\u65f6\u548c\u5fb7\u56fd<\/strong>\u7684\u6240\u6709\u673a\u573a\uff01<\/p>\n<p>\u4ece <strong>\u9e7f\u7279\u4e39\u3001Krimpen aan den IJssel\u3001Bleiswijk\u3001\u591a\u5fb7\u96f7\u8d6b\u7279\u3001Papendrecht\u3001Zwijndrecht\u3001Alblasserdam<\/strong> \u51fa\u53d1\uff0c\u6211\u4eec\u786e\u4fdd\u60a8\u51c6\u65f6\u62b5\u8fbe\u673a\u573a\u3002<\/p>\n<ul>\n<li>\u2714 \u65e0\u9700\u7b49\u5f85<\/li>\n<li>\u2714 \u65e0\u9700\u505c\u8f66\u70e6\u607c<\/li>\n<li>\u2714 \u65e0\u9700\u4f9d\u8d56\u4ed6\u4eba<\/li>\n<\/ul>\n<p style=\"font-weight: bold; font-size: 18px; margin-bottom: 35px;\">\u7acb\u5373\u9884\u8ba2\uff0c\u5b89\u5fc3\u524d\u5f80\u60a8\u7684\u673a\u573a\uff01<\/p>\n<h2>\u5728\u7ebf\u9884\u8ba2\u673a\u573a\u51fa\u79df\u8f66\uff1f\u8f7b\u677e\u641e\u5b9a\uff01<\/h2>\n<p>\u4f7f\u7528 Easy Taxi \u8f7b\u677e\u5feb\u6377\u5730\u9884\u8ba2\u60a8\u7684\u673a\u573a\u51fa\u79df\u8f66\u3002\u65e0\u8bba\u60a8\u4f4f\u5728 <strong>Krimpen aan den IJssel\u3001Bergschenhoek\u3001Zoetermeer\u3001Delft\u3001Schiedam\u3001Spijkenisse \u6216 Brielle<\/strong>\uff0c\u6211\u4eec\u90fd\u80fd\u5b89\u5168\u51c6\u65f6\u5730\u5c06\u60a8\u9001\u5f80 <strong>\u8377\u5170\u3001\u6bd4\u5229\u65f6\u548c\u5fb7\u56fd<\/strong>\u7684\u4efb\u4f55\u673a\u573a\u3002<\/p>\n<ul>\n<li>\u2714 \u8f7b\u677e\u5728\u7ebf\u9884\u8ba2<\/li>\n<li>\u2714 \u53ef\u9760\u8212\u9002\u7684\u670d\u52a1<\/li>\n<li>\u2714 \u51c6\u65f6\u62b5\u8fbe\u673a\u573a<\/li>\n<\/ul>\n<p style=\"font-weight: bold; font-size: 18px;\">\u6700\u4f18\u8d28\u7684\u673a\u573a\u670d\u52a1\u5df2\u4e3a\u60a8\u51c6\u5907\u5c31\u7eea\u3002\u7acb\u5373\u9884\u8ba2\u60a8\u7684\u673a\u573a\u51fa\u79df\u8f66\uff0c\u4eab\u53d7\u65e0\u5fe7\u51fa\u884c\uff01<\/p>\n<\/div>\n<p><\/p>","protected":false},"excerpt":{"rendered":"<p>\u00e5\u0153\u00a8\u00e6\u2122\u201a\u00e9\u2013\u201c\u00e6\u2013\u00b9\u00e4\u00be\u00bf\u00e5\u2021\u00ba\u00e7\u00a7\u0178\u00e8\u00bb\u0160\u00e5\u008f\u00b2\u00e5\u0178\u00ba\u00e6\u00b5\u00a6 \u00e9\u00a0\u0090\u00e5\u00ae\u0161\u00e5\u2021\u00ba\u00e7\u00a7\u0178\u00e8\u00bb\u0160 \u00e6\u2122\u201a\u00e6\u201d [&hellip;]<\/p>\n","protected":false},"author":1,"featured_media":0,"parent":0,"menu_order":0,"comment_status":"closed","ping_status":"closed","template":"homepage-page.php","meta":{"footnotes":""},"class_list":["post-84","page","type-page","status-publish","hentry"],"acf":[],"_links":{"self":[{"href":"https:\/\/easytaxischiphol.nl\/new\/zh\/wp-json\/wp\/v2\/pages\/84","targetHints":{"allow":["GET"]}}],"collection":[{"href":"https:\/\/easytaxischiphol.nl\/new\/zh\/wp-json\/wp\/v2\/pages"}],"about":[{"href":"https:\/\/easytaxischiphol.nl\/new\/zh\/wp-json\/wp\/v2\/types\/page"}],"author":[{"embeddable":true,"href":"https:\/\/easytaxischiphol.nl\/new\/zh\/wp-json\/wp\/v2\/users\/1"}],"replies":[{"embeddable":true,"href":"https:\/\/easytaxischiphol.nl\/new\/zh\/wp-json\/wp\/v2\/comments?post=84"}],"version-history":[{"count":72,"href":"https:\/\/easytaxischiphol.nl\/new\/zh\/wp-json\/wp\/v2\/pages\/84\/revisions"}],"predecessor-version":[{"id":1243,"href":"https:\/\/easytaxischiphol.nl\/new\/zh\/wp-json\/wp\/v2\/pages\/84\/revisions\/1243"}],"wp:attachment":[{"href":"https:\/\/easytaxischiphol.nl\/new\/zh\/wp-json\/wp\/v2\/media?parent=84"}],"curies":[{"name":"wp","href":"https:\/\/api.w.org\/{rel}","templated":true}]}}