{"id":36,"date":"2016-12-11T14:57:40","date_gmt":"2016-12-11T13:57:40","guid":{"rendered":"https:\/\/easytaxischiphol.nl\/new\/?page_id=36"},"modified":"2026-04-26T10:45:21","modified_gmt":"2026-04-26T08:45:21","slug":"services","status":"publish","type":"page","link":"https:\/\/easytaxischiphol.nl\/new\/tr\/services\/","title":{"rendered":"Services"},"content":{"rendered":"<p><\/p>\n<div class=\"row\" style=\"margin-bottom: 30px;\">\n<div class=\"col-xs-12 text-center\">\n<div class=\"flex-1 overflow-hidden @container\/thread translate-y-[2rem] -mt-[2rem] pb-[1.5rem]\">\n<div class=\"relative h-full\">\n<div class=\"flex h-full flex-col overflow-y-auto [scrollbar-gutter:stable]\">\n<div class=\"flex flex-col text-sm md:pb-9\">\n<article class=\"w-full text-token-text-primary focus-visible:outline-2 focus-visible:outline-offset-[-4px]\" dir=\"auto\" data-testid=\"conversation-turn-13\" data-scroll-anchor=\"true\">\n<div class=\"m-auto text-base py-[18px] px-6\">\n<div class=\"mx-auto flex flex-1 text-base gap-4 md:gap-5 lg:gap-6 md:max-w-3xl\">\n<div class=\"group\/conversation-turn relative flex w-full min-w-0 flex-col agent-turn @xs\/thread:px-0 @sm\/thread:px-1.5 @md\/thread:px-4\">\n<div class=\"flex-col gap-1 md:gap-3\">\n<div class=\"flex max-w-full flex-col flex-grow\">\n<div class=\"min-h-8 text-message relative flex w-full flex-col items-end gap-2 whitespace-normal break-words text-start [.text-message+&amp;]:mt-5\" dir=\"auto\" data-message-author-role=\"assistant\" data-message-id=\"a02d2263-171f-4e59-a055-b59f9e204cfd\" data-message-model-slug=\"gpt-4o\">\n<div class=\"flex w-full flex-col gap-1 empty:hidden first:pt-[3px]\">\n<div class=\"markdown prose w-full break-words dark:prose-invert light\">\n<h3 style=\"text-align: left;\" data-start=\"331\" data-end=\"360\">Neden EasyTaxiSchiphol?<\/h3>\n<p style=\"text-align: left;\" data-start=\"361\" data-end=\"579\">&#x2714; <strong data-start=\"363\" data-end=\"378\">7\/24 Hizmet<\/strong> \u2013 Gece g\u00fcnd\u00fcz ula\u015f\u0131labilir<br data-start=\"405\" data-end=\"408\" \/>&#x2714; <strong data-start=\"410\" data-end=\"437\">Sabit ve Uygun Fiyatlar<\/strong> \u2013 S\u00fcrpriz \u00fccretler yok<br data-start=\"460\" data-end=\"463\" \/>&#x2714; <strong data-start=\"465\" data-end=\"489\">Profesyonel \u015eof\u00f6rler<\/strong> \u2013 G\u00fcvenli ve konforlu ula\u015f\u0131m<br data-start=\"518\" data-end=\"521\" \/>&#x2714; <strong data-start=\"523\" data-end=\"577\">Otopark \u00fccreti \u00f6demezsiniz, bagaj ta\u015f\u0131ma derdi yok<\/strong><\/p>\n<p style=\"text-align: left;\" data-start=\"581\" data-end=\"772\">Hizmet verdi\u011fimiz G\u00fcney Hollanda \u015fehirleri: Rotterdam, Lahey, Leiden, Delft, Dordrecht, Gouda, Zoetermeer, Spijkenisse, Schiedam, Vlaardingen, Alphen aan den Rijn ve Capelle aan den IJssel.<\/p>\n<h3 style=\"text-align: left;\" data-start=\"774\" data-end=\"811\">Hizmet Verdi\u011fimiz Havalimanlar\u0131<\/h3>\n<p style=\"text-align: left;\" data-start=\"812\" data-end=\"883\">Schiphol\u2019\u00fcn yan\u0131 s\u0131ra a\u015fa\u011f\u0131daki havalimanlar\u0131na da ula\u015f\u0131m sa\u011fl\u0131yoruz:<\/p>\n<ul style=\"text-align: left;\" data-start=\"885\" data-end=\"1135\">\n<li data-start=\"885\" data-end=\"979\"><strong data-start=\"887\" data-end=\"899\">Hollanda<\/strong>: Rotterdam Lahey Havaliman\u0131, Eindhoven Havaliman\u0131, Groningen Eelde Havaliman\u0131<\/li>\n<li data-start=\"980\" data-end=\"1056\"><strong data-start=\"982\" data-end=\"993\">Bel\u00e7ika<\/strong>: Br\u00fcksel Havaliman\u0131, Charleroi Havaliman\u0131, Anvers Havaliman\u0131<\/li>\n<li data-start=\"1057\" data-end=\"1135\"><strong data-start=\"1059\" data-end=\"1070\">Almanya<\/strong>: D\u00fcsseldorf Havaliman\u0131, Weeze Havaliman\u0131, Frankfurt Havaliman\u0131<\/li>\n<\/ul>\n<p style=\"text-align: left;\" data-start=\"1137\" data-end=\"1272\">Yolculu\u011funuz kap\u0131n\u0131zdan ba\u015flar! Havaliman\u0131na vard\u0131\u011f\u0131n\u0131zda, \u015fof\u00f6r\u00fcn\u00fcz sizi bekliyor olacak ve do\u011frudan var\u0131\u015f noktan\u0131za ula\u015ft\u0131racakt\u0131r.<\/p>\n<p style=\"text-align: left;\" data-start=\"1274\" data-end=\"1349\" data-is-last-node=\"\" data-is-only-node=\"\">\n<\/div>\n<\/div>\n<\/div>\n<\/div>\n<div class=\"mb-2 flex gap-3 -ml-2\" tabindex=\"0\">\n<div class=\"items-center justify-start rounded-xl p-1 flex\">\n<div class=\"flex items-center\" style=\"text-align: left;\">\n<p>&nbsp;<\/p>\n<\/div>\n<\/div>\n<\/div>\n<\/div>\n<\/div>\n<\/div>\n<\/div>\n<\/article>\n<\/div>\n<\/div>\n<\/div>\n<\/div>\n<div class=\"md:pt-0 dark:border-white\/20 md:border-transparent md:dark:border-transparent w-full isolate has-[[data-has-thread-error]]:[box-shadow:var(--sharp-edge-bottom-shadow)] has-[[data-has-thread-error]]:pt-2\">\n<div>\n<div class=\"m-auto text-base px-3 md:px-4 w-full md:px-5 lg:px-4 xl:px-5\">\n<div class=\"mx-auto flex flex-1 text-base gap-4 md:gap-5 lg:gap-6 md:max-w-3xl\">\n<form class=\"w-full\" aria-haspopup=\"dialog\" aria-expanded=\"false\" aria-controls=\"radix-:r14:\" data-state=\"closed\">\n<div class=\"relative z-[1] flex h-full max-w-full flex-1 flex-col\">\n<div class=\"group relative z-[1] flex w-full items-center\">\n<div class=\"w-full\">\n<div id=\"composer-background\" class=\"flex w-full cursor-text flex-col rounded-3xl border border-token-border-light px-3 py-1 duration-150 ease-in-out contain-inline-size motion-safe:transition-[color,background-color,border-color,text-decoration-color,fill,stroke,box-shadow] dark:border-none dark:shadow-none shadow-[0_9px_9px_0px_rgba(0,0,0,0.01),_0_2px_5px_0px_rgba(0,0,0,0.06)] has-[:focus]:shadow-[0_2px_12px_0px_rgba(0,0,0,0.04),_0_9px_9px_0px_rgba(0,0,0,0.01),_0_2px_5px_0px_rgba(0,0,0,0.06)] bg-token-main-surface-primary dark:bg-[#303030]\">\n<div class=\"flex flex-col justify-start\">\n<div class=\"flex min-h-[44px] items-start pl-1\">\n<div class=\"min-w-0 max-w-full flex-1\">\n<div class=\"_prosemirror-parent_1r7mb_1 text-token-text-primary max-h-[25dvh] max-h-52 overflow-auto default-browser\">\n<div id=\"prompt-textarea\" class=\"ProseMirror\" contenteditable=\"true\" translate=\"no\" data-virtualkeyboard=\"true\"><\/div>\n<\/div>\n<\/div>\n<\/div>\n<\/div>\n<\/div>\n<\/div>\n<\/div>\n<\/div>\n<\/form>\n<\/div>\n<\/div>\n<\/div>\n<\/div>\n<\/div>\n<\/div>\n<div class=\"row\">\n<div class=\"col-xs-12 col-lg-6\">\n<div class=\"row service\">\n<div class=\"col-xs-5 col-lg-4\">\n<div class=\"icon-service\"><img decoding=\"async\" class=\"photo\" src=\"\/wp-content\/themes\/easytaxi\/images\/phtot.png\" alt=\"photo\" \/><\/div>\n<\/div>\n<div class=\"col-xs-7 col-lg-8\">\n<h3>\u00c3\u2013DEME<\/h3>\n<p>Sen s\u00c3\u00bcr\u00c3\u00bcc\u00c3\u00bcye s\u00c3\u00bcr\u00c3\u00bc\u00c5\u0178 ortalama nakit olarak \u00c3\u00b6demek zorundad\u00c4\u00b1r. Firmalar muhtemelen hesab\u00c4\u00b1na s\u00c3\u00bcrebilirsin.<\/p>\n<\/div>\n<\/div>\n<div class=\"row service\">\n<div class=\"col-xs-5 col-lg-4\">\n<div class=\"icon-service\"><img decoding=\"async\" src=\"\/wp-content\/themes\/easytaxi\/images\/bag-icon.png\" alt=\"bag\" \/><\/div>\n<\/div>\n<div class=\"col-xs-7 col-lg-8\">\n<h3 id=\"tw-target-text\" class=\"tw-data-text tw-ta tw-text-large\" dir=\"ltr\" data-placeholder=\"Vertaling\"><span lang=\"tr\">BAGAJ<\/span><\/h3>\n<p>Biz bu \u00c3\u00b6nceden haberdar edilmelidir daha fazlas\u00c4\u00b1 m\u00c4\u00b1 olmal\u00c4\u00b1, bir bavul ve bir carry-on yolcu ba\u00c5\u0178\u00c4\u00b1na s\u00c3\u00bcrer kabul ediyoruz. Normal \u00c5\u0178artlar alt\u00c4\u00b1nda ekstra bagaj getirebilir, o zaman hi\u00c3\u00a7bir ek \u00c3\u00bccret \u00c3\u00b6demeden orada ba\u00c4\u0178lan\u00c4\u00b1r. Ancak, bu art\u00c4\u00b1k kilo da havayolu taraf\u00c4\u00b1ndan kabul edilen buna anlam\u00c4\u00b1na gelmez.<\/p>\n<\/div>\n<\/div>\n<\/div>\n<div class=\"col-xs-12 col-lg-6\">\n<div class=\"row service\">\n<div class=\"col-xs-5 col-lg-4\">\n<div class=\"icon-service\"><img decoding=\"async\" src=\"\/wp-content\/themes\/easytaxi\/images\/hand.png\" alt=\"hand\" \/><\/div>\n<\/div>\n<div class=\"col-xs-7 col-lg-8\">\n<h3>G\u00c4\u00b0ZL\u00c4\u00b0L\u00c4\u00b0K<\/h3>\n<p>Kolay taksi Schiphol ki\u00c5\u0178isel bilgilerinizi korumak i\u00c3\u00a7indir yasalara ba\u00c4\u0178l\u00c4\u00b1 uydu\u00c4\u0178undan. Hi\u00c3\u00a7bir zaman kolay taksi Schiphol \u00c3\u00bc\u00c3\u00a7\u00c3\u00bcnc\u00c3\u00bc \u00c5\u0178ah\u00c4\u00b1slara ki\u00c5\u0178isel bilgileri if\u00c5\u0178a edecek ve bu nedenle yeterli koruma sa\u00c4\u0178lamak.<\/p>\n<\/div>\n<\/div>\n<div class=\"row service\">\n<div class=\"col-xs-5 col-lg-4\">\n<div class=\"icon-service\"><img decoding=\"async\" class=\"clock\" src=\"\/wp-content\/themes\/easytaxi\/images\/clock-icon.png\" alt=\"clock\" \/><\/div>\n<\/div>\n<div class=\"col-xs-7 col-lg-8\">\n<h3>DELAY<\/h3>\n<p>Biz her zaman yolda gecikmeleri \u00c3\u00b6nlemek i\u00c3\u00a7in m\u00c3\u00bcmk\u00c3\u00bcn olan her \u00c5\u0178eyi yapaca\u00c4\u0178\u00c4\u00b1z. Kolay taksi Schiphol ancak u\u00c3\u00a7a\u00c4\u0178\u00c4\u00b1n\u00c4\u00b1z\u00c4\u00b1 eksik olmas\u00c4\u00b1na neden gecikmelerden sorumlu tutulamaz. Buna ilaveten Genel \u00c5\u017eartlar ve Ko\u00c5\u0178ullar Taxivervoer tabi.<\/p>\n<\/div>\n<\/div>\n<\/div>\n<\/div>\n<div class=\"col-xs-12 text-center border-blue\">\n<h4>Schiphol d\u00c3\u00b6n<\/h4>\n<p>Sen Toplant\u00c4\u00b1 Point&#8217;te beklenecektir Schiphol Havaalan\u00c4\u00b1 geli\u00c5\u0178 salonunda (harita i\u00c3\u00a7in buraya t\u00c4\u00b1klay\u00c4\u00b1n). Gecikme durumunda, yak\u00c4\u00b1ndan bu izlemek i\u00c3\u00a7in bize g\u00c3\u00bcvenebilirsiniz. geldikten sonra, havaalan\u00c4\u00b1nda telefonunuzda a\u00c3\u00a7man\u00c4\u00b1z gerekir, bu nedenle s\u00c3\u00bcr\u00c3\u00bcc\u00c3\u00bc elde edebilirsiniz.<\/p>\n<\/div>\n<p><\/p>","protected":false},"excerpt":{"rendered":"<p>Neden EasyTaxiSchiphol? &#x2714; 7\/24 Hizmet \u2013 Gece g\u00fcnd\u00fcz ula\u015f\u0131labilir&#x2714; Sabit ve Uygun Fiyatlar \u2013 S\u00fcrpriz \u00fccretler yok&#x2714; Profesyonel \u015eof\u00f6rler \u2013 G\u00fcvenli ve konforlu ula\u015f\u0131m&#x2714; Otopark \u00fccreti \u00f6demezsiniz, bagaj ta\u015f\u0131ma derdi yok Hizmet verdi\u011fimiz G\u00fcney Hollanda \u015fehirleri: Rotterdam, Lahey, Leiden, Delft, Dordrecht, Gouda, Zoetermeer, Spijkenisse, Schiedam, Vlaardingen, Alphen aan den Rijn ve Capelle aan den IJssel. [&hellip;]<\/p>\n","protected":false},"author":1,"featured_media":0,"parent":0,"menu_order":0,"comment_status":"closed","ping_status":"closed","template":"page-service.php","meta":{"footnotes":""},"class_list":["post-36","page","type-page","status-publish","hentry"],"acf":[],"_links":{"self":[{"href":"https:\/\/easytaxischiphol.nl\/new\/tr\/wp-json\/wp\/v2\/pages\/36","targetHints":{"allow":["GET"]}}],"collection":[{"href":"https:\/\/easytaxischiphol.nl\/new\/tr\/wp-json\/wp\/v2\/pages"}],"about":[{"href":"https:\/\/easytaxischiphol.nl\/new\/tr\/wp-json\/wp\/v2\/types\/page"}],"author":[{"embeddable":true,"href":"https:\/\/easytaxischiphol.nl\/new\/tr\/wp-json\/wp\/v2\/users\/1"}],"replies":[{"embeddable":true,"href":"https:\/\/easytaxischiphol.nl\/new\/tr\/wp-json\/wp\/v2\/comments?post=36"}],"version-history":[{"count":27,"href":"https:\/\/easytaxischiphol.nl\/new\/tr\/wp-json\/wp\/v2\/pages\/36\/revisions"}],"predecessor-version":[{"id":1333,"href":"https:\/\/easytaxischiphol.nl\/new\/tr\/wp-json\/wp\/v2\/pages\/36\/revisions\/1333"}],"wp:attachment":[{"href":"https:\/\/easytaxischiphol.nl\/new\/tr\/wp-json\/wp\/v2\/media?parent=36"}],"curies":[{"name":"wp","href":"https:\/\/api.w.org\/{rel}","templated":true}]}}