{"id":36,"date":"2016-12-11T14:57:40","date_gmt":"2016-12-11T13:57:40","guid":{"rendered":"https:\/\/easytaxischiphol.nl\/new\/?page_id=36"},"modified":"2026-04-26T10:45:21","modified_gmt":"2026-04-26T08:45:21","slug":"services","status":"publish","type":"page","link":"https:\/\/easytaxischiphol.nl\/new\/pt\/services\/","title":{"rendered":"Services"},"content":{"rendered":"<p><\/p>\n<div class=\"row\" style=\"margin-bottom: 30px;\">\n<div class=\"col-xs-12 text-center\">\n<p style=\"text-align: left;\" data-start=\"0\" data-end=\"68\"><strong data-start=\"0\" data-end=\"66\">Transporte de T\u00e1xi Confi\u00e1vel para Schiphol e Outros Aeroportos<\/strong><\/p>\n<p style=\"text-align: left;\" data-start=\"70\" data-end=\"359\">Quer come\u00e7ar a sua viagem ou f\u00e9rias sem preocupa\u00e7\u00f5es com o transporte para o aeroporto? A <strong data-start=\"160\" data-end=\"180\">EasyTaxiSchiphol<\/strong> est\u00e1 aqui para ajudar! Oferecemos um servi\u00e7o de t\u00e1xi confi\u00e1vel e confort\u00e1vel de e para Schiphol, bem como para todos os outros aeroportos nos Pa\u00edses Baixos, B\u00e9lgica e Alemanha.<\/p>\n<h3 style=\"text-align: left;\" data-start=\"361\" data-end=\"403\">Por que escolher a EasyTaxiSchiphol?<\/h3>\n<p style=\"text-align: left;\" data-start=\"404\" data-end=\"630\">&#x2714; <strong data-start=\"406\" data-end=\"422\">Servi\u00e7o 24\/7<\/strong> \u2013 Dispon\u00edvel dia e noite<br data-start=\"447\" data-end=\"450\" \/>&#x2714; <strong data-start=\"452\" data-end=\"482\">Tarifas fixas e acess\u00edveis<\/strong> \u2013 Sem surpresas<br data-start=\"498\" data-end=\"501\" \/>&#x2714; <strong data-start=\"503\" data-end=\"531\">Motoristas profissionais<\/strong> \u2013 Transporte seguro e confort\u00e1vel<br data-start=\"565\" data-end=\"568\" \/>&#x2714; <strong data-start=\"570\" data-end=\"628\">Sem custos de estacionamento ou problemas com bagagens<\/strong><\/p>\n<p style=\"text-align: left;\" data-start=\"632\" data-end=\"831\">Atendemos todas as cidades da Holanda do Sul, incluindo Roterd\u00e3, Haia, Leiden, Delft, Dordrecht, Gouda, Zoetermeer, Spijkenisse, Schiedam, Vlaardingen, Alphen aan den Rijn e Capelle aan den IJssel.<\/p>\n<h3 style=\"text-align: left;\" data-start=\"833\" data-end=\"863\">Aeroportos que atendemos<\/h3>\n<p style=\"text-align: left;\" data-start=\"864\" data-end=\"939\">Al\u00e9m de Schiphol, tamb\u00e9m transportamos voc\u00ea para os seguintes aeroportos:<\/p>\n<ul style=\"text-align: left;\" data-start=\"941\" data-end=\"1216\">\n<li data-start=\"941\" data-end=\"1043\"><strong data-start=\"943\" data-end=\"960\">Pa\u00edses Baixos<\/strong>: Aeroporto de Roterd\u00e3-Haia, Aeroporto de Eindhoven, Aeroporto de Groningen Eelde<\/li>\n<li data-start=\"1044\" data-end=\"1130\"><strong data-start=\"1046\" data-end=\"1057\">B\u00e9lgica<\/strong>: Aeroporto de Bruxelas, Aeroporto de Charleroi, Aeroporto de Antu\u00e9rpia<\/li>\n<li data-start=\"1131\" data-end=\"1216\"><strong data-start=\"1133\" data-end=\"1145\">Alemanha<\/strong>: Aeroporto de D\u00fcsseldorf, Aeroporto de Weeze, Aeroporto de Frankfurt<\/li>\n<\/ul>\n<p style=\"text-align: left;\" data-start=\"1218\" data-end=\"1354\">A sua viagem come\u00e7a na porta da sua casa! Ao chegar ao aeroporto, seu motorista estar\u00e1 pronto para lev\u00e1-lo diretamente ao seu destino.<\/p>\n<p style=\"text-align: left;\" data-start=\"1356\" data-end=\"1422\" data-is-last-node=\"\" data-is-only-node=\"\">\n<\/div>\n<\/div>\n<div class=\"row\">\n<div class=\"col-xs-12 col-lg-6\">\n<p><!--service--><\/p>\n<div class=\"row service\">\n<div class=\"col-xs-5 col-lg-4\">\n<div class=\"icon-service\"><img decoding=\"async\" class=\"photo\" src=\"\/wp-content\/themes\/easytaxi\/images\/phtot.png\" alt=\"photo\" \/><\/div>\n<\/div>\n<div class=\"col-xs-7 col-lg-8\">\n<h3>PAGAMENTO<\/h3>\n<p>Voc\u00c3\u00aa deve pagar em dinheiro por viagem para o motorista. As empresas podem, eventualmente conduzir em conta.<\/p>\n<\/div>\n<\/div>\n<p><!--service--> <!--service--><\/p>\n<div class=\"row service\">\n<div class=\"col-xs-5 col-lg-4\">\n<div class=\"icon-service\"><img decoding=\"async\" src=\"\/wp-content\/themes\/easytaxi\/images\/bag-icon.png\" alt=\"bag\" \/><\/div>\n<\/div>\n<div class=\"col-xs-7 col-lg-8\">\n<h3>BAGAGEM<\/h3>\n<p>Aceitamos que uma mala e uma bagagem de m\u00c3\u00a3o por passageiro dura, deve ser algo mais do que isso deve ser notificada com anteced\u00c3\u00aancia. Pode trazer bagagem extra em condi\u00c3\u00a7\u00c3\u00b5es normais, ent\u00c3\u00a3o n\u00c3\u00a3o est\u00c3\u00a3o ligados a nenhum custo adicional. No entanto, isso n\u00c3\u00a3o significa que mais peso tamb\u00c3\u00a9m \u00c3\u00a9 aceito por sua companhia a\u00c3\u00a9rea.<\/p>\n<\/div>\n<\/div>\n<p><!--service--><\/p>\n<\/div>\n<div class=\"col-xs-12 col-lg-6\">\n<p><!--service--><\/p>\n<div class=\"row service\">\n<div class=\"col-xs-5 col-lg-4\">\n<div class=\"icon-service\"><img decoding=\"async\" src=\"\/wp-content\/themes\/easytaxi\/images\/hand.png\" alt=\"hand\" \/><\/div>\n<\/div>\n<div class=\"col-xs-7 col-lg-8\">\n<h3>PRIVACIDADE<\/h3>\n<p>f\u00c3\u00a1cil taxi Schiphol adere vinculado por leis que se destinam a proteger suas informa\u00c3\u00a7\u00c3\u00b5es pessoais. Nunca \u00c3\u00a9 f\u00c3\u00a1cil t\u00c3\u00a1xi Schiphol ir\u00c3\u00a3o disponibilizar suas informa\u00c3\u00a7\u00c3\u00b5es pessoais a terceiros e, portanto, assegurar a protec\u00c3\u00a7\u00c3\u00a3o adequada.<\/p>\n<\/div>\n<\/div>\n<p><!--service--> <!--service--><\/p>\n<div class=\"row service\">\n<div class=\"col-xs-5 col-lg-4\">\n<div class=\"icon-service\"><img decoding=\"async\" class=\"clock\" src=\"\/wp-content\/themes\/easytaxi\/images\/clock-icon.png\" alt=\"clock\" \/><\/div>\n<\/div>\n<div class=\"col-xs-7 col-lg-8\">\n<h3>ATRASO<\/h3>\n<div id=\"tw-target-text-container\" class=\"tw-nfl tw-ta-container\">\n<p id=\"tw-target-text\" class=\"tw-data-text tw-ta tw-text-small\" dir=\"ltr\" data-placeholder=\"Vertaling\"><span lang=\"pt\">N\u00c3\u00b3s sempre fazemos todo o poss\u00c3\u00advel para evitar atrasos no caminho. f\u00c3\u00a1cil taxi Schiphol no entanto, n\u00c3\u00a3o pode ser responsabilizada por atrasos que resultam em falta de seu avi\u00c3\u00a3o. Para isso, adicionalmente, ser regido pelos Termos e Condi\u00c3\u00a7\u00c3\u00b5es Gerais Taxivervoer.<\/span><\/p>\n<p class=\"tw-data-text tw-ta tw-text-small\" dir=\"ltr\" data-placeholder=\"Vertaling\">\n<\/div>\n<\/div>\n<\/div>\n<p><!--service--><\/p>\n<\/div>\n<\/div>\n<div class=\"col-xs-12 text-center border-blue\">\n<h4 id=\"tw-target-text\" class=\"tw-data-text tw-ta tw-text-medium\" dir=\"ltr\" data-placeholder=\"Vertaling\"><span lang=\"pt\">Voltar para Schiphol<\/span><\/h4>\n<p>Voc\u00c3\u00aa ser\u00c3\u00a1 esperado no Ponto de Encontro (clique aqui para mapa) no hall de entrada do aeroporto de Schiphol. Em caso de atraso, voc\u00c3\u00aa pode contar conosco para monitorar isso de perto. Ap\u00c3\u00b3s a chegada, voc\u00c3\u00aa deve ligar o telefone no aeroporto, para que o motorista pode alcan\u00c3\u00a7ar.<\/p>\n<\/div>\n<p><\/p>","protected":false},"excerpt":{"rendered":"<p>Transporte de T\u00e1xi Confi\u00e1vel para Schiphol e Outros Aeroportos Quer come\u00e7ar a sua viagem ou f\u00e9rias sem preocupa\u00e7\u00f5es com o transporte para o aeroporto? A EasyTaxiSchiphol est\u00e1 aqui para ajudar! Oferecemos um servi\u00e7o de t\u00e1xi confi\u00e1vel e confort\u00e1vel de e para Schiphol, bem como para todos os outros aeroportos nos Pa\u00edses Baixos, B\u00e9lgica e Alemanha. [&hellip;]<\/p>\n","protected":false},"author":1,"featured_media":0,"parent":0,"menu_order":0,"comment_status":"closed","ping_status":"closed","template":"page-service.php","meta":{"footnotes":""},"class_list":["post-36","page","type-page","status-publish","hentry"],"acf":[],"_links":{"self":[{"href":"https:\/\/easytaxischiphol.nl\/new\/pt\/wp-json\/wp\/v2\/pages\/36","targetHints":{"allow":["GET"]}}],"collection":[{"href":"https:\/\/easytaxischiphol.nl\/new\/pt\/wp-json\/wp\/v2\/pages"}],"about":[{"href":"https:\/\/easytaxischiphol.nl\/new\/pt\/wp-json\/wp\/v2\/types\/page"}],"author":[{"embeddable":true,"href":"https:\/\/easytaxischiphol.nl\/new\/pt\/wp-json\/wp\/v2\/users\/1"}],"replies":[{"embeddable":true,"href":"https:\/\/easytaxischiphol.nl\/new\/pt\/wp-json\/wp\/v2\/comments?post=36"}],"version-history":[{"count":27,"href":"https:\/\/easytaxischiphol.nl\/new\/pt\/wp-json\/wp\/v2\/pages\/36\/revisions"}],"predecessor-version":[{"id":1333,"href":"https:\/\/easytaxischiphol.nl\/new\/pt\/wp-json\/wp\/v2\/pages\/36\/revisions\/1333"}],"wp:attachment":[{"href":"https:\/\/easytaxischiphol.nl\/new\/pt\/wp-json\/wp\/v2\/media?parent=36"}],"curies":[{"name":"wp","href":"https:\/\/api.w.org\/{rel}","templated":true}]}}