{"id":84,"date":"2017-02-03T19:03:48","date_gmt":"2017-02-03T18:03:48","guid":{"rendered":"https:\/\/easytaxischiphol.nl\/new\/?page_id=84"},"modified":"2025-07-18T12:57:46","modified_gmt":"2025-07-18T10:57:46","slug":"home","status":"publish","type":"page","link":"https:\/\/easytaxischiphol.nl\/new\/fr\/","title":{"rendered":"Home"},"content":{"rendered":"<p><\/p>\n<div class=\"row\">\n<div class=\"col-md-12 text-center\">\n<div class=\"row\">\n<div class=\"col-md-12 text-center\">\n<h2 id=\"tw-target-text\" class=\"tw-data-text tw-ta tw-text-medium\" dir=\"ltr\" data-placeholder=\"Vertaling\"><span lang=\"fr\">Le temps avec Schiphol taxi facile<\/span><\/h2>\n<\/div>\n<\/div>\n<div id=\"services\" class=\"row\">\n<div class=\"col-sm-12\">\n<div class=\"col-md-4 text-center\">\n<div class=\"icon-blue\"><img decoding=\"async\" class=\"desktop\" src=\"https:\/\/easytaxischiphol.nl\/new\/wp-content\/uploads\/2025\/03\/1.png\" alt=\"\" \/><\/div>\n<h3>LIVRE D&rsquo;UN TAXI<\/h3>\n<\/div>\n<div class=\"col-md-4 text-center\">\n<div class=\"icon-blue\"><img decoding=\"async\" class=\"desktop\" src=\"https:\/\/easytaxischiphol.nl\/new\/wp-content\/uploads\/2025\/03\/2.png\" alt=\"\" \/><\/div>\n<h3>TEMPS RECUEILLIS<\/h3>\n<\/div>\n<div class=\"col-md-4 text-center\">\n<div class=\"icon-blue\"><img decoding=\"async\" class=\"desktop\" src=\"https:\/\/easytaxischiphol.nl\/new\/wp-content\/uploads\/2025\/03\/3.png\" alt=\"\" \/><\/div>\n<h3>ARRIV\u00c3\u2030E TEMPS<\/h3>\n<\/div>\n<div class=\"col-md-3 text-center\">\n<!--div class=\"icon-blue\"><img decoding=\"async\" class=\"desktop\" src=\"\/wp-content\/themes\/easytaxi\/images\/cahs.png\" alt=\"\" \/><\/div>\n\n\n\n\n<h3 id=\"tw-target-text\" class=\"tw-data-text tw-ta tw-text-medium\" dir=\"ltr\" data-placeholder=\"Vertaling\"><span lang=\"fr\">MON PANIER<\/span><\/h3>\n\n\n<\/div-->\n<\/div>\n<\/div>\n<div id=\"bottom-portion\" class=\"row\">\n<div class=\"col-md-12 text-center border-blue\">\n<h4>Plus sur SCHIPHOL EASY TAXI<\/h4>\n<\/div>\n<\/div>\n<p><!--div>\n\n\n<h2>Temps avec Easy Taxi Schiphol<\/h2>\n\n\nBien s\u00c3\u00bbr, vous voulez obtenir comme votre avion \u00c3\u00a0 temps! Merci \u00c3\u00a0 Easy Taxi Schiphol est aussi certainement r\u00c3\u00a9ussir! Vous pouvez compter sur nous de nombreux avantages. Ainsi, vous pouvez r\u00c3\u00a9server directement un taxi (ou appelez), vous pouvez compter sur vous pour \u00c3\u00aatre pris \u00c3\u00a0 temps et donc arriver \u00c3\u00a0 l'heure et avec nous, vous pouvez facilement payer. Que vous venez de Oostvoorne, Berkel et Rodenrijs de Hellevoetsluis, le service de taxi est pr\u00c3\u00aat pour vous pour vous emmener \u00c3\u00a0 l'a\u00c3\u00a9roport \u00c3\u00a0 temps. Vous ne serez plus manquer un vol, lorsque vous faites usage de notre service et l'auto-d\u00c3\u00a9couvrir les avantages.\n\n\n<h2 id=\"tw-target-text\" class=\"tw-data-text tw-ta tw-text-medium\" dir=\"ltr\" data-placeholder=\"Vertaling\"><span lang=\"fr\">Tarif calcul<\/span><\/h2>\n\n\nEn ligne chez Easy Taxi Schiphol calculer facilement votre tarif? Bien s\u00c3\u00bbr, vous pouvez! Vous continuez d'o\u00c3\u00b9 vous partez, adresse, ville, rue et num\u00c3\u00a9ro de la maison. Ensuite, choisissez o\u00c3\u00b9 vous voulez aller, par exemple l'a\u00c3\u00a9roport de Schiphol \u00c3\u00a0 Amsterdam. Ensuite, vous indiquez combien de personnes il est et vous pouvez s\u00c3\u00a9lectionner la voiture, comme un break. Par la suite, le tarif peut \u00c3\u00aatre calcul\u00c3\u00a9 directement. Donc, vous savez imm\u00c3\u00a9diatement o\u00c3\u00b9 vous vous situez avec Easy Taxi Schiphol, plus de soucis que vous venez de mauvaises surprises! Vous pouvez voir de Vlaardingen, Hoogvliet et Hendrik-Ido-Ambacht utilisent \u00c3\u00a9galement le service de taxi l'a\u00c3\u00a9roport de Schiphol et profiter de tous les avantages. En taxi ou plut\u00c3\u00b4t avec le bus? Vous avez trouv\u00c3\u00a9 ce que vos avantages si vous choisissez facile Taxi Schiphol. Le taxi de l'a\u00c3\u00a9roport d'Amsterdam est maintenant pr\u00c3\u00aat pour vous quand va votre vol?\n\n\n<h2>En taxi \u00c3\u00a0 Schiphol<\/h2>\n\n\ntaxi, facile \u00c3\u00a0 monter et \u00c3\u00a0 partir de l'a\u00c3\u00a9roport de Schiphol, facilement peut-il pas? Un taxi de livres Schiphol de Rotterdam, Krimpen aan den IJssel ou Bleiswijk, il peut \u00c3\u00a0 nous. Aussi de Dordrecht, Papendrecht, Dordrecht et Alblasserdam vous pouvez r\u00c3\u00a9server un taxi Schiphol. taxi, l'a\u00c3\u00a9roport de Schiphol est l\u00c3\u00a0 pour vous arriver \u00c3\u00a0 temps \u00c3\u00a0 l'a\u00c3\u00a9roport. Ne vous inqui\u00c3\u00a9tez pas que vous devez attendre longtemps, facile Taxi Schiphol est temps pour vous et vos compagnons de voyage. Vous ne devez pas attendre que les autres et harceler les autres ou qu'ils veulent vous enlever. Notre service est maintenant pr\u00c3\u00aat pour vous et vous nous connaissez bien o\u00c3\u00b9 vous \u00c3\u00aates.\n\n\n<h2>Schiphol r\u00c3\u00a9servations Taxi<\/h2>\n\n\nSchiphol une ligne de taxi peut d\u00c3\u00a9sormais facilement avec Easy Taxi Schiphol. Ou que vous vivez dans Krimpen aan den IJssel, \u00c3\u00a0 Bergschenhoek ou Schiedam, nous sommes l\u00c3\u00a0 pour vous et vous emmener \u00c3\u00a0 l'a\u00c3\u00a9roport. Transport de l'a\u00c3\u00a9roport est jamais aussi facile que arrang\u00c3\u00a9 chez Easy Taxi Schiphol. Utilisez donc rapidement notre taxi Schiphol pour se rendre \u00c3\u00a0 l'a\u00c3\u00a9roport ou de Spijkenisse Brielle. taxi a\u00c3\u00a9roport Schiphol vous attend. Utilisez-le, il est le meilleur service de l'a\u00c3\u00a9roport, vous pouvez choisir!\n<\/div-->\n<div class=\"text-left home-bottom\">\n<h2>Toujours \u00e0 l&rsquo;heure \u00e0 Schiphol avec Easy Taxi !<\/h2>\n<p>Vous voulez attraper votre vol sans souci ? <strong>Easy Taxi Schiphol<\/strong> vous emm\u00e8ne en toute s\u00e9curit\u00e9 et \u00e0 l&rsquo;heure \u00e0 l&rsquo;a\u00e9roport ! R\u00e9servez facilement en ligne et profitez de notre service fiable. Que vous habitiez \u00e0 <strong>Oostvoorne, Berkel en Rodenrijs, Hellevoetsluis ou Breda<\/strong>, nous sommes pr\u00eats \u00e0 vous emmener confortablement et sans stress \u00e0 Schiphol. Le paiement est simple et sans tracas.<\/p>\n<p style=\"font-weight: bold; font-size: 18px; margin-bottom: 35px;\">Ne manquez plus jamais un vol \u2013 r\u00e9servez maintenant et d\u00e9couvrez la commodit\u00e9 d&rsquo;Easy Taxi Schiphol !<\/p>\n<h2>Calculez facilement votre tarif avec Easy Taxi Schiphol !<\/h2>\n<p>Avec Easy Taxi Schiphol, vous savez exactement \u00e0 quoi vous attendre. Entrez votre <strong>adresse de d\u00e9part, destination<\/strong> (comme l&rsquo;a\u00e9roport de Schiphol), <strong>nombre de passagers<\/strong> et v\u00e9hicule souhait\u00e9, comme un break, et obtenez imm\u00e9diatement votre tarif. Pas de surprises, juste de la clart\u00e9 !<\/p>\n<p>M\u00eame depuis <strong>Vlaardingen, Hoogvliet et Hendrik-Ido-Ambacht<\/strong>, vous pouvez profiter de notre service de taxi fiable vers Schiphol. Taxi ou bus ? D\u00e9couvrez par vous-m\u00eame les avantages d&rsquo;Easy Taxi Schiphol.<\/p>\n<p style=\"font-weight: bold; font-size: 18px; margin-bottom: 35px;\">Votre taxi est pr\u00eat.<\/p>\n<h2>Taxi rapide et sans souci vers n&rsquo;importe quel a\u00e9roport<\/h2>\n<p>Vous cherchez un taxi confortable et fiable pour l&rsquo;a\u00e9roport ? Easy Taxi Schiphol vous emm\u00e8ne non seulement \u00e0 Schiphol, mais aussi \u00e0 tous les a\u00e9roports aux <strong>Pays-Bas, en Belgique et en Allemagne<\/strong> !<\/p>\n<p>D\u00e9part de <strong>Rotterdam, Krimpen aan den IJssel, Bleiswijk, Dordrecht, Papendrecht, Zwijndrecht, Alblasserdam<\/strong> et des environs \u2013 nous veillons \u00e0 ce que vous arriviez \u00e0 l&rsquo;heure.<\/p>\n<ul>\n<li>\u2714 Pas d&rsquo;attente<\/li>\n<li>\u2714 Pas de souci de stationnement<\/li>\n<li>\u2714 Pas de d\u00e9pendance aux autres<\/li>\n<\/ul>\n<p style=\"font-weight: bold; font-size: 18px; margin-bottom: 35px;\">R\u00e9servez maintenant et voyagez sans souci vers votre a\u00e9roport !<\/p>\n<h2>R\u00e9server un taxi pour l&rsquo;a\u00e9roport en ligne ? C&rsquo;est facile !<\/h2>\n<p>R\u00e9servez votre taxi pour l&rsquo;a\u00e9roport rapidement et facilement avec Easy Taxi. Que vous habitiez \u00e0 <strong>Krimpen aan den IJssel, Bergschenhoek, Zoetermeer, Delft, Schiedam, Spijkenisse ou Brielle<\/strong>, nous vous emmenons en toute s\u00e9curit\u00e9 et \u00e0 l&rsquo;heure vers n&rsquo;importe quel a\u00e9roport aux <strong>Pays-Bas, en Belgique et en Allemagne<\/strong>.<\/p>\n<ul>\n<li>\u2714 R\u00e9servation en ligne facile<\/li>\n<li>\u2714 Service fiable et confortable<\/li>\n<li>\u2714 Toujours \u00e0 l&rsquo;heure \u00e0 l&rsquo;a\u00e9roport<\/li>\n<\/ul>\n<p style=\"font-weight: bold; font-size: 18px;\">Le meilleur service a\u00e9roportuaire est pr\u00eat pour vous. R\u00e9servez d\u00e8s maintenant votre taxi pour l&rsquo;a\u00e9roport et voyagez sans stress !<\/p>\n<\/div>\n<\/div>\n<\/div>\n<p><\/p>","protected":false},"excerpt":{"rendered":"<p>Le temps avec Schiphol taxi facile LIVRE D&rsquo;UN TAXI TEMPS RECUEILLIS ARRIV\u00c3\u2030E TEMPS Plus sur SCHIPHOL EASY TAXI Toujours \u00e0 l&rsquo;heure \u00e0 Schiphol avec Easy Taxi ! Vous voulez attraper votre vol sans souci ? Easy Taxi Schiphol vous emm\u00e8ne en toute s\u00e9curit\u00e9 et \u00e0 l&rsquo;heure \u00e0 l&rsquo;a\u00e9roport ! R\u00e9servez facilement en ligne et profitez [&hellip;]<\/p>\n","protected":false},"author":1,"featured_media":0,"parent":0,"menu_order":0,"comment_status":"closed","ping_status":"closed","template":"homepage-page.php","meta":{"footnotes":""},"class_list":["post-84","page","type-page","status-publish","hentry"],"acf":[],"_links":{"self":[{"href":"https:\/\/easytaxischiphol.nl\/new\/fr\/wp-json\/wp\/v2\/pages\/84","targetHints":{"allow":["GET"]}}],"collection":[{"href":"https:\/\/easytaxischiphol.nl\/new\/fr\/wp-json\/wp\/v2\/pages"}],"about":[{"href":"https:\/\/easytaxischiphol.nl\/new\/fr\/wp-json\/wp\/v2\/types\/page"}],"author":[{"embeddable":true,"href":"https:\/\/easytaxischiphol.nl\/new\/fr\/wp-json\/wp\/v2\/users\/1"}],"replies":[{"embeddable":true,"href":"https:\/\/easytaxischiphol.nl\/new\/fr\/wp-json\/wp\/v2\/comments?post=84"}],"version-history":[{"count":72,"href":"https:\/\/easytaxischiphol.nl\/new\/fr\/wp-json\/wp\/v2\/pages\/84\/revisions"}],"predecessor-version":[{"id":1243,"href":"https:\/\/easytaxischiphol.nl\/new\/fr\/wp-json\/wp\/v2\/pages\/84\/revisions\/1243"}],"wp:attachment":[{"href":"https:\/\/easytaxischiphol.nl\/new\/fr\/wp-json\/wp\/v2\/media?parent=84"}],"curies":[{"name":"wp","href":"https:\/\/api.w.org\/{rel}","templated":true}]}}