{"id":36,"date":"2016-12-11T14:57:40","date_gmt":"2016-12-11T13:57:40","guid":{"rendered":"https:\/\/easytaxischiphol.nl\/new\/?page_id=36"},"modified":"2026-04-26T10:45:21","modified_gmt":"2026-04-26T08:45:21","slug":"services","status":"publish","type":"page","link":"https:\/\/easytaxischiphol.nl\/new\/fr\/services\/","title":{"rendered":"Services"},"content":{"rendered":"<p><\/p>\n<div class=\"row\" style=\"margin-bottom: 30px;\">\n<div class=\"col-xs-12 text-center\">\n<div class=\"flex max-w-full flex-col flex-grow\">\n<div class=\"min-h-8 text-message relative flex w-full flex-col items-end gap-2 whitespace-normal break-words text-start [.text-message+&amp;]:mt-5\" dir=\"auto\" data-message-author-role=\"assistant\" data-message-id=\"8aa22003-6693-4bbc-a421-4d8cb51fdf6c\" data-message-model-slug=\"gpt-4o\">\n<div class=\"flex w-full flex-col gap-1 empty:hidden first:pt-[3px]\">\n<div class=\"markdown prose w-full break-words dark:prose-invert light\">\n<p style=\"text-align: left;\" data-start=\"0\" data-end=\"64\"><strong data-start=\"0\" data-end=\"62\">Transport en Taxi Fiable vers Schiphol et Autres A\u00e9roports<\/strong><\/p>\n<p style=\"text-align: left;\" data-start=\"66\" data-end=\"384\">Vous souhaitez commencer votre voyage ou vos vacances en toute s\u00e9r\u00e9nit\u00e9, sans vous soucier du transport vers l\u2019a\u00e9roport ? EasyTaxiSchiphol est l\u00e0 pour vous ! Nous proposons un service de taxi fiable et confortable vers et depuis Schiphol ainsi que tous les autres a\u00e9roports aux Pays-Bas, en Belgique et en Allemagne.<\/p>\n<h3 style=\"text-align: left;\" data-start=\"386\" data-end=\"427\">Pourquoi choisir EasyTaxiSchiphol ?<\/h3>\n<p style=\"text-align: left;\" data-start=\"428\" data-end=\"676\">&#x2714; <strong data-start=\"430\" data-end=\"456\">Service 24h\/24 et 7j\/7<\/strong> \u2013 Disponible jour et nuit<br data-start=\"482\" data-end=\"485\" \/>&#x2714; <strong data-start=\"487\" data-end=\"517\">Tarifs fixes et abordables<\/strong> \u2013 Pas de mauvaises surprises<br data-start=\"546\" data-end=\"549\" \/>&#x2714; <strong data-start=\"551\" data-end=\"580\">Chauffeurs professionnels<\/strong> \u2013 Transport s\u00fbr et confortable<br data-start=\"611\" data-end=\"614\" \/>&#x2714; <strong data-start=\"616\" data-end=\"674\">Aucun frais de stationnement ni souci avec les bagages<\/strong><\/p>\n<p style=\"text-align: left;\" data-start=\"678\" data-end=\"902\">Nous op\u00e9rons depuis toutes les villes de la Hollande-M\u00e9ridionale, y compris Rotterdam, La Haye, Leyde, Delft, Dordrecht, Gouda, Zoetermeer, Spijkenisse, Schiedam, Vlaardingen, Alphen aan den Rijn et Capelle aan den IJssel.<\/p>\n<h3 style=\"text-align: left;\" data-start=\"904\" data-end=\"929\">A\u00e9roports desservis<\/h3>\n<p style=\"text-align: left;\" data-start=\"930\" data-end=\"1002\">En plus de Schiphol, nous vous transportons \u00e9galement vers et depuis :<\/p>\n<p style=\"text-align: left;\"><strong data-start=\"1006\" data-end=\"1018\">Pays-Bas<\/strong> : A\u00e9roport de Rotterdam-La Haye, A\u00e9roport d\u2019Eindhoven, A\u00e9roport de Groningen Eelde<\/p>\n<p style=\"text-align: left;\"><strong data-start=\"1106\" data-end=\"1118\">Belgique<\/strong> : A\u00e9roport de Bruxelles, A\u00e9roport de Charleroi, A\u00e9roport d\u2019Anvers<\/p>\n<p style=\"text-align: left;\"><strong data-start=\"1189\" data-end=\"1202\">Allemagne<\/strong> : A\u00e9roport de D\u00fcsseldorf, A\u00e9roport de Weeze, A\u00e9roport de Francfort<\/p>\n<p style=\"text-align: left;\" data-start=\"1273\" data-end=\"1416\">Votre voyage commence \u00e0 votre porte ! \u00c0 votre arriv\u00e9e \u00e0 l\u2019a\u00e9roport, votre chauffeur sera pr\u00eat \u00e0 vous emmener directement \u00e0 votre destination.<\/p>\n<p style=\"text-align: left;\" data-start=\"1418\" data-end=\"1510\" data-is-last-node=\"\" data-is-only-node=\"\">\n<\/div>\n<\/div>\n<\/div>\n<\/div>\n<div class=\"mb-2 flex gap-3 -ml-2\" tabindex=\"0\">\n<div class=\"items-center justify-start rounded-xl p-1 flex\">\n<div class=\"flex items-center\">\n<p>&nbsp;<\/p>\n<div class=\"flex\"><\/div>\n<p>&nbsp;<\/p>\n<div class=\"flex items-center pb-0\"><span class=\"overflow-hidden text-clip whitespace-nowrap text-sm\">4o<\/span><\/div>\n<\/div>\n<\/div>\n<\/div>\n<\/div>\n<\/div>\n<div class=\"row\">\n<div class=\"col-xs-12 col-lg-6\">\n<p><!--service--><\/p>\n<div class=\"row service\">\n<div class=\"col-xs-5 col-lg-4\">\n<div class=\"icon-service\"><img decoding=\"async\" class=\"photo\" src=\"\/wp-content\/themes\/easytaxi\/images\/phtot.png\" alt=\"photo\" \/><\/div>\n<\/div>\n<div class=\"col-xs-7 col-lg-8\">\n<h3 id=\"tw-target-text\" class=\"tw-data-text tw-ta tw-text-large\" dir=\"ltr\" data-placeholder=\"Vertaling\"><span lang=\"fr\">PAIEMENT<\/span><\/h3>\n<p>Vous devez payer en esp\u00c3\u00a8ces par trajet au conducteur. Les entreprises peuvent \u00c3\u00a9ventuellement conduire \u00c3\u00a0 cause.<\/p>\n<\/div>\n<\/div>\n<p><!--service--> <!--service--><\/p>\n<div class=\"row service\">\n<div class=\"col-xs-5 col-lg-4\">\n<div class=\"icon-service\"><img decoding=\"async\" src=\"\/wp-content\/themes\/easytaxi\/images\/bag-icon.png\" alt=\"bag\" \/><\/div>\n<\/div>\n<div class=\"col-xs-7 col-lg-8\">\n<h3>BAGAGES<\/h3>\n<p>Nous acceptons qu&rsquo;une valise et un bagage \u00c3\u00a0 main par passager dure, devrait-il \u00c3\u00aatre plus que cela doit \u00c3\u00aatre inform\u00c3\u00a9 \u00c3\u00a0 l&rsquo;avance. Peut apporter des bagages suppl\u00c3\u00a9mentaires dans des conditions normales, puis sont connect\u00c3\u00a9s sans frais suppl\u00c3\u00a9mentaires. Cependant, cela ne signifie pas qu&rsquo;il plus de poids est \u00c3\u00a9galement accept\u00c3\u00a9e par votre compagnie a\u00c3\u00a9rienne.<\/p>\n<\/div>\n<\/div>\n<p><!--service--><\/p>\n<\/div>\n<div class=\"col-xs-12 col-lg-6\">\n<p><!--service--><\/p>\n<div class=\"row service\">\n<div class=\"col-xs-5 col-lg-4\">\n<div class=\"icon-service\"><img decoding=\"async\" src=\"\/wp-content\/themes\/easytaxi\/images\/hand.png\" alt=\"hand\" \/><\/div>\n<\/div>\n<div class=\"col-xs-7 col-lg-8\">\n<h3 id=\"tw-target-text\" class=\"tw-data-text tw-ta tw-text-medium\" dir=\"ltr\" data-placeholder=\"Vertaling\"><span lang=\"fr\">PROTECTION DES RENSEIGNEMENTS PERSONNELS<\/span><\/h3>\n<p>un taxi facile Schiphol Adh\u00c3\u00a8re li\u00c3\u00a9 par les lois qui sont cens\u00c3\u00a9es prot\u00c3\u00a9ger vos renseignements personnels. Jamais un taxi facile Schiphol divulguer vos renseignements personnels \u00c3\u00a0 des tiers et donc d&rsquo;assurer une protection ad\u00c3\u00a9quate.<\/p>\n<\/div>\n<\/div>\n<p><!--service--> <!--service--><\/p>\n<div class=\"row service\">\n<div class=\"col-xs-5 col-lg-4\">\n<div class=\"icon-service\"><img decoding=\"async\" class=\"clock\" src=\"\/wp-content\/themes\/easytaxi\/images\/clock-icon.png\" alt=\"clock\" \/><\/div>\n<\/div>\n<div class=\"col-xs-7 col-lg-8\">\n<h3>RETARD<\/h3>\n<p>Nous ferons toujours tout notre possible pour \u00c3\u00a9viter des retards en cours de route. Schiphol taxi facile cependant, ne peut pas \u00c3\u00aatre tenu responsable des retards qui r\u00c3\u00a9sultent en l&rsquo;absence de votre avion. A cet \u00c3\u00aatre gouvern\u00c3\u00a9 en plus par les Conditions G\u00c3\u00a9n\u00c3\u00a9rales Taxivervoer.<\/p>\n<\/div>\n<\/div>\n<p><!--service--><\/p>\n<\/div>\n<\/div>\n<div class=\"col-xs-12 text-center border-blue\">\n<h4>Retour \u00c3\u00a0 Schiphol<\/h4>\n<p>Vous serez attendu au point de rencontre (cliquez ici pour voir la carte) dans le hall d&rsquo;arriv\u00c3\u00a9e de l&rsquo;a\u00c3\u00a9roport de Schiphol. En cas de retard, vous pouvez compter sur nous pour suivre attentivement la situation. Apr\u00c3\u00a8s votre arriv\u00c3\u00a9e, vous devez activer votre t\u00c3\u00a9l\u00c3\u00a9phone \u00c3\u00a0 l&rsquo;a\u00c3\u00a9roport, de sorte que le conducteur peut atteindre.<\/p>\n<\/div>\n<p><\/p>","protected":false},"excerpt":{"rendered":"<p>Transport en Taxi Fiable vers Schiphol et Autres A\u00e9roports Vous souhaitez commencer votre voyage ou vos vacances en toute s\u00e9r\u00e9nit\u00e9, sans vous soucier du transport vers l\u2019a\u00e9roport ? EasyTaxiSchiphol est l\u00e0 pour vous ! Nous proposons un service de taxi fiable et confortable vers et depuis Schiphol ainsi que tous les autres a\u00e9roports aux Pays-Bas, [&hellip;]<\/p>\n","protected":false},"author":1,"featured_media":0,"parent":0,"menu_order":0,"comment_status":"closed","ping_status":"closed","template":"page-service.php","meta":{"footnotes":""},"class_list":["post-36","page","type-page","status-publish","hentry"],"acf":[],"_links":{"self":[{"href":"https:\/\/easytaxischiphol.nl\/new\/fr\/wp-json\/wp\/v2\/pages\/36","targetHints":{"allow":["GET"]}}],"collection":[{"href":"https:\/\/easytaxischiphol.nl\/new\/fr\/wp-json\/wp\/v2\/pages"}],"about":[{"href":"https:\/\/easytaxischiphol.nl\/new\/fr\/wp-json\/wp\/v2\/types\/page"}],"author":[{"embeddable":true,"href":"https:\/\/easytaxischiphol.nl\/new\/fr\/wp-json\/wp\/v2\/users\/1"}],"replies":[{"embeddable":true,"href":"https:\/\/easytaxischiphol.nl\/new\/fr\/wp-json\/wp\/v2\/comments?post=36"}],"version-history":[{"count":27,"href":"https:\/\/easytaxischiphol.nl\/new\/fr\/wp-json\/wp\/v2\/pages\/36\/revisions"}],"predecessor-version":[{"id":1333,"href":"https:\/\/easytaxischiphol.nl\/new\/fr\/wp-json\/wp\/v2\/pages\/36\/revisions\/1333"}],"wp:attachment":[{"href":"https:\/\/easytaxischiphol.nl\/new\/fr\/wp-json\/wp\/v2\/media?parent=36"}],"curies":[{"name":"wp","href":"https:\/\/api.w.org\/{rel}","templated":true}]}}