{"id":36,"date":"2016-12-11T14:57:40","date_gmt":"2016-12-11T13:57:40","guid":{"rendered":"https:\/\/easytaxischiphol.nl\/new\/?page_id=36"},"modified":"2026-04-26T10:45:21","modified_gmt":"2026-04-26T08:45:21","slug":"services","status":"publish","type":"page","link":"https:\/\/easytaxischiphol.nl\/new\/es\/services\/","title":{"rendered":"Services"},"content":{"rendered":"<p><\/p>\n<div class=\"row\" style=\"margin-bottom: 30px;\">\n<div class=\"col-xs-12 text-center\">\n<div class=\"flex max-w-full flex-col flex-grow\">\n<div class=\"min-h-8 text-message relative flex w-full flex-col items-end gap-2 whitespace-normal break-words text-start [.text-message+&amp;]:mt-5\" dir=\"auto\" data-message-author-role=\"assistant\" data-message-id=\"f8af6635-169a-4830-99f3-448db552673c\" data-message-model-slug=\"gpt-4o\">\n<div class=\"flex w-full flex-col gap-1 empty:hidden first:pt-[3px]\">\n<div class=\"markdown prose w-full break-words dark:prose-invert light\">\n<p style=\"text-align: left;\" data-start=\"0\" data-end=\"65\"><strong data-start=\"0\" data-end=\"63\">Transporte en Taxi Confiable a Schiphol y Otros Aeropuertos<\/strong><\/p>\n<p style=\"text-align: left;\" data-start=\"67\" data-end=\"355\">\u00bfQuiere comenzar su viaje o vacaciones sin preocupaciones por el transporte al aeropuerto? \u00a1EasyTaxiSchiphol est\u00e1 aqu\u00ed para ayudarle! Ofrecemos un servicio de taxi confiable y c\u00f3modo hacia y desde Schiphol, as\u00ed como a todos los dem\u00e1s aeropuertos en los Pa\u00edses Bajos, B\u00e9lgica y Alemania.<\/p>\n<h3 style=\"text-align: left;\" data-start=\"357\" data-end=\"396\">\u00bfPor qu\u00e9 elegir EasyTaxiSchiphol?<\/h3>\n<p style=\"text-align: left;\" data-start=\"397\" data-end=\"624\">&#x2714; <strong data-start=\"399\" data-end=\"416\">Servicio 24\/7<\/strong> \u2013 Disponible d\u00eda y noche<br data-start=\"441\" data-end=\"444\" \/>&#x2714; <strong data-start=\"446\" data-end=\"476\">Tarifas fijas y asequibles<\/strong> \u2013 Sin sorpresas<br data-start=\"492\" data-end=\"495\" \/>&#x2714; <strong data-start=\"497\" data-end=\"526\">Conductores profesionales<\/strong> \u2013 Transporte seguro y c\u00f3modo<br data-start=\"555\" data-end=\"558\" \/>&#x2714; <strong data-start=\"560\" data-end=\"622\">Sin costos de estacionamiento ni molestias con el equipaje<\/strong><\/p>\n<p style=\"text-align: left;\" data-start=\"626\" data-end=\"840\">Operamos desde todas las ciudades de Holanda Meridional, incluidas R\u00f3terdam, La Haya, Leiden, Delft, Dordrecht, Gouda, Zoetermeer, Spijkenisse, Schiedam, Vlaardingen, Alphen aan den Rijn y Capelle aan den IJssel.<\/p>\n<h3 style=\"text-align: left;\" data-start=\"842\" data-end=\"873\">Aeropuertos que atendemos<\/h3>\n<p style=\"text-align: left;\" data-start=\"874\" data-end=\"939\">Adem\u00e1s de Schiphol, tambi\u00e9n ofrecemos transporte hacia y desde:<\/p>\n<ul style=\"text-align: left;\" data-start=\"941\" data-end=\"1226\">\n<li data-start=\"941\" data-end=\"1049\"><strong data-start=\"943\" data-end=\"959\">Pa\u00edses Bajos<\/strong>: Aeropuerto de R\u00f3terdam-La Haya, Aeropuerto de Eindhoven, Aeropuerto de Groningen Eelde<\/li>\n<li data-start=\"1050\" data-end=\"1137\"><strong data-start=\"1052\" data-end=\"1063\">B\u00e9lgica<\/strong>: Aeropuerto de Bruselas, Aeropuerto de Charleroi, Aeropuerto de Amberes<\/li>\n<li data-start=\"1138\" data-end=\"1226\"><strong data-start=\"1140\" data-end=\"1152\">Alemania<\/strong>: Aeropuerto de D\u00fcsseldorf, Aeropuerto de Weeze, Aeropuerto de Frankfurt<\/li>\n<\/ul>\n<p style=\"text-align: left;\" data-start=\"1228\" data-end=\"1368\">\u00a1Su viaje comienza en la puerta de su casa! A su llegada al aeropuerto, su conductor estar\u00e1 listo para llevarlo directamente a su destino.<\/p>\n<\/div>\n<\/div>\n<\/div>\n<\/div>\n<\/div>\n<\/div>\n<div class=\"row\">\n<div class=\"col-xs-12 col-lg-6\">\n<div class=\"row service\">\n<div class=\"col-xs-5 col-lg-4\">\n<div class=\"icon-service\"><img decoding=\"async\" class=\"photo\" src=\"\/wp-content\/themes\/easytaxi\/images\/phtot.png\" alt=\"photo\" \/><\/div>\n<\/div>\n<div class=\"col-xs-7 col-lg-8\">\n<h3 id=\"tw-target-text\" class=\"tw-data-text tw-ta tw-text-large\" dir=\"ltr\" data-placeholder=\"Vertaling\"><span lang=\"es\">PAGO<\/span><\/h3>\n<p>Usted debe pagar en efectivo por viaje para el conductor. Empresas, posiblemente, puede conducir a cuenta.<\/p>\n<\/div>\n<\/div>\n<p><!--service--> <!--service--><\/p>\n<div class=\"row service\">\n<div class=\"col-xs-5 col-lg-4\">\n<div class=\"icon-service\"><img decoding=\"async\" src=\"\/wp-content\/themes\/easytaxi\/images\/bag-icon.png\" alt=\"bag\" \/><\/div>\n<\/div>\n<div class=\"col-xs-7 col-lg-8\">\n<h3 id=\"tw-target-text\" class=\"tw-data-text tw-ta tw-text-large\" dir=\"ltr\" data-placeholder=\"Vertaling\"><span lang=\"es\">EQUIPAJE<\/span><\/h3>\n<p>Aceptamos que una maleta y un equipaje de mano por pasajero dura, debe ser algo m\u00c3\u00a1s que esto debe ser notificado con antelaci\u00c3\u00b3n. Puede traer equipaje adicional en condiciones normales, entonces no est\u00c3\u00a1n conectados sin ning\u00c3\u00ban coste adicional. Sin embargo, esto no quiere decir que m\u00c3\u00a1s de peso tambi\u00c3\u00a9n es aceptada por su l\u00c3\u00adnea a\u00c3\u00a9rea.<\/p>\n<\/div>\n<\/div>\n<p><!--service--><\/p>\n<\/div>\n<div class=\"col-xs-12 col-lg-6\">\n<p><!--service--><\/p>\n<div class=\"row service\">\n<div class=\"col-xs-5 col-lg-4\">\n<div class=\"icon-service\"><img decoding=\"async\" src=\"\/wp-content\/themes\/easytaxi\/images\/hand.png\" alt=\"hand\" \/><\/div>\n<\/div>\n<div class=\"col-xs-7 col-lg-8\">\n<h3 id=\"tw-target-text\" class=\"tw-data-text tw-ta tw-text-medium\" dir=\"ltr\" data-placeholder=\"Vertaling\"><span lang=\"es\">PRIVACIDAD<\/span><\/h3>\n<p id=\"tw-target-text\" class=\"tw-data-text tw-ta tw-text-small\" dir=\"ltr\" data-placeholder=\"Vertaling\"><span lang=\"es\">f\u00c3\u00a1cil de taxi Schiphol adhiere obligado por las leyes que est\u00c3\u00a1n destinados a proteger su informaci\u00c3\u00b3n personal. Nunca es f\u00c3\u00a1cil de taxi Schiphol divulgar\u00c3\u00a1 su informaci\u00c3\u00b3n personal a terceros y por lo tanto garantizar una protecci\u00c3\u00b3n adecuada.<\/span><\/p>\n<\/div>\n<\/div>\n<p><!--service--> <!--service--><\/p>\n<div class=\"row service\">\n<div class=\"icon-service\"><img decoding=\"async\" class=\"clock\" src=\"\/wp-content\/themes\/easytaxi\/images\/clock-icon.png\" alt=\"clock\" \/><\/div>\n<h3>RETRASO<\/h3>\n<p>Siempre vamos a hacer todo lo posible para evitar retrasos en la ruta. sin embargo f\u00c3\u00a1cil de Schiphol en taxi, no se hace responsable de los retrasos que se traducen en falta de su avi\u00c3\u00b3n. A esta, adem\u00c3\u00a1s, se regir\u00c3\u00a1 por las condiciones generales de Taxivervoer.<\/p>\n<\/div>\n<p><!--service--><\/p>\n<\/div>\n<\/div>\n<div class=\"col-xs-12 text-center border-blue\">\n<h4 id=\"tw-target-text\" class=\"tw-data-text tw-ta tw-text-medium\" dir=\"ltr\" data-placeholder=\"Vertaling\"><span lang=\"es\">Volver a Schiphol<\/span><\/h4>\n<p id=\"tw-target-text\" class=\"tw-data-text tw-ta tw-text-small\" dir=\"ltr\" data-placeholder=\"Vertaling\"><span lang=\"es\">Se esperar\u00c3\u00a1 en el Punto de Encuentro (Haga clic aqu\u00c3\u00ad para ver el mapa) en la sala de llegadas del aeropuerto de Schiphol. En caso de retraso, se puede contar con nosotros para muy pendiente de ello. Despu\u00c3\u00a9s de la llegada, debe encender el tel\u00c3\u00a9fono en el aeropuerto, por lo que el conductor puede lograr.<\/span><\/p>\n<\/div>\n<p><\/p>","protected":false},"excerpt":{"rendered":"<p>Transporte en Taxi Confiable a Schiphol y Otros Aeropuertos \u00bfQuiere comenzar su viaje o vacaciones sin preocupaciones por el transporte al aeropuerto? \u00a1EasyTaxiSchiphol est\u00e1 aqu\u00ed para ayudarle! Ofrecemos un servicio de taxi confiable y c\u00f3modo hacia y desde Schiphol, as\u00ed como a todos los dem\u00e1s aeropuertos en los Pa\u00edses Bajos, B\u00e9lgica y Alemania. \u00bfPor qu\u00e9 [&hellip;]<\/p>\n","protected":false},"author":1,"featured_media":0,"parent":0,"menu_order":0,"comment_status":"closed","ping_status":"closed","template":"page-service.php","meta":{"footnotes":""},"class_list":["post-36","page","type-page","status-publish","hentry"],"acf":[],"_links":{"self":[{"href":"https:\/\/easytaxischiphol.nl\/new\/es\/wp-json\/wp\/v2\/pages\/36","targetHints":{"allow":["GET"]}}],"collection":[{"href":"https:\/\/easytaxischiphol.nl\/new\/es\/wp-json\/wp\/v2\/pages"}],"about":[{"href":"https:\/\/easytaxischiphol.nl\/new\/es\/wp-json\/wp\/v2\/types\/page"}],"author":[{"embeddable":true,"href":"https:\/\/easytaxischiphol.nl\/new\/es\/wp-json\/wp\/v2\/users\/1"}],"replies":[{"embeddable":true,"href":"https:\/\/easytaxischiphol.nl\/new\/es\/wp-json\/wp\/v2\/comments?post=36"}],"version-history":[{"count":27,"href":"https:\/\/easytaxischiphol.nl\/new\/es\/wp-json\/wp\/v2\/pages\/36\/revisions"}],"predecessor-version":[{"id":1333,"href":"https:\/\/easytaxischiphol.nl\/new\/es\/wp-json\/wp\/v2\/pages\/36\/revisions\/1333"}],"wp:attachment":[{"href":"https:\/\/easytaxischiphol.nl\/new\/es\/wp-json\/wp\/v2\/media?parent=36"}],"curies":[{"name":"wp","href":"https:\/\/api.w.org\/{rel}","templated":true}]}}