{"id":84,"date":"2017-02-03T19:03:48","date_gmt":"2017-02-03T18:03:48","guid":{"rendered":"https:\/\/easytaxischiphol.nl\/?page_id=84"},"modified":"2025-07-18T12:57:46","modified_gmt":"2025-07-18T10:57:46","slug":"home","status":"publish","type":"page","link":"https:\/\/easytaxischiphol.nl\/es\/","title":{"rendered":"Home"},"content":{"rendered":"<p><\/p>\n<div class=\"row\">\n<div class=\"col-md-12 text-center\">\n<div class=\"row\">\n<div class=\"col-md-12 text-center\">\n<h2 id=\"tw-target-text\" class=\"tw-data-text tw-ta tw-text-medium\" dir=\"ltr\" data-placeholder=\"Vertaling\"><span lang=\"es\">En vez con f\u00c3\u00a1cil Schiphol de taxi<\/span><\/h2>\n<\/div>\n<\/div>\n<div id=\"services\" class=\"row\">\n<div class=\"col-sm-12\">\n<div class=\"col-md-4 text-center\">\n<div class=\"icon-blue\"><img decoding=\"async\" class=\"desktop\" src=\"https:\/\/easytaxischiphol.nl\/wp-content\/uploads\/2025\/03\/1.png\" alt=\"\" \/><\/div>\n<h3>Reservar un taxi<\/h3>\n<\/div>\n<div class=\"col-md-4 text-center\">\n<div class=\"icon-blue\"><img decoding=\"async\" class=\"desktop\" src=\"https:\/\/easytaxischiphol.nl\/wp-content\/uploads\/2025\/03\/2.png\" alt=\"\" \/><\/div>\n<h2 id=\"tw-target-text\" class=\"tw-data-text tw-ta tw-text-medium\" dir=\"ltr\" data-placeholder=\"Vertaling\"><span lang=\"es\">Hora de recogida<\/span><\/h2>\n<\/div>\n<div class=\"col-md-4 text-center\">\n<div class=\"icon-blue\"><img decoding=\"async\" class=\"desktop\" src=\"https:\/\/easytaxischiphol.nl\/wp-content\/uploads\/2025\/03\/3.png\" alt=\"\" \/><\/div>\n<h3>El tiempo llegado<\/h3>\n<\/div>\n<p><!--div class=\"col-md-3 text-center\">\n\n\n<div class=\"icon-blue\"><img decoding=\"async\" class=\"desktop\" src=\"\/wp-content\/themes\/easytaxi\/images\/cahs.png\" alt=\"\" \/><\/div>\n\n\n\n\n<h3>PAGAR M\u00c3\u0081S F\u00c3\u0081CIL sobre Schiphol TAXI<\/h3>\n\n\n<\/div-->\n<\/div>\n<\/div>\n<p><!--div>\n\n\n<h2 id=\"tw-target-text\" class=\"tw-data-text tw-ta tw-text-medium\" dir=\"ltr\" data-placeholder=\"Vertaling\"><span lang=\"es\">Tiempo con Easy Taxi Schiphol<\/span><\/h2>\n\n\nPor SUPUESTO Que DESEA Obtener Como su avi\u00c3\u00b3n A Tiempo! Gracias a F\u00c3\u00a1cil Taxi Schiphol es tambien, sin duda un \u00c3\u2030xito Tener! Puede del Contar con Nosotros Muchos Beneficios. Para Que Pueda Reservar directly ONU taxi (o Llamar), Que PUEDE Contar Con Que Pueda Ser recogido un Tiempo y, por del tanto, Llegar a Tiempo y con Nosotros Se Puede Pagar facilmente. Tanto si Viene from Oostvoorne, Berkel y Rodenrijs la Hellevoetsluis, el servicio del taxi this listo Para Que Pueda Usted Tomar un Tiempo al aeropuerto. Ya no se Perdera El vuelo, Cuando Se ESTA Haciendo USO de Nuestro servicio y descubrir\u00c3\u00a1 coche:\n\n\n<h2>el c\u00c3\u00a1lculo de la tarifa<\/h2>\n\n\nEn l\u00c3\u00adnea en Easy Taxi Schiphol calcular f\u00c3\u00a1cilmente su tarifa? Claro que puedes! Se contin\u00c3\u00baa desde donde se est\u00c3\u00a1 saliendo, direcci\u00c3\u00b3n, ciudad, calle y n\u00c3\u00bamero de casa. A continuaci\u00c3\u00b3n, seleccione la que desea ir, por ejemplo, el aeropuerto de Schiphol de Amsterdam. A continuaci\u00c3\u00b3n se indica la cantidad de personas que es y entonces usted puede seleccionar el coche, como por ejemplo un carro de la estaci\u00c3\u00b3n. Posteriormente, la tarifa se puede calcular directamente. As\u00c3\u00ad se puede saber inmediatamente cu\u00c3\u00a1l es su postura con Easy Taxi Schiphol, no se preocupe m\u00c3\u00a1s se llega a sorpresas desagradables! Se puede ver en Vlaardingen, Hoogvliet y Hendrik-Ido-Ambacht tambi\u00c3\u00a9n utilizan el servicio de taxi del aeropuerto de Schiphol y cosechar todos los beneficios. En taxi o m\u00c3\u00a1s bien con el bus? Encontraste lo que sus beneficios si se eligen F\u00c3\u00a1cil Taxi Schiphol. El taxi del aeropuerto de Amsterdam est\u00c3\u00a1 ahora listo para cuando su vuelo se va?\n\n\n<h2>En taxi a Schiphol<\/h2>\n\n\ntaxis f\u00c3\u00a1cil andar hacia y desde el aeropuerto de Schiphol, de f\u00c3\u00a1cil no se puede? Un taxi de los libros de Schiphol Rotterdam, Krimpen aan den IJssel o Bleiswijk, se puede en nosotros. Tambi\u00c3\u00a9n desde Dordrecht, Papendrecht, Dordrecht y Alblasserdam se puede reservar un taxi Schiphol. taxi del aeropuerto de Schiphol est\u00c3\u00a1 all\u00c3\u00ad para conseguir que en el tiempo al aeropuerto. No se preocupe que usted tiene que esperar mucho tiempo, f\u00c3\u00a1cil Taxi Schiphol es hora de que usted y sus compa\u00c3\u00b1eros de viaje. Usted no tiene que esperar a que otros y acosar a los dem\u00c3\u00a1s o que quieren llevar lejos. Nuestro servicio est\u00c3\u00a1 listo para usted y nosotros sabemos exactamente donde est\u00c3\u00a1s.\n\n\n<h2 id=\"tw-target-text\" class=\"tw-data-text tw-ta tw-text-medium\" dir=\"ltr\" data-placeholder=\"Vertaling\"><span lang=\"es\">reservas de Schiphol Taxi<\/span><\/h2>\n\n\nSchiphol una l\u00c3\u00adnea de taxi puede ahora f\u00c3\u00a1cilmente con Easy Taxi Schiphol. O que vive en Krimpen aan den IJssel, en Bergschenhoek o Schiedam, estamos all\u00c3\u00ad para usted y le llevara al aeropuerto. Transporte aeropuerto no es tan f\u00c3\u00a1cil como estaba previsto en Easy Taxi Schiphol. Por lo tanto, utilizar r\u00c3\u00a1pidamente nuestro taxi Schiphol para viajar al aeropuerto o desde Spijkenisse Brielle. Schiphol taxi del aeropuerto est\u00c3\u00a1 esperando. Usarlo, es el mejor servicio de aeropuerto puede elegir!\n<\/div-->\n<div class=\"text-left home-bottom\">\n<h2>\u00a1Siempre a tiempo en Schiphol con Easy Taxi!<\/h2>\n<p>\u00bfQuieres llegar a tu vuelo sin preocupaciones? <strong>Easy Taxi Schiphol<\/strong> te lleva al aeropuerto de forma segura y puntual. Reserva f\u00e1cilmente en l\u00ednea y disfruta de nuestro servicio confiable. Ya sea que vivas en <strong>Oostvoorne, Berkel en Rodenrijs, Hellevoetsluis o Breda<\/strong>, estamos listos para llevarte c\u00f3modamente y sin estr\u00e9s a Schiphol. Paga de manera sencilla y sin complicaciones.<\/p>\n<p style=\"font-weight: bold; font-size: 18px; margin-bottom: 35px;\">\u00a1Nunca m\u00e1s pierdas un vuelo &#8211; reserva ahora y experimenta la comodidad de Easy Taxi Schiphol!<\/p>\n<h2>\u00a1Calcula f\u00e1cilmente el precio de tu viaje con Easy Taxi Schiphol!<\/h2>\n<p>Con Easy Taxi Schiphol, sabr\u00e1s de inmediato cu\u00e1nto costar\u00e1 tu viaje. Ingresa tu <strong>direcci\u00f3n de origen, destino<\/strong> (por ejemplo, el Aeropuerto de Schiphol), <strong>n\u00famero de pasajeros<\/strong> y el veh\u00edculo deseado, como una camioneta, y obt\u00e9n el precio de tu viaje al instante. \u00a1Sin sorpresas, solo claridad!<\/p>\n<p>Incluso desde <strong>Vlaardingen, Hoogvliet y Hendrik-Ido-Ambacht<\/strong>, puedes aprovechar nuestro servicio de taxi confiable hacia Schiphol. \u00bfTaxi o autob\u00fas? Descubre por ti mismo las ventajas de Easy Taxi Schiphol.<\/p>\n<p style=\"font-weight: bold; font-size: 18px; margin-bottom: 35px;\">\u00a1Tu taxi est\u00e1 listo!<\/p>\n<h2>Viaja r\u00e1pido y sin preocupaciones a cualquier aeropuerto<\/h2>\n<p>\u00bfBuscas un taxi c\u00f3modo y confiable para ir al aeropuerto? Easy Taxi Schiphol no solo te lleva a Schiphol, sino tambi\u00e9n a todos los aeropuertos de <strong>Pa\u00edses Bajos, B\u00e9lgica y Alemania<\/strong>.<\/p>\n<p>Sal desde <strong>R\u00f3terdam, Krimpen aan den IJssel, Bleiswijk, Dordrecht, Papendrecht, Zwijndrecht, Alblasserdam<\/strong> y sus alrededores &#8211; nos aseguramos de que llegues puntual.<\/p>\n<ul>\n<li>\u2714 Sin tiempos de espera<\/li>\n<li>\u2714 Sin problemas de aparcamiento<\/li>\n<li>\u2714 Sin dependencia de otros<\/li>\n<\/ul>\n<p style=\"font-weight: bold; font-size: 18px; margin-bottom: 35px;\">\u00a1Reserva ahora y viaja sin preocupaciones a tu aeropuerto!<\/p>\n<h2>\u00a1Reservar un taxi al aeropuerto en l\u00ednea es muy f\u00e1cil!<\/h2>\n<p>Reserva tu taxi al aeropuerto de manera r\u00e1pida y sencilla con Easy Taxi. Ya sea que vivas en <strong>Krimpen aan den IJssel, Bergschenhoek, Zoetermeer, Delft, Schiedam, Spijkenisse o Brielle<\/strong>, te llevamos de manera segura y puntual a cualquier aeropuerto en <strong>Pa\u00edses Bajos, B\u00e9lgica y Alemania<\/strong>.<\/p>\n<ul>\n<li>\u2714 Reserva f\u00e1cilmente en l\u00ednea<\/li>\n<li>\u2714 Servicio confiable y c\u00f3modo<\/li>\n<li>\u2714 Siempre puntual en el aeropuerto<\/li>\n<\/ul>\n<p style=\"font-weight: bold; font-size: 18px;\">\u00a1El mejor servicio de aeropuerto est\u00e1 listo para ti! Reserva ahora tu taxi al aeropuerto y viaja sin estr\u00e9s.<\/p>\n<\/div>\n<\/div>\n<\/div>\n<p><\/p>","protected":false},"excerpt":{"rendered":"<p>En vez con f\u00c3\u00a1cil Schiphol de taxi Reservar un taxi Hora de recogida El tiempo llegado \u00a1Siempre a tiempo en Schiphol con Easy Taxi! \u00bfQuieres llegar a tu vuelo sin preocupaciones? Easy Taxi Schiphol te lleva al aeropuerto de forma segura y puntual. Reserva f\u00e1cilmente en l\u00ednea y disfruta de nuestro servicio confiable. Ya sea [&hellip;]<\/p>\n","protected":false},"author":1,"featured_media":0,"parent":0,"menu_order":0,"comment_status":"closed","ping_status":"closed","template":"homepage-page.php","meta":{"footnotes":""},"class_list":["post-84","page","type-page","status-publish","hentry"],"acf":[],"yoast_head":"<!-- This site is optimized with the Yoast SEO plugin v27.4 - https:\/\/yoast.com\/product\/yoast-seo-wordpress\/ -->\n<title>Easytaxi is de Schipholtaxi met vast tarief van \u00e2\u201a\u00ac77,50<\/title>\n<meta name=\"description\" content=\"Schipholtaxi voor slechts 77,50 nergens goedkoper. Boek eenvoudig online bij EasyTaxiSchiphol.nl. 24\/7 service, altijd op tijd, gratis annuleren en betrouwbare\u00a0chauffeurs.\" \/>\n<meta name=\"robots\" content=\"index, follow, max-snippet:-1, max-image-preview:large, max-video-preview:-1\" \/>\n<link rel=\"canonical\" href=\"https:\/\/easytaxischiphol.nl\/\" \/>\n<meta property=\"og:locale\" content=\"es_ES\" \/>\n<meta property=\"og:type\" content=\"article\" \/>\n<meta property=\"og:title\" content=\"Easytaxi is de Schipholtaxi met vast tarief van \u00e2\u201a\u00ac77,50\" \/>\n<meta property=\"og:description\" content=\"Schipholtaxi voor slechts 77,50 nergens goedkoper. Boek eenvoudig online bij EasyTaxiSchiphol.nl. 24\/7 service, altijd op tijd, gratis annuleren en betrouwbare\u00a0chauffeurs.\" \/>\n<meta property=\"og:url\" content=\"https:\/\/easytaxischiphol.nl\/\" \/>\n<meta property=\"og:site_name\" content=\"Easy Taxi\" \/>\n<meta property=\"article:modified_time\" content=\"2025-07-18T10:57:46+00:00\" \/>\n<meta property=\"og:image\" content=\"https:\/\/easytaxischiphol.nl\/wp-content\/uploads\/2025\/03\/1.png\" \/>\n<meta name=\"twitter:card\" content=\"summary_large_image\" \/>\n<meta name=\"twitter:label1\" content=\"Tiempo de lectura\" \/>\n\t<meta name=\"twitter:data1\" content=\"27 minutos\" \/>\n<script type=\"application\/ld+json\" class=\"yoast-schema-graph\">{\"@context\":\"https:\\\/\\\/schema.org\",\"@graph\":[{\"@type\":\"WebPage\",\"@id\":\"https:\\\/\\\/easytaxischiphol.nl\\\/\",\"url\":\"https:\\\/\\\/easytaxischiphol.nl\\\/\",\"name\":\"Easytaxi is de Schipholtaxi met vast tarief van \u00e2\u201a\u00ac77,50\",\"isPartOf\":{\"@id\":\"https:\\\/\\\/easytaxischiphol.nl\\\/#website\"},\"primaryImageOfPage\":{\"@id\":\"https:\\\/\\\/easytaxischiphol.nl\\\/#primaryimage\"},\"image\":{\"@id\":\"https:\\\/\\\/easytaxischiphol.nl\\\/#primaryimage\"},\"thumbnailUrl\":\"https:\\\/\\\/easytaxischiphol.nl\\\/wp-content\\\/uploads\\\/2025\\\/03\\\/1.png\",\"datePublished\":\"2017-02-03T18:03:48+00:00\",\"dateModified\":\"2025-07-18T10:57:46+00:00\",\"description\":\"Schipholtaxi voor slechts 77,50 nergens goedkoper. Boek eenvoudig online bij EasyTaxiSchiphol.nl. 24\\\/7 service, altijd op tijd, gratis annuleren en betrouwbare\u00a0chauffeurs.\",\"inLanguage\":\"es\",\"potentialAction\":[{\"@type\":\"ReadAction\",\"target\":[\"https:\\\/\\\/easytaxischiphol.nl\\\/\"]}]},{\"@type\":\"ImageObject\",\"inLanguage\":\"es\",\"@id\":\"https:\\\/\\\/easytaxischiphol.nl\\\/#primaryimage\",\"url\":\"https:\\\/\\\/easytaxischiphol.nl\\\/wp-content\\\/uploads\\\/2025\\\/03\\\/1.png\",\"contentUrl\":\"https:\\\/\\\/easytaxischiphol.nl\\\/wp-content\\\/uploads\\\/2025\\\/03\\\/1.png\"},{\"@type\":\"WebSite\",\"@id\":\"https:\\\/\\\/easytaxischiphol.nl\\\/#website\",\"url\":\"https:\\\/\\\/easytaxischiphol.nl\\\/\",\"name\":\"Easy Taxi\",\"description\":\"En nog een WordPress site\",\"potentialAction\":[{\"@type\":\"SearchAction\",\"target\":{\"@type\":\"EntryPoint\",\"urlTemplate\":\"https:\\\/\\\/easytaxischiphol.nl\\\/?s={search_term_string}\"},\"query-input\":{\"@type\":\"PropertyValueSpecification\",\"valueRequired\":true,\"valueName\":\"search_term_string\"}}],\"inLanguage\":\"es\"}]}<\/script>\n<!-- \/ Yoast SEO plugin. -->","yoast_head_json":{"title":"Easytaxi is de Schipholtaxi met vast tarief van \u00e2\u201a\u00ac77,50","description":"Schipholtaxi voor slechts 77,50 nergens goedkoper. Boek eenvoudig online bij EasyTaxiSchiphol.nl. 24\/7 service, altijd op tijd, gratis annuleren en betrouwbare\u00a0chauffeurs.","robots":{"index":"index","follow":"follow","max-snippet":"max-snippet:-1","max-image-preview":"max-image-preview:large","max-video-preview":"max-video-preview:-1"},"canonical":"https:\/\/easytaxischiphol.nl\/","og_locale":"es_ES","og_type":"article","og_title":"Easytaxi is de Schipholtaxi met vast tarief van \u00e2\u201a\u00ac77,50","og_description":"Schipholtaxi voor slechts 77,50 nergens goedkoper. Boek eenvoudig online bij EasyTaxiSchiphol.nl. 24\/7 service, altijd op tijd, gratis annuleren en betrouwbare\u00a0chauffeurs.","og_url":"https:\/\/easytaxischiphol.nl\/","og_site_name":"Easy Taxi","article_modified_time":"2025-07-18T10:57:46+00:00","og_image":[{"url":"https:\/\/easytaxischiphol.nl\/wp-content\/uploads\/2025\/03\/1.png","type":"","width":"","height":""}],"twitter_card":"summary_large_image","twitter_misc":{"Tiempo de lectura":"27 minutos"},"schema":{"@context":"https:\/\/schema.org","@graph":[{"@type":"WebPage","@id":"https:\/\/easytaxischiphol.nl\/","url":"https:\/\/easytaxischiphol.nl\/","name":"Easytaxi is de Schipholtaxi met vast tarief van \u00e2\u201a\u00ac77,50","isPartOf":{"@id":"https:\/\/easytaxischiphol.nl\/#website"},"primaryImageOfPage":{"@id":"https:\/\/easytaxischiphol.nl\/#primaryimage"},"image":{"@id":"https:\/\/easytaxischiphol.nl\/#primaryimage"},"thumbnailUrl":"https:\/\/easytaxischiphol.nl\/wp-content\/uploads\/2025\/03\/1.png","datePublished":"2017-02-03T18:03:48+00:00","dateModified":"2025-07-18T10:57:46+00:00","description":"Schipholtaxi voor slechts 77,50 nergens goedkoper. Boek eenvoudig online bij EasyTaxiSchiphol.nl. 24\/7 service, altijd op tijd, gratis annuleren en betrouwbare\u00a0chauffeurs.","inLanguage":"es","potentialAction":[{"@type":"ReadAction","target":["https:\/\/easytaxischiphol.nl\/"]}]},{"@type":"ImageObject","inLanguage":"es","@id":"https:\/\/easytaxischiphol.nl\/#primaryimage","url":"https:\/\/easytaxischiphol.nl\/wp-content\/uploads\/2025\/03\/1.png","contentUrl":"https:\/\/easytaxischiphol.nl\/wp-content\/uploads\/2025\/03\/1.png"},{"@type":"WebSite","@id":"https:\/\/easytaxischiphol.nl\/#website","url":"https:\/\/easytaxischiphol.nl\/","name":"Easy Taxi","description":"En nog een WordPress site","potentialAction":[{"@type":"SearchAction","target":{"@type":"EntryPoint","urlTemplate":"https:\/\/easytaxischiphol.nl\/?s={search_term_string}"},"query-input":{"@type":"PropertyValueSpecification","valueRequired":true,"valueName":"search_term_string"}}],"inLanguage":"es"}]}},"_links":{"self":[{"href":"https:\/\/easytaxischiphol.nl\/es\/wp-json\/wp\/v2\/pages\/84","targetHints":{"allow":["GET"]}}],"collection":[{"href":"https:\/\/easytaxischiphol.nl\/es\/wp-json\/wp\/v2\/pages"}],"about":[{"href":"https:\/\/easytaxischiphol.nl\/es\/wp-json\/wp\/v2\/types\/page"}],"author":[{"embeddable":true,"href":"https:\/\/easytaxischiphol.nl\/es\/wp-json\/wp\/v2\/users\/1"}],"replies":[{"embeddable":true,"href":"https:\/\/easytaxischiphol.nl\/es\/wp-json\/wp\/v2\/comments?post=84"}],"version-history":[{"count":72,"href":"https:\/\/easytaxischiphol.nl\/es\/wp-json\/wp\/v2\/pages\/84\/revisions"}],"predecessor-version":[{"id":1243,"href":"https:\/\/easytaxischiphol.nl\/es\/wp-json\/wp\/v2\/pages\/84\/revisions\/1243"}],"wp:attachment":[{"href":"https:\/\/easytaxischiphol.nl\/es\/wp-json\/wp\/v2\/media?parent=84"}],"curies":[{"name":"wp","href":"https:\/\/api.w.org\/{rel}","templated":true}]}}